{"id":107394,"date":"2026-04-15T09:32:17","date_gmt":"2026-04-15T09:32:17","guid":{"rendered":"https:\/\/e.kosmolat.eu\/product\/bradoline-sana-kaju-puder-bez-talka-augu-speks-100-g\/"},"modified":"2026-04-15T09:32:30","modified_gmt":"2026-04-15T09:32:30","slug":"bradoline-sana-kaju-puder-bez-talka-augu-speks-100-g","status":"publish","type":"product","link":"https:\/\/e.kosmolat.eu\/lv\/product\/bradoline-sana-kaju-puder-bez-talka-augu-speks-100-g\/","title":{"rendered":"Bradoline Sana K\u0101ju p\u016bder. bez talka Augu sp\u0113ks, 100 g"},"content":{"rendered":"<p>Satur antiperspirantu, nomierino\u0161u \u0101rstniec\u012bbas izopa ekstraktu un citronz\u0101les e\u013c\u013cu. Dezodor\u0113jo\u0161s l\u012bdzeklis, kas absorb\u0113 smakas, kopj \u0101du un uztur k\u0101jas sausas.<\/p>\n<p>Br\u012bdin\u0101jums: Izvairieties no p\u016bdera ieelpo\u0161anas!<\/p>\n","protected":false},"excerpt":{"rendered":"<p>Satur antiperspirantu, nomierino\u0161u \u0101rstniec\u012bbas izopa ekstraktu un citronz\u0101les e\u013c\u013cu. Dezodor\u0113jo\u0161s l\u012bdzeklis, kas absorb\u0113 smakas, kopj \u0101du un uztur k\u0101jas sausas. Br\u012bdin\u0101jums: Izvairieties no p\u016bdera ieelpo\u0161anas!<\/p>\n","protected":false},"featured_media":107398,"template":"","meta":[],"product_cat":[1761],"product_tag":[],"class_list":{"0":"post-107394","1":"product","2":"type-product","3":"status-publish","4":"has-post-thumbnail","6":"product_brand-florin_hu","7":"product_cat-kaju-kopsanas-kosmetika","9":"first","10":"instock","11":"taxable","12":"shipping-taxable","13":"product-type-simple"},"_links":{"self":[{"href":"https:\/\/e.kosmolat.eu\/lv\/wp-json\/wp\/v2\/product\/107394","targetHints":{"allow":["GET"]}}],"collection":[{"href":"https:\/\/e.kosmolat.eu\/lv\/wp-json\/wp\/v2\/product"}],"about":[{"href":"https:\/\/e.kosmolat.eu\/lv\/wp-json\/wp\/v2\/types\/product"}],"wp:featuredmedia":[{"embeddable":true,"href":"https:\/\/e.kosmolat.eu\/lv\/wp-json\/wp\/v2\/media\/107398"}],"wp:attachment":[{"href":"https:\/\/e.kosmolat.eu\/lv\/wp-json\/wp\/v2\/media?parent=107394"}],"wp:term":[{"taxonomy":"product_cat","embeddable":true,"href":"https:\/\/e.kosmolat.eu\/lv\/wp-json\/wp\/v2\/product_cat?post=107394"},{"taxonomy":"product_tag","embeddable":true,"href":"https:\/\/e.kosmolat.eu\/lv\/wp-json\/wp\/v2\/product_tag?post=107394"}],"curies":[{"name":"wp","href":"https:\/\/api.w.org\/{rel}","templated":true}]}}