{"id":107386,"date":"2026-04-15T09:31:58","date_gmt":"2026-04-15T09:31:58","guid":{"rendered":"https:\/\/e.kosmolat.eu\/product\/bradoline-sana-kaju-kops-krems-3-in-1-augu-speks-100-ml\/"},"modified":"2026-04-15T09:32:12","modified_gmt":"2026-04-15T09:32:12","slug":"bradoline-sana-kaju-kops-krems-3-in-1-augu-speks-100-ml","status":"publish","type":"product","link":"https:\/\/e.kosmolat.eu\/lv\/product\/bradoline-sana-kaju-kops-krems-3-in-1-augu-speks-100-ml\/","title":{"rendered":"Bradoline Sana K\u0101ju kop\u0161. kr\u0113ms 3 in 1 Augu sp\u0113ks, 100 ml"},"content":{"rendered":"<p>Mitrina, baro un pal\u012bdz nov\u0113rst nepat\u012bkamu smaku.<\/p>\n<p>Ar augu akt\u012bvaj\u0101m sast\u0101vda\u013c\u0101m bag\u0101tais Sana 3 in 1 k\u0101ju ir ieteicams ikdienas p\u0113du \u0101das kop\u0161anai. Sausa p\u0113du \u0101da k\u013c\u016bst mitrin\u0101ta un maiga, pateicoties ur\u012bnvielas un barojo\u0161o akt\u012bvo sast\u0101vda\u013cu saturam. Kr\u0113ma formula neatst\u0101j taukainu sl\u0101ni un labi ies\u016bcas. Tas pal\u012bdz samazin\u0101t sv\u012b\u0161anu, nov\u0113r\u0161 nepat\u012bkamu smaku un pateicoties \u0113teriskaj\u0101m e\u013c\u013c\u0101m pastiprina dezodor\u0113jo\u0161o efektu.<\/p>\n<p>Lieto\u0161ana: Uzkl\u0101jiet kr\u0113mu uz t\u012bras p\u0113du \u0101das un r\u016bp\u012bgi iemas\u0113jiet, \u012bpa\u0161u uzman\u012bbu piev\u0113r\u0161ot viet\u0101m starp pirkstiem.<\/p>\n","protected":false},"excerpt":{"rendered":"<p>Mitrina, baro un pal\u012bdz nov\u0113rst nepat\u012bkamu smaku. Ar augu akt\u012bvaj\u0101m sast\u0101vda\u013c\u0101m bag\u0101tais Sana 3 in 1 k\u0101ju ir ieteicams ikdienas p\u0113du \u0101das kop\u0161anai. Sausa p\u0113du \u0101da k\u013c\u016bst mitrin\u0101ta un maiga, pateicoties ur\u012bnvielas un barojo\u0161o akt\u012bvo sast\u0101vda\u013cu saturam. Kr\u0113ma formula neatst\u0101j taukainu sl\u0101ni un labi ies\u016bcas. Tas pal\u012bdz samazin\u0101t sv\u012b\u0161anu, nov\u0113r\u0161 nepat\u012bkamu smaku un pateicoties \u0113teriskaj\u0101m [&#8230;]\n","protected":false},"featured_media":107390,"template":"","meta":[],"product_cat":[1761],"product_tag":[],"class_list":{"0":"post-107386","1":"product","2":"type-product","3":"status-publish","4":"has-post-thumbnail","6":"product_brand-florin_hu","7":"product_cat-kaju-kopsanas-kosmetika","9":"first","10":"instock","11":"taxable","12":"shipping-taxable","13":"product-type-simple"},"_links":{"self":[{"href":"https:\/\/e.kosmolat.eu\/lv\/wp-json\/wp\/v2\/product\/107386","targetHints":{"allow":["GET"]}}],"collection":[{"href":"https:\/\/e.kosmolat.eu\/lv\/wp-json\/wp\/v2\/product"}],"about":[{"href":"https:\/\/e.kosmolat.eu\/lv\/wp-json\/wp\/v2\/types\/product"}],"wp:featuredmedia":[{"embeddable":true,"href":"https:\/\/e.kosmolat.eu\/lv\/wp-json\/wp\/v2\/media\/107390"}],"wp:attachment":[{"href":"https:\/\/e.kosmolat.eu\/lv\/wp-json\/wp\/v2\/media?parent=107386"}],"wp:term":[{"taxonomy":"product_cat","embeddable":true,"href":"https:\/\/e.kosmolat.eu\/lv\/wp-json\/wp\/v2\/product_cat?post=107386"},{"taxonomy":"product_tag","embeddable":true,"href":"https:\/\/e.kosmolat.eu\/lv\/wp-json\/wp\/v2\/product_tag?post=107386"}],"curies":[{"name":"wp","href":"https:\/\/api.w.org\/{rel}","templated":true}]}}