{"id":107325,"date":"2026-04-15T05:51:03","date_gmt":"2026-04-15T05:51:03","guid":{"rendered":"https:\/\/e.kosmolat.eu\/product\/pl-pienins-kosmet-nonems-visiem-adas-tip-100-ml\/"},"modified":"2026-04-17T05:57:29","modified_gmt":"2026-04-17T05:57:29","slug":"pl-pienins-kosmet-nonems-visiem-adas-tip-100-ml","status":"publish","type":"product","link":"https:\/\/e.kosmolat.eu\/lv\/product\/pl-pienins-kosmet-nonems-visiem-adas-tip-100-ml\/","title":{"rendered":"PL Pieni\u0146\u0161 kosm\u0113t. no\u0146em\u0161. visiem \u0101das tip., 100 ml"},"content":{"rendered":"<p>Ar br\u016bkle\u0146u ekstraktu. Baro\u0161ana un tvirtums. Satur Nature Plus 5 ekstraktu un e\u013c\u013cu esenci (verbenas un peonijas ekstrakti, mande\u013cu, lins\u0113klu e\u013c\u013cas un ol\u012bve\u013c\u013ca). Br\u016bkle\u0146u ekstrakts nov\u0113r\u0161 \u0101das tvirtuma zudumu. <\/p>\n<p>Lieto\u0161ana: uzkl\u0101t pieni\u0146u uz vates diska un ar viegl\u0101m kust\u012bb\u0101m att\u012br\u012bt \u0101du. Nav j\u0101noskalo. Nav \u0101rstniecisks l\u012bdzeklis. Tikai \u0101r\u012bgai lieto\u0161anai. P\u0113c atv\u0113r\u0161anas izlietot 12 m\u0113n. laik\u0101. <\/p>\n<p>Uzglab\u0101\u0161anas temperat\u016bra: no +5 \u00b0C l\u012bdz +25 \u00b0C.<\/p>\n","protected":false},"excerpt":{"rendered":"<p>Ar br\u016bkle\u0146u ekstraktu. Baro\u0161ana un tvirtums. Satur Nature Plus 5 ekstraktu un e\u013c\u013cu esenci (verbenas un peonijas ekstrakti, mande\u013cu, lins\u0113klu e\u013c\u013cas un ol\u012bve\u013c\u013ca). Br\u016bkle\u0146u ekstrakts nov\u0113r\u0161 \u0101das tvirtuma zudumu. Lieto\u0161ana: uzkl\u0101t pieni\u0146u uz vates diska un ar viegl\u0101m kust\u012bb\u0101m att\u012br\u012bt \u0101du. Nav j\u0101noskalo. Nav \u0101rstniecisks l\u012bdzeklis. Tikai \u0101r\u012bgai lieto\u0161anai. P\u0113c atv\u0113r\u0161anas izlietot 12 m\u0113n. laik\u0101. [&#8230;]\n","protected":false},"featured_media":107329,"template":"","meta":[],"product_cat":[1572],"product_tag":[],"class_list":{"0":"post-107325","1":"product","2":"type-product","3":"status-publish","4":"has-post-thumbnail","6":"product_brand-private-label","7":"product_cat-pienini-un-ellas","9":"first","10":"instock","11":"taxable","12":"shipping-taxable","13":"product-type-simple"},"_links":{"self":[{"href":"https:\/\/e.kosmolat.eu\/lv\/wp-json\/wp\/v2\/product\/107325","targetHints":{"allow":["GET"]}}],"collection":[{"href":"https:\/\/e.kosmolat.eu\/lv\/wp-json\/wp\/v2\/product"}],"about":[{"href":"https:\/\/e.kosmolat.eu\/lv\/wp-json\/wp\/v2\/types\/product"}],"wp:featuredmedia":[{"embeddable":true,"href":"https:\/\/e.kosmolat.eu\/lv\/wp-json\/wp\/v2\/media\/107329"}],"wp:attachment":[{"href":"https:\/\/e.kosmolat.eu\/lv\/wp-json\/wp\/v2\/media?parent=107325"}],"wp:term":[{"taxonomy":"product_cat","embeddable":true,"href":"https:\/\/e.kosmolat.eu\/lv\/wp-json\/wp\/v2\/product_cat?post=107325"},{"taxonomy":"product_tag","embeddable":true,"href":"https:\/\/e.kosmolat.eu\/lv\/wp-json\/wp\/v2\/product_tag?post=107325"}],"curies":[{"name":"wp","href":"https:\/\/api.w.org\/{rel}","templated":true}]}}