{"id":107321,"date":"2026-04-14T16:23:28","date_gmt":"2026-04-14T16:23:28","guid":{"rendered":"https:\/\/e.kosmolat.eu\/product\/ip-scalp-care-sampuns-matu-atjaunosanai-250-ml\/"},"modified":"2026-04-24T06:29:57","modified_gmt":"2026-04-24T06:29:57","slug":"ip-scalp-care-sampuns-matu-atjaunosanai-250-ml","status":"publish","type":"product","link":"https:\/\/e.kosmolat.eu\/lv\/product\/ip-scalp-care-sampuns-matu-atjaunosanai-250-ml\/","title":{"rendered":"IP Scalp Care \u0161amp\u016bns matu atjauno\u0161anai, 250 ml"},"content":{"rendered":"<p>\u0160amp\u016bns, kas veicina jaunu matu aug\u0161anu.<br \/>\nFormula ar kofe\u012bnu, niacinam\u012bdu un cinku, kas att\u012bra un baro galvas \u0101du. Kofe\u012bns stimul\u0113 matu folikulus un veicina jaunu matu aug\u0161anu. \u0160amp\u016bnam piem\u012bt sp\u0113c\u012bga barojo\u0161a iedarb\u012bba, tas uzlabo matu vitalit\u0101ti, apjomu un bl\u012bvumu. Regul\u0101ra lieto\u0161ana aizsarg\u0101 galvas \u0101du un matus no br\u012bvajiem radik\u0101\u013ciem un oksidat\u012bv\u0101 stresa.<\/p>\n<p>Lieto\u0161ana:<br \/>\nUzkl\u0101jiet nelielu daudzumu \u0161amp\u016bna uz mitriem matiem un galvas \u0101das, iemas\u0113jiet, l\u012bdz veidojas putas, p\u0113c tam noskalojiet. Lieto\u0161anai ikdien\u0101.<\/p>\n<p>Br\u012bdin\u0101jums:<br \/>\nTikai \u0101r\u0113jai lieto\u0161anai. Izvairieties no saskares ar ac\u012bm. Ja produkts nok\u013c\u016bst ac\u012bs, r\u016bp\u012bgi izskalojiet ar \u016bdeni.<\/p>\n","protected":false},"excerpt":{"rendered":"<p>\u0160amp\u016bns, kas veicina jaunu matu aug\u0161anu. Formula ar kofe\u012bnu, niacinam\u012bdu un cinku, kas att\u012bra un baro galvas \u0101du. Kofe\u012bns stimul\u0113 matu folikulus un veicina jaunu matu aug\u0161anu. \u0160amp\u016bnam piem\u012bt sp\u0113c\u012bga barojo\u0161a iedarb\u012bba, tas uzlabo matu vitalit\u0101ti, apjomu un bl\u012bvumu. Regul\u0101ra lieto\u0161ana aizsarg\u0101 galvas \u0101du un matus no br\u012bvajiem radik\u0101\u013ciem un oksidat\u012bv\u0101 stresa. Lieto\u0161ana: Uzkl\u0101jiet nelielu [&#8230;]\n","protected":false},"featured_media":0,"template":"","meta":[],"product_cat":[1248],"product_tag":[],"class_list":{"0":"post-107321","1":"product","2":"type-product","3":"status-publish","5":"product_brand-rubella-bg","6":"product_cat-sampuni","8":"first","9":"instock","10":"taxable","11":"shipping-taxable","12":"product-type-simple"},"_links":{"self":[{"href":"https:\/\/e.kosmolat.eu\/lv\/wp-json\/wp\/v2\/product\/107321","targetHints":{"allow":["GET"]}}],"collection":[{"href":"https:\/\/e.kosmolat.eu\/lv\/wp-json\/wp\/v2\/product"}],"about":[{"href":"https:\/\/e.kosmolat.eu\/lv\/wp-json\/wp\/v2\/types\/product"}],"wp:attachment":[{"href":"https:\/\/e.kosmolat.eu\/lv\/wp-json\/wp\/v2\/media?parent=107321"}],"wp:term":[{"taxonomy":"product_cat","embeddable":true,"href":"https:\/\/e.kosmolat.eu\/lv\/wp-json\/wp\/v2\/product_cat?post=107321"},{"taxonomy":"product_tag","embeddable":true,"href":"https:\/\/e.kosmolat.eu\/lv\/wp-json\/wp\/v2\/product_tag?post=107321"}],"curies":[{"name":"wp","href":"https:\/\/api.w.org\/{rel}","templated":true}]}}