{"id":107305,"date":"2026-04-14T15:47:48","date_gmt":"2026-04-14T15:47:48","guid":{"rendered":"https:\/\/e.kosmolat.eu\/product\/ecl-organic-avocado-kaju-krems-100-ml\/"},"modified":"2026-04-17T10:07:30","modified_gmt":"2026-04-17T10:07:30","slug":"ecl-organic-avocado-kaju-krems-100-ml","status":"publish","type":"product","link":"https:\/\/e.kosmolat.eu\/lv\/product\/ecl-organic-avocado-kaju-krems-100-ml\/","title":{"rendered":"ECL Organic Avocado K\u0101ju kr\u0113ms, 100 ml"},"content":{"rendered":"<p>ECOLATIER\u00ae Organic Avocado k\u0101ju kr\u0113ms baro un pal\u012bdz nov\u0113rst \u0101das sausumu un raupjumu. \u0100da k\u013c\u016bst z\u012bdaini gluda un labi mitrin\u0101ta. Piem\u0113rots visiem \u0101das tipiem, satur dro\u0161as sast\u0101vda\u013cas un ir piem\u0113rots veg\u0101niem.<\/p>\n<p>Organisk\u0101 sast\u0101vda\u013ca:<br \/>\nOrganisk\u0101 auksti spiest\u0101 avokado e\u013c\u013ca satur vitam\u012bnus un antioksidantus, stimul\u0113 kolag\u0113na veido\u0161anos un atjauno \u0101das barjeras funkcijas. T\u0101 ir bag\u0101ta ar B, D, E un F vitam\u012bniem, k\u0101 ar\u012b nepies\u0101tin\u0101taj\u0101m tauksk\u0101b\u0113m, efekt\u012bvi baro \u0101du, nov\u0113r\u0161 sausumu un pie\u0161\u0137ir ilgsto\u0161u maigumu.<\/p>\n<p>Akt\u012bv\u0101s sast\u0101vda\u013cas:<br \/>\n\u2022 Kakao sviests lieliski baro un m\u012bkstina \u0101du, nodro\u0161ina ide\u0101lu kop\u0161anu un aizsardz\u012bbu<br \/>\n\u2022 T\u0113jas koka e\u013c\u013ca ir paz\u012bstama ar savu att\u012bro\u0161o un toniz\u0113jo\u0161o iedarb\u012bbu<br \/>\n\u2022 Rozmar\u012bna e\u013c\u013ca m\u012bkstina \u0101du, dzi\u013ci mitrina un rada p\u012blinga efektu<\/p>\n<p>Lieto\u0161ana:<br \/>\nUzkl\u0101jiet uz t\u012bras \u0101das un iemas\u0113jiet, l\u012bdz l\u012bdzeklis piln\u012bb\u0101 ies\u016bcies. Tikai \u0101r\u012bgai lieto\u0161anai.<\/p>\n","protected":false},"excerpt":{"rendered":"<p>ECOLATIER\u00ae Organic Avocado k\u0101ju kr\u0113ms baro un pal\u012bdz nov\u0113rst \u0101das sausumu un raupjumu. \u0100da k\u013c\u016bst z\u012bdaini gluda un labi mitrin\u0101ta. Piem\u0113rots visiem \u0101das tipiem, satur dro\u0161as sast\u0101vda\u013cas un ir piem\u0113rots veg\u0101niem. Organisk\u0101 sast\u0101vda\u013ca: Organisk\u0101 auksti spiest\u0101 avokado e\u013c\u013ca satur vitam\u012bnus un antioksidantus, stimul\u0113 kolag\u0113na veido\u0161anos un atjauno \u0101das barjeras funkcijas. T\u0101 ir bag\u0101ta ar B, [&#8230;]\n","protected":false},"featured_media":0,"template":"","meta":[],"product_cat":[1763],"product_tag":[],"class_list":{"0":"post-107305","1":"product","2":"type-product","3":"status-publish","5":"product_brand-ecolab_cs","6":"product_cat-koju-prieziuros-kosmetika","8":"first","9":"instock","10":"taxable","11":"shipping-taxable","12":"product-type-simple"},"_links":{"self":[{"href":"https:\/\/e.kosmolat.eu\/lv\/wp-json\/wp\/v2\/product\/107305","targetHints":{"allow":["GET"]}}],"collection":[{"href":"https:\/\/e.kosmolat.eu\/lv\/wp-json\/wp\/v2\/product"}],"about":[{"href":"https:\/\/e.kosmolat.eu\/lv\/wp-json\/wp\/v2\/types\/product"}],"wp:attachment":[{"href":"https:\/\/e.kosmolat.eu\/lv\/wp-json\/wp\/v2\/media?parent=107305"}],"wp:term":[{"taxonomy":"product_cat","embeddable":true,"href":"https:\/\/e.kosmolat.eu\/lv\/wp-json\/wp\/v2\/product_cat?post=107305"},{"taxonomy":"product_tag","embeddable":true,"href":"https:\/\/e.kosmolat.eu\/lv\/wp-json\/wp\/v2\/product_tag?post=107305"}],"curies":[{"name":"wp","href":"https:\/\/api.w.org\/{rel}","templated":true}]}}