{"id":107301,"date":"2026-04-14T15:32:34","date_gmt":"2026-04-14T15:32:34","guid":{"rendered":"https:\/\/e.kosmolat.eu\/product\/ecl-organic-avocado-roku-krems-maska-100-ml\/"},"modified":"2026-04-20T07:33:44","modified_gmt":"2026-04-20T07:33:44","slug":"ecl-organic-avocado-roku-krems-maska-100-ml","status":"publish","type":"product","link":"https:\/\/e.kosmolat.eu\/lv\/product\/ecl-organic-avocado-roku-krems-maska-100-ml\/","title":{"rendered":"ECL Organic Avocado Roku kr\u0113ms-maska, 100 ml"},"content":{"rendered":"<p>Roku kr\u0113ms-maska ECOLATIER\u00ae Organic Avocado baro un atjauno roku \u0101du un kutikulas, k\u0101 ar\u012b aizsarg\u0101 pret nelabv\u0113l\u012bgiem laikapst\u0101k\u013ciem. \u0100da k\u013c\u016bst z\u012bdaini gluda un labi mitrin\u0101ta. Piem\u0113rota visiem \u0101das tipiem, satur dro\u0161as sast\u0101vda\u013cas un ir piem\u0113rota veg\u0101niem.<\/p>\n<p>Organisk\u0101 sast\u0101vda\u013ca:<br \/>\nOrganisk\u0101 auksti spiest\u0101 avokado e\u013c\u013ca satur vitam\u012bnus un antioksidantus, stimul\u0113 kolag\u0113na veido\u0161anos un atjauno \u0101das barjeras funkcijas. T\u0101 ir bag\u0101ta ar B, D, E un F vitam\u012bniem, k\u0101 ar\u012b nepies\u0101tin\u0101t\u0101m tauksk\u0101b\u0113m, efekt\u012bvi baro \u0101du, nov\u0113r\u0161 sausumu un pie\u0161\u0137ir ilgsto\u0161u maigumu.<\/p>\n<p>Akt\u012bv\u0101s sast\u0101vda\u013cas:<br \/>\n\u2022 Kakao sviests lieliski baro un m\u012bkstina \u0101du. Bag\u0101t\u012bgais biolo\u0123iskais sast\u0101vs nodro\u0161ina ide\u0101lu kop\u0161anu un aizsardz\u012bbu, toniz\u0113 un atjauno elast\u012bbu.<br \/>\n\u2022 Keram\u012bdi intens\u012bvi mitrina, stiprina un atjauno \u0101das aizsargbarjeru, kas nepiecie\u0161ama vesel\u012bgai, mirdzo\u0161ai \u0101dai.<br \/>\n\u2022 Pr\u012bmulas e\u013c\u013ca dzi\u013ci mitrina un m\u012bkstina \u0101du.<\/p>\n<p>Lieto\u0161ana:<br \/>\nUzkl\u0101jiet uz t\u012bras \u0101das un iemas\u0113jiet, l\u012bdz l\u012bdzeklis piln\u012bb\u0101 ies\u016bcies. Nav nepiecie\u0161ams noskalot. Tikai \u0101r\u012bgai lieto\u0161anai.<\/p>\n","protected":false},"excerpt":{"rendered":"<p>Roku kr\u0113ms-maska ECOLATIER\u00ae Organic Avocado baro un atjauno roku \u0101du un kutikulas, k\u0101 ar\u012b aizsarg\u0101 pret nelabv\u0113l\u012bgiem laikapst\u0101k\u013ciem. \u0100da k\u013c\u016bst z\u012bdaini gluda un labi mitrin\u0101ta. Piem\u0113rota visiem \u0101das tipiem, satur dro\u0161as sast\u0101vda\u013cas un ir piem\u0113rota veg\u0101niem. Organisk\u0101 sast\u0101vda\u013ca: Organisk\u0101 auksti spiest\u0101 avokado e\u013c\u013ca satur vitam\u012bnus un antioksidantus, stimul\u0113 kolag\u0113na veido\u0161anos un atjauno \u0101das barjeras funkcijas. [&#8230;]\n","protected":false},"featured_media":0,"template":"","meta":[],"product_cat":[1302],"product_tag":[],"class_list":{"0":"post-107301","1":"product","2":"type-product","3":"status-publish","5":"product_brand-ecolab_cs","6":"product_cat-roku-kopsanas-kosmetika","8":"first","9":"instock","10":"taxable","11":"shipping-taxable","12":"product-type-simple"},"_links":{"self":[{"href":"https:\/\/e.kosmolat.eu\/lv\/wp-json\/wp\/v2\/product\/107301","targetHints":{"allow":["GET"]}}],"collection":[{"href":"https:\/\/e.kosmolat.eu\/lv\/wp-json\/wp\/v2\/product"}],"about":[{"href":"https:\/\/e.kosmolat.eu\/lv\/wp-json\/wp\/v2\/types\/product"}],"wp:attachment":[{"href":"https:\/\/e.kosmolat.eu\/lv\/wp-json\/wp\/v2\/media?parent=107301"}],"wp:term":[{"taxonomy":"product_cat","embeddable":true,"href":"https:\/\/e.kosmolat.eu\/lv\/wp-json\/wp\/v2\/product_cat?post=107301"},{"taxonomy":"product_tag","embeddable":true,"href":"https:\/\/e.kosmolat.eu\/lv\/wp-json\/wp\/v2\/product_tag?post=107301"}],"curies":[{"name":"wp","href":"https:\/\/api.w.org\/{rel}","templated":true}]}}