{"id":107297,"date":"2026-04-14T15:32:18","date_gmt":"2026-04-14T15:32:18","guid":{"rendered":"https:\/\/e.kosmolat.eu\/product\/ecl-organic-avocado-roku-krems-100-ml\/"},"modified":"2026-04-20T07:33:34","modified_gmt":"2026-04-20T07:33:34","slug":"ecl-organic-avocado-roku-krems-100-ml","status":"publish","type":"product","link":"https:\/\/e.kosmolat.eu\/lv\/product\/ecl-organic-avocado-roku-krems-100-ml\/","title":{"rendered":"ECL Organic Avocado Roku kr\u0113ms, 100 ml"},"content":{"rendered":"<p>ECOLATIER\u00ae Organic Avocado roku kr\u0113ms baro un atjauno roku \u0101du un kutikulas, k\u0101 ar\u012b aizsarg\u0101 pret nelabv\u0113l\u012bgiem laikapst\u0101k\u013ciem. \u0100da k\u013c\u016bst z\u012bdaini gluda un labi mitrin\u0101ta. Piem\u0113rots visiem \u0101das tipiem, satur dro\u0161as sast\u0101vda\u013cas un ir piem\u0113rots veg\u0101niem.<\/p>\n<p>Organisk\u0101 sast\u0101vda\u013ca:<br \/>\nOrganisk\u0101 auksti spiesta avokado e\u013c\u013ca satur vitam\u012bnus un antioksidantus, stimul\u0113 kolag\u0113na veido\u0161anos un atjauno \u0101das barjerfunkcijas. T\u0101 ir bag\u0101ta ar B, D, E un F vitam\u012bniem, k\u0101 ar\u012b nepies\u0101tin\u0101taj\u0101m tauksk\u0101b\u0113m, efekt\u012bvi baro \u0101du, nov\u0113r\u0161 sausumu un pie\u0161\u0137ir ilgsto\u0161u maigumu.<\/p>\n<p>Akt\u012bv\u0101s sast\u0101vda\u013cas:<br \/>\n\u2022 Pantenols \u0101tri nomierina un atjauno \u013coti sausu \u0101du. Tam ir akt\u012bva re\u0123ener\u0113jo\u0161a, mitrino\u0161a un izl\u012bdzino\u0161a iedarb\u012bba uz \u0101du, k\u0101 ar\u012b tas nov\u0113r\u0161 saules, sala un v\u0113ja rad\u012btos boj\u0101jumus.<br \/>\n\u2022 Keram\u012bdi intens\u012bvi mitrina, stiprina un atjauno \u0101das aizsargbarjeru, kas nepiecie\u0161ama vesel\u012bgai, mirdzo\u0161ai \u0101dai.<br \/>\n\u2022 Hibiska ekstrakts mitrina un m\u012bkstina \u0101du.<\/p>\n<p>Lieto\u0161ana:<br \/>\nUzkl\u0101jiet uz t\u012bras \u0101das un iemas\u0113jiet, l\u012bdz piln\u012bb\u0101 ies\u016bcas. Tikai \u0101r\u012bgai lieto\u0161anai.<\/p>\n","protected":false},"excerpt":{"rendered":"<p>ECOLATIER\u00ae Organic Avocado roku kr\u0113ms baro un atjauno roku \u0101du un kutikulas, k\u0101 ar\u012b aizsarg\u0101 pret nelabv\u0113l\u012bgiem laikapst\u0101k\u013ciem. \u0100da k\u013c\u016bst z\u012bdaini gluda un labi mitrin\u0101ta. Piem\u0113rots visiem \u0101das tipiem, satur dro\u0161as sast\u0101vda\u013cas un ir piem\u0113rots veg\u0101niem. Organisk\u0101 sast\u0101vda\u013ca: Organisk\u0101 auksti spiesta avokado e\u013c\u013ca satur vitam\u012bnus un antioksidantus, stimul\u0113 kolag\u0113na veido\u0161anos un atjauno \u0101das barjerfunkcijas. T\u0101 [&#8230;]\n","protected":false},"featured_media":0,"template":"","meta":[],"product_cat":[1304],"product_tag":[],"class_list":{"0":"post-107297","1":"product","2":"type-product","3":"status-publish","5":"product_brand-ecolab_cs","6":"product_cat-ranku-prieziuros-kosmetika","8":"first","9":"instock","10":"taxable","11":"shipping-taxable","12":"product-type-simple"},"_links":{"self":[{"href":"https:\/\/e.kosmolat.eu\/lv\/wp-json\/wp\/v2\/product\/107297","targetHints":{"allow":["GET"]}}],"collection":[{"href":"https:\/\/e.kosmolat.eu\/lv\/wp-json\/wp\/v2\/product"}],"about":[{"href":"https:\/\/e.kosmolat.eu\/lv\/wp-json\/wp\/v2\/types\/product"}],"wp:attachment":[{"href":"https:\/\/e.kosmolat.eu\/lv\/wp-json\/wp\/v2\/media?parent=107297"}],"wp:term":[{"taxonomy":"product_cat","embeddable":true,"href":"https:\/\/e.kosmolat.eu\/lv\/wp-json\/wp\/v2\/product_cat?post=107297"},{"taxonomy":"product_tag","embeddable":true,"href":"https:\/\/e.kosmolat.eu\/lv\/wp-json\/wp\/v2\/product_tag?post=107297"}],"curies":[{"name":"wp","href":"https:\/\/api.w.org\/{rel}","templated":true}]}}