{"id":107293,"date":"2026-04-14T15:30:35","date_gmt":"2026-04-14T15:30:35","guid":{"rendered":"https:\/\/e.kosmolat.eu\/product\/ecl-organic-argana-ella-matiem-200-ml\/"},"modified":"2026-04-24T05:26:51","modified_gmt":"2026-04-24T05:26:51","slug":"ecl-organic-argana-ella-matiem-200-ml","status":"publish","type":"product","link":"https:\/\/e.kosmolat.eu\/lv\/product\/ecl-organic-argana-ella-matiem-200-ml\/","title":{"rendered":"ECL Organic Argana E\u013c\u013ca matiem, 200 ml"},"content":{"rendered":"<p>Matu atjaunojo\u0161\u0101 e\u013c\u013ca ECOLATIER\u00ae Organic Argan ir \u012bpa\u0161i rad\u012bta, lai atjaunotu sausus matus un \u0161\u0137eltos gali\u0146us. Bag\u0101ta ar biolo\u0123isko augu bar\u012bbas viel\u0101m, t\u0101 ies\u016bcas matu strukt\u016br\u0101, baro ar mikroelementiem un vitam\u012bniem, efekt\u012bvi atjauno matus vis\u0101 garum\u0101, aizsarg\u0101 pret l\u016b\u0161anu un pie\u0161\u0137ir elast\u012bbu. Dro\u0161a visiem matu tipiem, satur nekait\u012bgas sast\u0101vda\u013cas un ir piem\u0113rota veg\u0101niem.<\/p>\n<p>Organisk\u0101 sast\u0101vda\u013ca:<br \/>\nOrganisk\u0101 argana e\u013c\u013ca ir auksti spiesta un piln\u012bgi t\u012bra, bez jebk\u0101du \u0137\u012bmisko vielu vai m\u0101ksl\u012bgu sast\u0101vda\u013cu piedev\u0101m. T\u0101 ir bag\u0101ta ar nepies\u0101tin\u0101t\u0101m tauksk\u0101b\u0113m un E vitam\u012bnu, kas veicina matu un galvas \u0101das vesel\u012bbu. Atjauno nov\u0101jin\u0101tus, sausus matus, padarot tos vesel\u012bgus un sp\u012bd\u012bgus.<\/p>\n<p>Akt\u012bv\u0101s sast\u0101vda\u013cas:<br \/>\n\u2022 Mande\u013cu e\u013c\u013ca dzi\u013ci atjauno matu strukt\u016bru no sakn\u0113m l\u012bdz galiem, mitrina un ir bag\u0101tin\u0101ta ar vitam\u012bniem<br \/>\n\u2022 Makadamijas e\u013c\u013ca uztur \u0161\u016bnu aizsargbarjeru, baro galvas \u0101du un matus, saglab\u0101 mitrumu un palielina matu elast\u012bbu<br \/>\n\u2022 Biolip\u012bdu komplekss atjauno mikrobiotas l\u012bdzsvaru un veicina vesel\u012bgas galvas \u0101das mikrofloras dz\u012bvotsp\u0113ju. Mati k\u013c\u016bst viegli \u0137emm\u0113jami, gludi un ieg\u016bst vesel\u012bgu sp\u012bdumu<\/p>\n<p>Lieto\u0161ana:<br \/>\nLai pan\u0101ktu dzi\u013cu atjaunojo\u0161u efektu, uzkl\u0101jiet nelielu daudzumu uz matiem un galvas \u0101das, mas\u0113jiet 2 min\u016btes. Uzvelciet du\u0161as cepuri un apsieniet dvieli. \u013baujiet iedarboties 2\u20133 stundas vai visu nakti. R\u016bp\u012bgi izmazg\u0101jiet matus ar \u0161amp\u016bnu. Tikai \u0101r\u012bgai lieto\u0161anai.<\/p>\n","protected":false},"excerpt":{"rendered":"<p>Matu atjaunojo\u0161\u0101 e\u013c\u013ca ECOLATIER\u00ae Organic Argan ir \u012bpa\u0161i rad\u012bta, lai atjaunotu sausus matus un \u0161\u0137eltos gali\u0146us. Bag\u0101ta ar biolo\u0123isko augu bar\u012bbas viel\u0101m, t\u0101 ies\u016bcas matu strukt\u016br\u0101, baro ar mikroelementiem un vitam\u012bniem, efekt\u012bvi atjauno matus vis\u0101 garum\u0101, aizsarg\u0101 pret l\u016b\u0161anu un pie\u0161\u0137ir elast\u012bbu. Dro\u0161a visiem matu tipiem, satur nekait\u012bgas sast\u0101vda\u013cas un ir piem\u0113rota veg\u0101niem. Organisk\u0101 sast\u0101vda\u013ca: [&#8230;]\n","protected":false},"featured_media":0,"template":"","meta":[],"product_cat":[1343],"product_tag":[],"class_list":{"0":"post-107293","1":"product","2":"type-product","3":"status-publish","5":"product_brand-ecolab_cs","6":"product_cat-citi-matu-kopsanas-produkti","8":"first","9":"instock","10":"taxable","11":"shipping-taxable","12":"product-type-simple"},"_links":{"self":[{"href":"https:\/\/e.kosmolat.eu\/lv\/wp-json\/wp\/v2\/product\/107293","targetHints":{"allow":["GET"]}}],"collection":[{"href":"https:\/\/e.kosmolat.eu\/lv\/wp-json\/wp\/v2\/product"}],"about":[{"href":"https:\/\/e.kosmolat.eu\/lv\/wp-json\/wp\/v2\/types\/product"}],"wp:attachment":[{"href":"https:\/\/e.kosmolat.eu\/lv\/wp-json\/wp\/v2\/media?parent=107293"}],"wp:term":[{"taxonomy":"product_cat","embeddable":true,"href":"https:\/\/e.kosmolat.eu\/lv\/wp-json\/wp\/v2\/product_cat?post=107293"},{"taxonomy":"product_tag","embeddable":true,"href":"https:\/\/e.kosmolat.eu\/lv\/wp-json\/wp\/v2\/product_tag?post=107293"}],"curies":[{"name":"wp","href":"https:\/\/api.w.org\/{rel}","templated":true}]}}