{"id":107289,"date":"2026-04-14T15:30:19","date_gmt":"2026-04-14T15:30:19","guid":{"rendered":"https:\/\/e.kosmolat.eu\/product\/ecl-mommy-baby-bernu-krems-ar-pantenolu-0-100-ml\/"},"modified":"2026-04-20T07:31:41","modified_gmt":"2026-04-20T07:31:41","slug":"ecl-mommy-baby-bernu-krems-ar-pantenolu-0-100-ml","status":"publish","type":"product","link":"https:\/\/e.kosmolat.eu\/lv\/product\/ecl-mommy-baby-bernu-krems-ar-pantenolu-0-100-ml\/","title":{"rendered":"ECL Mommy &#038; Baby B\u0113rnu kr\u0113ms ar pantenolu 0+, 100 ml"},"content":{"rendered":"<p>\u201eMommy &#038; Baby\u201c dienas kr\u0113ms ar pantenolu ir \u012bpa\u0161i rad\u012bts mazu\u013ca \u0101das kop\u0161anai, k\u0101 ar\u012b pal\u012bdz m\u0101mi\u0146\u0101m nov\u0113rst sausumu, niezi un pl\u012bsumus kr\u016b\u0161u galos, ko izraisa z\u012bd\u012b\u0161ana. Dab\u012bgais kli\u0146\u0123er\u012b\u0161u ekstrakts, kura iedarb\u012bbu pastiprina m\u012bkstino\u0161\u0101 mande\u013cu e\u013c\u013ca, labv\u0113l\u012bgi iedarbojas uz jut\u012bgo \u0101du. T\u012br\u0101 formula samazina aler\u0123isko reakciju risku.<\/p>\n<p>Sast\u0101vda\u013cas, par kur\u0101m nav j\u0101uztraucas:<br \/>\n\u2022 Biolo\u0123iskais kumel\u012b\u0161u ekstrakts mazina iekaisumu un nov\u0113r\u0161 \u0101das kairin\u0101jumu<br \/>\n\u2022 Kli\u0146\u0123er\u012b\u0161u ekstrakts dzied\u0113, nomierina un intens\u012bvi mitrina \u0101du<br \/>\n\u2022 D-pantenols dzied\u0113 \u0101das kairin\u0101jumus un pl\u012bsumus, nov\u0113r\u0161 sausumu un uzlabo \u0101das barjeras funkcijas<\/p>\n<p>Lieto\u0161ana: uzkl\u0101t uz t\u012bras, sausas \u0101das. Tikai \u0101r\u012bgai lieto\u0161anai.<\/p>\n","protected":false},"excerpt":{"rendered":"<p>\u201eMommy &#038; Baby\u201c dienas kr\u0113ms ar pantenolu ir \u012bpa\u0161i rad\u012bts mazu\u013ca \u0101das kop\u0161anai, k\u0101 ar\u012b pal\u012bdz m\u0101mi\u0146\u0101m nov\u0113rst sausumu, niezi un pl\u012bsumus kr\u016b\u0161u galos, ko izraisa z\u012bd\u012b\u0161ana. Dab\u012bgais kli\u0146\u0123er\u012b\u0161u ekstrakts, kura iedarb\u012bbu pastiprina m\u012bkstino\u0161\u0101 mande\u013cu e\u013c\u013ca, labv\u0113l\u012bgi iedarbojas uz jut\u012bgo \u0101du. T\u012br\u0101 formula samazina aler\u0123isko reakciju risku. Sast\u0101vda\u013cas, par kur\u0101m nav j\u0101uztraucas: \u2022 Biolo\u0123iskais kumel\u012b\u0161u [&#8230;]\n","protected":false},"featured_media":0,"template":"","meta":[],"product_cat":[1361],"product_tag":[],"class_list":{"0":"post-107289","1":"product","2":"type-product","3":"status-publish","5":"product_brand-ecolab_cs","6":"product_cat-adas-kopsanas-kosmetika","8":"first","9":"instock","10":"taxable","11":"shipping-taxable","12":"product-type-simple"},"_links":{"self":[{"href":"https:\/\/e.kosmolat.eu\/lv\/wp-json\/wp\/v2\/product\/107289","targetHints":{"allow":["GET"]}}],"collection":[{"href":"https:\/\/e.kosmolat.eu\/lv\/wp-json\/wp\/v2\/product"}],"about":[{"href":"https:\/\/e.kosmolat.eu\/lv\/wp-json\/wp\/v2\/types\/product"}],"wp:attachment":[{"href":"https:\/\/e.kosmolat.eu\/lv\/wp-json\/wp\/v2\/media?parent=107289"}],"wp:term":[{"taxonomy":"product_cat","embeddable":true,"href":"https:\/\/e.kosmolat.eu\/lv\/wp-json\/wp\/v2\/product_cat?post=107289"},{"taxonomy":"product_tag","embeddable":true,"href":"https:\/\/e.kosmolat.eu\/lv\/wp-json\/wp\/v2\/product_tag?post=107289"}],"curies":[{"name":"wp","href":"https:\/\/api.w.org\/{rel}","templated":true}]}}