{"id":107277,"date":"2026-04-14T13:43:32","date_gmt":"2026-04-14T13:43:32","guid":{"rendered":"https:\/\/e.kosmolat.eu\/product\/ecl-organic-aloe-vera-sejas-sprejs-jut-adai-150-ml\/"},"modified":"2026-04-22T06:12:47","modified_gmt":"2026-04-22T06:12:47","slug":"ecl-organic-aloe-vera-sejas-sprejs-jut-adai-150-ml","status":"publish","type":"product","link":"https:\/\/e.kosmolat.eu\/lv\/product\/ecl-organic-aloe-vera-sejas-sprejs-jut-adai-150-ml\/","title":{"rendered":"ECL Organic Aloe Vera Sejas sprejs jut. \u0101dai, 150 ml"},"content":{"rendered":"<p>Satur 100% organisko alvejas sulu un ir ide\u0101li piem\u0113rots jut\u012bgai \u0101dai. Tas dzi\u013ci mitrina, m\u012bkstina un toniz\u0113 \u0101du, padarot to maigu, elast\u012bgu un atjaunotu. Izsmidzin\u0101mais l\u012bdzeklis \u0101tri uzs\u016bcas un uztur dabisko \u0101das pH l\u012bdzsvaru. Ieteicams lietot p\u0113c \u0101das att\u012br\u012b\u0161anas un pirms kr\u0113ma vai maskas uzkl\u0101\u0161anas, lai veicin\u0101tu akt\u012bvo sast\u0101vda\u013cu iek\u013c\u016b\u0161anu \u0101d\u0101. <\/p>\n<p>Organisk\u0101 sast\u0101vda\u013ca: Organisk\u0101 alvejas sula, ieg\u016bta tie\u0161i no auga, ir bag\u0101ta ar vitam\u012bniem, aminosk\u0101b\u0113m, miner\u0101lviel\u0101m, polisahar\u012bdiem un fitonc\u012bdiem, kas stimul\u0113 \u0161\u016bnu atjauno\u0161anos epidermas l\u012bmen\u012b. Efekt\u012bvi mitrina un m\u012bkstina \u0101du.<\/p>\n<p>Akt\u012bv\u0101 sast\u0101vda\u013ca: hialuronsk\u0101be (zemas molekulmasas) \u2013 tai piem\u012bt intens\u012bva mitrino\u0161a un atjaunojo\u0161a iedarb\u012bba, t\u0101 paaugstina \u0101das tvirtumu un elast\u012bbu.<\/p>\n<p>Lieto\u0161ana: Izsmidzin\u0101t uz \u0101das vai uzkl\u0101t ar vates disku. Piem\u0113rots ikdienas lieto\u0161anai. Nav j\u0101noskalo. Iesp\u0113jams dabisks nos\u0113dums. Tikai \u0101r\u012bgai lieto\u0161anai.<\/p>\n","protected":false},"excerpt":{"rendered":"<p>Satur 100% organisko alvejas sulu un ir ide\u0101li piem\u0113rots jut\u012bgai \u0101dai. Tas dzi\u013ci mitrina, m\u012bkstina un toniz\u0113 \u0101du, padarot to maigu, elast\u012bgu un atjaunotu. Izsmidzin\u0101mais l\u012bdzeklis \u0101tri uzs\u016bcas un uztur dabisko \u0101das pH l\u012bdzsvaru. Ieteicams lietot p\u0113c \u0101das att\u012br\u012b\u0161anas un pirms kr\u0113ma vai maskas uzkl\u0101\u0161anas, lai veicin\u0101tu akt\u012bvo sast\u0101vda\u013cu iek\u013c\u016b\u0161anu \u0101d\u0101. Organisk\u0101 sast\u0101vda\u013ca: Organisk\u0101 alvejas [&#8230;]\n","protected":false},"featured_media":107281,"template":"","meta":[],"product_cat":[1597],"product_tag":[],"class_list":{"0":"post-107277","1":"product","2":"type-product","3":"status-publish","4":"has-post-thumbnail","6":"product_brand-ecolab_cs","7":"product_cat-ellas-un-citi-specialie-lidzekli","9":"first","10":"instock","11":"taxable","12":"shipping-taxable","13":"product-type-simple"},"_links":{"self":[{"href":"https:\/\/e.kosmolat.eu\/lv\/wp-json\/wp\/v2\/product\/107277","targetHints":{"allow":["GET"]}}],"collection":[{"href":"https:\/\/e.kosmolat.eu\/lv\/wp-json\/wp\/v2\/product"}],"about":[{"href":"https:\/\/e.kosmolat.eu\/lv\/wp-json\/wp\/v2\/types\/product"}],"wp:featuredmedia":[{"embeddable":true,"href":"https:\/\/e.kosmolat.eu\/lv\/wp-json\/wp\/v2\/media\/107281"}],"wp:attachment":[{"href":"https:\/\/e.kosmolat.eu\/lv\/wp-json\/wp\/v2\/media?parent=107277"}],"wp:term":[{"taxonomy":"product_cat","embeddable":true,"href":"https:\/\/e.kosmolat.eu\/lv\/wp-json\/wp\/v2\/product_cat?post=107277"},{"taxonomy":"product_tag","embeddable":true,"href":"https:\/\/e.kosmolat.eu\/lv\/wp-json\/wp\/v2\/product_tag?post=107277"}],"curies":[{"name":"wp","href":"https:\/\/api.w.org\/{rel}","templated":true}]}}