{"id":107269,"date":"2026-04-14T09:37:24","date_gmt":"2026-04-14T09:37:24","guid":{"rendered":"https:\/\/e.kosmolat.eu\/product\/organic-mimi-organic-shea-butter-coffee-orange-kerm-skrubis-120-g\/"},"modified":"2026-04-17T10:06:51","modified_gmt":"2026-04-17T10:06:51","slug":"organic-mimi-organic-shea-butter-coffee-orange-kerm-skrubis-120-g","status":"publish","type":"product","link":"https:\/\/e.kosmolat.eu\/lv\/product\/organic-mimi-organic-shea-butter-coffee-orange-kerm-skrubis-120-g\/","title":{"rendered":"Organic Mimi Organic Shea Butter, Coffee &#038; Orange \u0137erm.skrubis , 120 g"},"content":{"rendered":"<p>Skrubis, kura sast\u0101v\u0101 ir dabiska malta kafija, cukurs un j\u016bras s\u0101ls, efekt\u012bvi att\u012bra un eksfoli\u0113 \u0101du. Dab\u012bg\u0101 kafija toniz\u0113 \u0101du un darbojas pret celul\u012btu. Biolo\u0123iskais \u0161\u012b sviests atjauno \u0101das aizsargfunkcijas, k\u0101 ar\u012b t\u0101s stingr\u012bbu un elast\u012bbu. Apels\u012bnu e\u013c\u013ca darbojas re\u0123ener\u0113jo\u0161i un toniz\u0113jo\u0161i, nov\u0113r\u0161ot \u201eapels\u012bna mizas\u201d veido\u0161anos.<\/p>\n<p>Lieto\u0161anas instrukcija: uzkl\u0101jiet uz mitras \u0101das, viegli iemas\u0113jiet un noskalojiet ar siltu \u016bdeni. Tikai \u0101r\u0113jai lieto\u0161anai.<\/p>\n","protected":false},"excerpt":{"rendered":"<p>Skrubis, kura sast\u0101v\u0101 ir dabiska malta kafija, cukurs un j\u016bras s\u0101ls, efekt\u012bvi att\u012bra un eksfoli\u0113 \u0101du. Dab\u012bg\u0101 kafija toniz\u0113 \u0101du un darbojas pret celul\u012btu. Biolo\u0123iskais \u0161\u012b sviests atjauno \u0101das aizsargfunkcijas, k\u0101 ar\u012b t\u0101s stingr\u012bbu un elast\u012bbu. Apels\u012bnu e\u013c\u013ca darbojas re\u0123ener\u0113jo\u0161i un toniz\u0113jo\u0161i, nov\u0113r\u0161ot \u201eapels\u012bna mizas\u201d veido\u0161anos. Lieto\u0161anas instrukcija: uzkl\u0101jiet uz mitras \u0101das, viegli iemas\u0113jiet un [&#8230;]\n","protected":false},"featured_media":0,"template":"","meta":[],"product_cat":[1360],"product_tag":[],"class_list":{"0":"post-107269","1":"product","2":"type-product","3":"status-publish","5":"product_brand-ecolab_cs","6":"product_cat-1360","8":"first","9":"instock","10":"taxable","11":"shipping-taxable","12":"product-type-simple"},"_links":{"self":[{"href":"https:\/\/e.kosmolat.eu\/lv\/wp-json\/wp\/v2\/product\/107269","targetHints":{"allow":["GET"]}}],"collection":[{"href":"https:\/\/e.kosmolat.eu\/lv\/wp-json\/wp\/v2\/product"}],"about":[{"href":"https:\/\/e.kosmolat.eu\/lv\/wp-json\/wp\/v2\/types\/product"}],"wp:attachment":[{"href":"https:\/\/e.kosmolat.eu\/lv\/wp-json\/wp\/v2\/media?parent=107269"}],"wp:term":[{"taxonomy":"product_cat","embeddable":true,"href":"https:\/\/e.kosmolat.eu\/lv\/wp-json\/wp\/v2\/product_cat?post=107269"},{"taxonomy":"product_tag","embeddable":true,"href":"https:\/\/e.kosmolat.eu\/lv\/wp-json\/wp\/v2\/product_tag?post=107269"}],"curies":[{"name":"wp","href":"https:\/\/api.w.org\/{rel}","templated":true}]}}