{"id":107257,"date":"2026-04-14T08:26:20","date_gmt":"2026-04-14T08:26:20","guid":{"rendered":"https:\/\/e.kosmolat.eu\/product\/organic-mimi-organic-shea-butter-cherry-kerm-skrubis-120-g\/"},"modified":"2026-04-17T10:07:03","modified_gmt":"2026-04-17T10:07:03","slug":"organic-mimi-organic-shea-butter-cherry-kerm-skrubis-120-g","status":"publish","type":"product","link":"https:\/\/e.kosmolat.eu\/lv\/product\/organic-mimi-organic-shea-butter-cherry-kerm-skrubis-120-g\/","title":{"rendered":"Organic Mimi Organic Shea Butter &#038; Cherry \u0137erm.skrubis, 120 g"},"content":{"rendered":"<p>Skrubis ar cukura un j\u016bras s\u0101ls sast\u0101vu dzi\u013ci att\u012bra un eksfoli\u0113 \u0101du, pie\u0161\u0137irot tai maigumu un gludumu. \u0136ir\u0161u ekstrakts mitrina \u0101du, padarot to samtainu un stingru. Biolo\u0123iskais \u0161\u012b sviests atjauno \u0101das aizsargfunkcijas, elast\u012bbu un stingr\u012bbu.<\/p>\n<p>Lieto\u0161ana: uzkl\u0101jiet uz mitras \u0101das, viegli iemas\u0113jiet un noskalojiet ar siltu \u016bdeni. Tikai \u0101r\u0113jai lieto\u0161anai.<\/p>\n","protected":false},"excerpt":{"rendered":"<p>Skrubis ar cukura un j\u016bras s\u0101ls sast\u0101vu dzi\u013ci att\u012bra un eksfoli\u0113 \u0101du, pie\u0161\u0137irot tai maigumu un gludumu. \u0136ir\u0161u ekstrakts mitrina \u0101du, padarot to samtainu un stingru. Biolo\u0123iskais \u0161\u012b sviests atjauno \u0101das aizsargfunkcijas, elast\u012bbu un stingr\u012bbu. Lieto\u0161ana: uzkl\u0101jiet uz mitras \u0101das, viegli iemas\u0113jiet un noskalojiet ar siltu \u016bdeni. Tikai \u0101r\u0113jai lieto\u0161anai.<\/p>\n","protected":false},"featured_media":0,"template":"","meta":[],"product_cat":[1359],"product_tag":[],"class_list":{"0":"post-107257","1":"product","2":"type-product","3":"status-publish","5":"product_brand-ecolab_cs","6":"product_cat-kuno-sveitikliai-ir-pilingai","8":"first","9":"instock","10":"taxable","11":"shipping-taxable","12":"product-type-simple"},"_links":{"self":[{"href":"https:\/\/e.kosmolat.eu\/lv\/wp-json\/wp\/v2\/product\/107257","targetHints":{"allow":["GET"]}}],"collection":[{"href":"https:\/\/e.kosmolat.eu\/lv\/wp-json\/wp\/v2\/product"}],"about":[{"href":"https:\/\/e.kosmolat.eu\/lv\/wp-json\/wp\/v2\/types\/product"}],"wp:attachment":[{"href":"https:\/\/e.kosmolat.eu\/lv\/wp-json\/wp\/v2\/media?parent=107257"}],"wp:term":[{"taxonomy":"product_cat","embeddable":true,"href":"https:\/\/e.kosmolat.eu\/lv\/wp-json\/wp\/v2\/product_cat?post=107257"},{"taxonomy":"product_tag","embeddable":true,"href":"https:\/\/e.kosmolat.eu\/lv\/wp-json\/wp\/v2\/product_tag?post=107257"}],"curies":[{"name":"wp","href":"https:\/\/api.w.org\/{rel}","templated":true}]}}