{"id":107253,"date":"2026-04-14T08:26:06","date_gmt":"2026-04-14T08:26:06","guid":{"rendered":"https:\/\/e.kosmolat.eu\/product\/organic-mimi-matcha-pure-roku-sk-ziepes-300-ml\/"},"modified":"2026-04-20T07:31:07","modified_gmt":"2026-04-20T07:31:07","slug":"organic-mimi-matcha-pure-roku-sk-ziepes-300-ml","status":"publish","type":"product","link":"https:\/\/e.kosmolat.eu\/lv\/product\/organic-mimi-matcha-pure-roku-sk-ziepes-300-ml\/","title":{"rendered":"Organic Mimi Matcha Pure Roku \u0161\u0137.ziepes, 300 ml"},"content":{"rendered":"<p>Izbaudiet m\u016bsu roku ziepju patieso harmoniju \u2013 t\u0101s ir bag\u0101tin\u0101tas ar maigu att\u012bro\u0161u formulu un relaks\u0113jo\u0161u za\u013c\u0101s t\u0113jas arom\u0101tu. T\u0101s maigi, bet efekt\u012bvi att\u012bra \u0101du, saglab\u0101jot t\u0101s dabisko pH l\u012bdzsvaru, un padara rokas mitras un maigas.<\/p>\n<p>Rezult\u0101ts: maiga un delik\u0101ta roku att\u012br\u012b\u0161ana, neiz\u017e\u016bdinot \u0101du.<\/p>\n<p>Biolo\u0123iskais alvejas sulas ekstrakts mitrina, m\u012bkstina un nomierina \u0101du.<br \/>\nMatcha za\u013c\u0101s t\u0113jas ekstrakts toniz\u0113 un stimul\u0113 \u0101das \u0161\u016bnu atjauno\u0161anos.<br \/>\nVitam\u012bns E, sp\u0113c\u012bgs antioksidants, aizsarg\u0101 roku \u0101du no kait\u012bgiem vides faktoriem, vienlaikus pal\u012bdzot tai atjaunoties.<\/p>\n<p>LIETO\u0160ANA: uzkl\u0101jiet uz mitr\u0101m rok\u0101m, uzputiniet un r\u016bp\u012bgi noskalojiet. Lieto\u0161anai \u0101r\u0113ji.<\/p>\n<p>Pudele ir izgatavota no 100 % p\u0101rstr\u0101d\u0101jamas plastmasas<\/p>\n","protected":false},"excerpt":{"rendered":"<p>Izbaudiet m\u016bsu roku ziepju patieso harmoniju \u2013 t\u0101s ir bag\u0101tin\u0101tas ar maigu att\u012bro\u0161u formulu un relaks\u0113jo\u0161u za\u013c\u0101s t\u0113jas arom\u0101tu. T\u0101s maigi, bet efekt\u012bvi att\u012bra \u0101du, saglab\u0101jot t\u0101s dabisko pH l\u012bdzsvaru, un padara rokas mitras un maigas. Rezult\u0101ts: maiga un delik\u0101ta roku att\u012br\u012b\u0161ana, neiz\u017e\u016bdinot \u0101du. Biolo\u0123iskais alvejas sulas ekstrakts mitrina, m\u012bkstina un nomierina \u0101du. Matcha za\u013c\u0101s [&#8230;]\n","protected":false},"featured_media":0,"template":"","meta":[],"product_cat":[1746],"product_tag":[],"class_list":{"0":"post-107253","1":"product","2":"type-product","3":"status-publish","5":"product_brand-ecolab_cs","6":"product_cat-skidras-ziepes","8":"first","9":"instock","10":"taxable","11":"shipping-taxable","12":"product-type-simple"},"_links":{"self":[{"href":"https:\/\/e.kosmolat.eu\/lv\/wp-json\/wp\/v2\/product\/107253","targetHints":{"allow":["GET"]}}],"collection":[{"href":"https:\/\/e.kosmolat.eu\/lv\/wp-json\/wp\/v2\/product"}],"about":[{"href":"https:\/\/e.kosmolat.eu\/lv\/wp-json\/wp\/v2\/types\/product"}],"wp:attachment":[{"href":"https:\/\/e.kosmolat.eu\/lv\/wp-json\/wp\/v2\/media?parent=107253"}],"wp:term":[{"taxonomy":"product_cat","embeddable":true,"href":"https:\/\/e.kosmolat.eu\/lv\/wp-json\/wp\/v2\/product_cat?post=107253"},{"taxonomy":"product_tag","embeddable":true,"href":"https:\/\/e.kosmolat.eu\/lv\/wp-json\/wp\/v2\/product_tag?post=107253"}],"curies":[{"name":"wp","href":"https:\/\/api.w.org\/{rel}","templated":true}]}}