{"id":107249,"date":"2026-04-14T08:25:49","date_gmt":"2026-04-14T08:25:49","guid":{"rendered":"https:\/\/e.kosmolat.eu\/product\/organic-mimi-matcha-mint-cietais-sampuns-50-g\/"},"modified":"2026-04-20T07:30:38","modified_gmt":"2026-04-20T07:30:38","slug":"organic-mimi-matcha-mint-cietais-sampuns-50-g","status":"publish","type":"product","link":"https:\/\/e.kosmolat.eu\/lv\/product\/organic-mimi-matcha-mint-cietais-sampuns-50-g\/","title":{"rendered":"Organic Mimi Matcha Mint cietais \u0161amp\u016bns, 50 g"},"content":{"rendered":"<p>Cietajam \u0161amp\u016bnam ir koncentr\u0113ta formula un atsvaidzino\u0161a iedarb\u012bba; tas dzi\u013ci un maigi att\u012bra matus un galvas \u0101du, regul\u0113 tauku dziedzeru darb\u012bbu un nov\u0113r\u0161 blaugznas. Piem\u0113rots taukainiem matiem.<\/p>\n<p>Rezult\u0101ts: sp\u0113c\u012bgi, vesel\u012bgi un skaisti mati.<\/p>\n<p>AKT\u012aV\u0100S SAST\u0100VDA\u013bAS: Biolo\u0123isk\u0101 ol\u012bve\u013c\u013ca, t\u0113jas koka \u0113terisk\u0101 e\u013c\u013ca un matcha za\u013c\u0101s t\u0113jas ekstrakts mitrina un regul\u0113 sebuma veido\u0161anos, c\u012bn\u0101s pret blaugzn\u0101m un stiprina matu saknes. Mentols rada atsvaidzino\u0161u efektu, toniz\u0113 galvas \u0101du un rada t\u012br\u012bbas un svaiguma saj\u016btu.<\/p>\n<p>LIETO\u0160ANA: samitriniet matus un \u0161amp\u016bnu ar siltu \u016bdeni, ieziep\u0113jiet matus ar \u0161amp\u016bnu, l\u012bdz izveidojas bag\u0101t\u012bga putu k\u0101rta, iemas\u0113jiet to matos un galvas \u0101d\u0101, p\u0113c tam noskalojiet ar siltu \u016bdeni. Vajadz\u012bbas gad\u012bjum\u0101 atk\u0101rtojiet. P\u0113c lieto\u0161anas \u0161amp\u016bnu j\u0101no\u017e\u0101v\u0113 un j\u0101uzglab\u0101 viet\u0101, kas nav pak\u013cauta mitrumam. Tikai \u0101r\u0113jai lieto\u0161anai.<\/p>\n","protected":false},"excerpt":{"rendered":"<p>Cietajam \u0161amp\u016bnam ir koncentr\u0113ta formula un atsvaidzino\u0161a iedarb\u012bba; tas dzi\u013ci un maigi att\u012bra matus un galvas \u0101du, regul\u0113 tauku dziedzeru darb\u012bbu un nov\u0113r\u0161 blaugznas. Piem\u0113rots taukainiem matiem. Rezult\u0101ts: sp\u0113c\u012bgi, vesel\u012bgi un skaisti mati. AKT\u012aV\u0100S SAST\u0100VDA\u013bAS: Biolo\u0123isk\u0101 ol\u012bve\u013c\u013ca, t\u0113jas koka \u0113terisk\u0101 e\u013c\u013ca un matcha za\u013c\u0101s t\u0113jas ekstrakts mitrina un regul\u0113 sebuma veido\u0161anos, c\u012bn\u0101s pret blaugzn\u0101m un [&#8230;]\n","protected":false},"featured_media":0,"template":"","meta":[],"product_cat":[1248],"product_tag":[],"class_list":{"0":"post-107249","1":"product","2":"type-product","3":"status-publish","5":"product_brand-ecolab_cs","6":"product_cat-sampuni","8":"first","9":"instock","10":"taxable","11":"shipping-taxable","12":"product-type-simple"},"_links":{"self":[{"href":"https:\/\/e.kosmolat.eu\/lv\/wp-json\/wp\/v2\/product\/107249","targetHints":{"allow":["GET"]}}],"collection":[{"href":"https:\/\/e.kosmolat.eu\/lv\/wp-json\/wp\/v2\/product"}],"about":[{"href":"https:\/\/e.kosmolat.eu\/lv\/wp-json\/wp\/v2\/types\/product"}],"wp:attachment":[{"href":"https:\/\/e.kosmolat.eu\/lv\/wp-json\/wp\/v2\/media?parent=107249"}],"wp:term":[{"taxonomy":"product_cat","embeddable":true,"href":"https:\/\/e.kosmolat.eu\/lv\/wp-json\/wp\/v2\/product_cat?post=107249"},{"taxonomy":"product_tag","embeddable":true,"href":"https:\/\/e.kosmolat.eu\/lv\/wp-json\/wp\/v2\/product_tag?post=107249"}],"curies":[{"name":"wp","href":"https:\/\/api.w.org\/{rel}","templated":true}]}}