{"id":107245,"date":"2026-04-14T08:08:15","date_gmt":"2026-04-14T08:08:15","guid":{"rendered":"https:\/\/e.kosmolat.eu\/product\/organic-mimi-matcha-lover-kerm-losjons-300-ml\/"},"modified":"2026-04-20T07:30:15","modified_gmt":"2026-04-20T07:30:15","slug":"organic-mimi-matcha-lover-kerm-losjons-300-ml","status":"publish","type":"product","link":"https:\/\/e.kosmolat.eu\/lv\/product\/organic-mimi-matcha-lover-kerm-losjons-300-ml\/","title":{"rendered":"Organic Mimi Matcha Lover \u0137erm.losjons, 300 ml"},"content":{"rendered":"<p>Maiga tekst\u016bra un delik\u0101ts, nomierino\u0161s arom\u0101ts \u2013 \u0161is \u0137erme\u0146a losjons nodro\u0161ina visaptvero\u0161u \u0101das kop\u0161anu, intens\u012bvi baro, mitrina un m\u012bkstina. Saj\u016bti patiesu harmoniju!<\/p>\n<p>Rezult\u0101ts: gluda, maiga un elast\u012bga \u0101da.<\/p>\n<p>Biolo\u0123isk\u0101 jojobas e\u013c\u013ca baro, mitrina un m\u012bkstina \u0101du, padarot to stingr\u0101ku.<br \/>\nMatcha za\u013c\u0101s t\u0113jas ekstrakts stiprina \u0101das barjeras funkciju, toniz\u0113 un stimul\u0113 \u0101das \u0161\u016bnu atjauno\u0161anos.<br \/>\nPantenols atjauno un aizsarg\u0101 \u0101du.<\/p>\n<p>LIETO\u0160ANA: maigi iemas\u0113jiet losjonu t\u012br\u0101, saus\u0101 \u0101d\u0101. Tikai \u0101r\u0113jai lieto\u0161anai.<\/p>\n<p>Pudele ir izgatavota no 100 % p\u0101rstr\u0101d\u0101jamas plastmasas<\/p>\n","protected":false},"excerpt":{"rendered":"<p>Maiga tekst\u016bra un delik\u0101ts, nomierino\u0161s arom\u0101ts \u2013 \u0161is \u0137erme\u0146a losjons nodro\u0161ina visaptvero\u0161u \u0101das kop\u0161anu, intens\u012bvi baro, mitrina un m\u012bkstina. Saj\u016bti patiesu harmoniju! Rezult\u0101ts: gluda, maiga un elast\u012bga \u0101da. Biolo\u0123isk\u0101 jojobas e\u013c\u013ca baro, mitrina un m\u012bkstina \u0101du, padarot to stingr\u0101ku. Matcha za\u013c\u0101s t\u0113jas ekstrakts stiprina \u0101das barjeras funkciju, toniz\u0113 un stimul\u0113 \u0101das \u0161\u016bnu atjauno\u0161anos. Pantenols atjauno [&#8230;]\n","protected":false},"featured_media":0,"template":"","meta":[],"product_cat":[1388],"product_tag":[],"class_list":{"0":"post-107245","1":"product","2":"type-product","3":"status-publish","5":"product_brand-ecolab_cs","6":"product_cat-kermena-kremi-pienini-sviesti","8":"first","9":"instock","10":"taxable","11":"shipping-taxable","12":"product-type-simple"},"_links":{"self":[{"href":"https:\/\/e.kosmolat.eu\/lv\/wp-json\/wp\/v2\/product\/107245","targetHints":{"allow":["GET"]}}],"collection":[{"href":"https:\/\/e.kosmolat.eu\/lv\/wp-json\/wp\/v2\/product"}],"about":[{"href":"https:\/\/e.kosmolat.eu\/lv\/wp-json\/wp\/v2\/types\/product"}],"wp:attachment":[{"href":"https:\/\/e.kosmolat.eu\/lv\/wp-json\/wp\/v2\/media?parent=107245"}],"wp:term":[{"taxonomy":"product_cat","embeddable":true,"href":"https:\/\/e.kosmolat.eu\/lv\/wp-json\/wp\/v2\/product_cat?post=107245"},{"taxonomy":"product_tag","embeddable":true,"href":"https:\/\/e.kosmolat.eu\/lv\/wp-json\/wp\/v2\/product_tag?post=107245"}],"curies":[{"name":"wp","href":"https:\/\/api.w.org\/{rel}","templated":true}]}}