{"id":107241,"date":"2026-04-14T07:50:47","date_gmt":"2026-04-14T07:50:47","guid":{"rendered":"https:\/\/e.kosmolat.eu\/product\/organic-mimi-matcha-power-kerm-skrubis-250-g\/"},"modified":"2026-04-17T10:06:04","modified_gmt":"2026-04-17T10:06:04","slug":"organic-mimi-matcha-power-kerm-skrubis-250-g","status":"publish","type":"product","link":"https:\/\/e.kosmolat.eu\/lv\/product\/organic-mimi-matcha-power-kerm-skrubis-250-g\/","title":{"rendered":"Organic Mimi Matcha Power \u0137erm.skrubis, 250 g"},"content":{"rendered":"<p>\u0136erme\u0146a skrubis ar cukuru un j\u016bras s\u0101li dzi\u013ci att\u012bra, atjauno un maigi eksfoli\u0113 \u0101du.<\/p>\n<p>Rezult\u0101ts: gluda, elast\u012bga un stingra \u0101da.<\/p>\n<p>E vitam\u012bnam piem\u012bt antioksidanta \u012bpa\u0161\u012bbas, un tas pal\u012bdz uztur\u0113t \u0101das tonusu un hidrolip\u012bdu sl\u0101\u0146a l\u012bdzsvaru.<br \/>\nBiolo\u0123isk\u0101 jojobas e\u013c\u013ca mitrina un baro \u0101du, uzlabojot t\u0101s stingr\u012bbu un elast\u012bbu.<br \/>\nMatcha za\u013c\u0101s t\u0113jas ekstrakts stiprina \u0101das barjeras funkciju, toniz\u0113 un stimul\u0113 \u0101das \u0161\u016bnu atjauno\u0161anos.<\/p>\n<p>LIETO\u0160ANA: maigi iemas\u0113jiet \u0137erme\u0146a skrubi mitr\u0101 \u0101d\u0101, noskalojiet ar siltu \u016bdeni.<br \/>\nNelietojiet uz boj\u0101tas vai iekaisu\u0161as \u0101das. Tikai \u0101r\u0113jai lieto\u0161anai.<\/p>\n<p>Burci\u0146a ir izgatavota no 100 % p\u0101rstr\u0101d\u0101jamas plastmasas<\/p>\n","protected":false},"excerpt":{"rendered":"<p>\u0136erme\u0146a skrubis ar cukuru un j\u016bras s\u0101li dzi\u013ci att\u012bra, atjauno un maigi eksfoli\u0113 \u0101du. Rezult\u0101ts: gluda, elast\u012bga un stingra \u0101da. E vitam\u012bnam piem\u012bt antioksidanta \u012bpa\u0161\u012bbas, un tas pal\u012bdz uztur\u0113t \u0101das tonusu un hidrolip\u012bdu sl\u0101\u0146a l\u012bdzsvaru. Biolo\u0123isk\u0101 jojobas e\u013c\u013ca mitrina un baro \u0101du, uzlabojot t\u0101s stingr\u012bbu un elast\u012bbu. Matcha za\u013c\u0101s t\u0113jas ekstrakts stiprina \u0101das barjeras funkciju, [&#8230;]\n","protected":false},"featured_media":0,"template":"","meta":[],"product_cat":[1360],"product_tag":[],"class_list":{"0":"post-107241","1":"product","2":"type-product","3":"status-publish","5":"product_brand-ecolab_cs","6":"product_cat-1360","8":"first","9":"instock","10":"taxable","11":"shipping-taxable","12":"product-type-simple"},"_links":{"self":[{"href":"https:\/\/e.kosmolat.eu\/lv\/wp-json\/wp\/v2\/product\/107241","targetHints":{"allow":["GET"]}}],"collection":[{"href":"https:\/\/e.kosmolat.eu\/lv\/wp-json\/wp\/v2\/product"}],"about":[{"href":"https:\/\/e.kosmolat.eu\/lv\/wp-json\/wp\/v2\/types\/product"}],"wp:attachment":[{"href":"https:\/\/e.kosmolat.eu\/lv\/wp-json\/wp\/v2\/media?parent=107241"}],"wp:term":[{"taxonomy":"product_cat","embeddable":true,"href":"https:\/\/e.kosmolat.eu\/lv\/wp-json\/wp\/v2\/product_cat?post=107241"},{"taxonomy":"product_tag","embeddable":true,"href":"https:\/\/e.kosmolat.eu\/lv\/wp-json\/wp\/v2\/product_tag?post=107241"}],"curies":[{"name":"wp","href":"https:\/\/api.w.org\/{rel}","templated":true}]}}