{"id":107237,"date":"2026-04-14T07:50:31","date_gmt":"2026-04-14T07:50:31","guid":{"rendered":"https:\/\/e.kosmolat.eu\/product\/organic-mimi-matcha-green-kerm-krems-200-ml\/"},"modified":"2026-04-22T06:13:42","modified_gmt":"2026-04-22T06:13:42","slug":"organic-mimi-matcha-green-kerm-krems-200-ml","status":"publish","type":"product","link":"https:\/\/e.kosmolat.eu\/lv\/product\/organic-mimi-matcha-green-kerm-krems-200-ml\/","title":{"rendered":"Organic Mimi Matcha Green \u0137erm.kr\u0113ms, 200 ml"},"content":{"rendered":"<p>\u0136erme\u0146a kr\u0113ms nov\u0113r\u0161 \u0101das sausumu, atjauno \u0101das barjerfunkciju un hidrolip\u012bdu sl\u0101\u0146a l\u012bdzsvaru, k\u0101 ar\u012b uzlabo \u0101das elast\u012bbu un stingr\u012bbu.<\/p>\n<p>Rezult\u0101ts: gluda, mitrin\u0101ta un skaista \u0101da.<\/p>\n<p>Hialuronsk\u0101be dzi\u013ci mitrina \u0101du, uzlabo t\u0101s elast\u012bbu un stingr\u012bbu.<br \/>\nBiolo\u0123isk\u0101 jojobas e\u013c\u013ca un za\u013c\u0101s t\u0113jas \u201eMatcha\u201c ekstrakts baro un m\u012bkstina \u0101du, vienlaikus stimul\u0113jot \u0101das \u0161\u016bnu atjauno\u0161anos.<br \/>\nE un F vitam\u012bniem piem\u012bt antioksidantu \u012bpa\u0161\u012bbas, un tie pal\u012bdz nov\u0113rst \u0101das sausumu un lob\u012b\u0161anos.<\/p>\n<p>LIETO\u0160ANA: maigi iemas\u0113jiet \u0137erme\u0146a kr\u0113mu t\u012br\u0101, saus\u0101 \u0101d\u0101. Tikai \u0101r\u0113jai lieto\u0161anai.<\/p>\n<p>Bund\u017ei\u0146a ir izgatavota no 100 % p\u0101rstr\u0101d\u0101jamas plastmasas<\/p>\n","protected":false},"excerpt":{"rendered":"<p>\u0136erme\u0146a kr\u0113ms nov\u0113r\u0161 \u0101das sausumu, atjauno \u0101das barjerfunkciju un hidrolip\u012bdu sl\u0101\u0146a l\u012bdzsvaru, k\u0101 ar\u012b uzlabo \u0101das elast\u012bbu un stingr\u012bbu. Rezult\u0101ts: gluda, mitrin\u0101ta un skaista \u0101da. Hialuronsk\u0101be dzi\u013ci mitrina \u0101du, uzlabo t\u0101s elast\u012bbu un stingr\u012bbu. Biolo\u0123isk\u0101 jojobas e\u013c\u013ca un za\u013c\u0101s t\u0113jas \u201eMatcha\u201c ekstrakts baro un m\u012bkstina \u0101du, vienlaikus stimul\u0113jot \u0101das \u0161\u016bnu atjauno\u0161anos. E un F vitam\u012bniem [&#8230;]\n","protected":false},"featured_media":0,"template":"","meta":[],"product_cat":[1388],"product_tag":[],"class_list":{"0":"post-107237","1":"product","2":"type-product","3":"status-publish","5":"product_brand-ecolab_cs","6":"product_cat-kermena-kremi-pienini-sviesti","8":"first","9":"instock","10":"taxable","11":"shipping-taxable","12":"product-type-simple"},"_links":{"self":[{"href":"https:\/\/e.kosmolat.eu\/lv\/wp-json\/wp\/v2\/product\/107237","targetHints":{"allow":["GET"]}}],"collection":[{"href":"https:\/\/e.kosmolat.eu\/lv\/wp-json\/wp\/v2\/product"}],"about":[{"href":"https:\/\/e.kosmolat.eu\/lv\/wp-json\/wp\/v2\/types\/product"}],"wp:attachment":[{"href":"https:\/\/e.kosmolat.eu\/lv\/wp-json\/wp\/v2\/media?parent=107237"}],"wp:term":[{"taxonomy":"product_cat","embeddable":true,"href":"https:\/\/e.kosmolat.eu\/lv\/wp-json\/wp\/v2\/product_cat?post=107237"},{"taxonomy":"product_tag","embeddable":true,"href":"https:\/\/e.kosmolat.eu\/lv\/wp-json\/wp\/v2\/product_tag?post=107237"}],"curies":[{"name":"wp","href":"https:\/\/api.w.org\/{rel}","templated":true}]}}