{"id":107225,"date":"2026-04-14T06:30:39","date_gmt":"2026-04-14T06:30:39","guid":{"rendered":"https:\/\/e.kosmolat.eu\/product\/viorica-baroj-un-atjaun-sampuns-55-loti-saus-un-boj-mat-400-ml\/"},"modified":"2026-04-22T09:51:40","modified_gmt":"2026-04-22T09:51:40","slug":"viorica-baroj-un-atjaun-sampuns-55-loti-saus-un-boj-mat-400-ml","status":"publish","type":"product","link":"https:\/\/e.kosmolat.eu\/lv\/product\/viorica-baroj-un-atjaun-sampuns-55-loti-saus-un-boj-mat-400-ml\/","title":{"rendered":"VIORICA Baroj. un atjaun. \u0161amp\u016bns 5+5 \u013coti saus. un boj. mat., 400 ml"},"content":{"rendered":"<p>Bag\u0101t\u012bga formula saudz\u012bgai \u013coti sausu un boj\u0101tu matu att\u012br\u012b\u0161anai un kop\u0161anai. Atsvaidzina, mitrina, intens\u012bvi baro un stiprina nov\u0101jin\u0101tus matu stiebrus, atjaunojot to sp\u0113ku un strukt\u016bru. V\u0113rt\u012bgo avokado, mande\u013cu, kam\u0113lijas, ol\u012bvu un kokvilnas s\u0113klu e\u013c\u013cu, k\u0101 ar\u012b mango un kakao apvienojums baro matus un c\u012bn\u0101s ar to porain\u012bbu, saglab\u0101jot dabisko apjomu. Stiprino\u0161ais miner\u0101lu komplekss ar kalciju, magniju, cinku, varu un mang\u0101nu pie\u0161\u0137ir trausliem matiem ener\u0123iju un vesel\u012bgu izskatu.<\/p>\n<p>Lieto\u0161ana: Uzkl\u0101jiet \u0161amp\u016bnu uz mitriem matiem, saputojiet un viegli iemas\u0113jiet. R\u016bp\u012bgi noskalojiet ar siltu \u016bdeni. Ja nepiecie\u0161ams, atk\u0101rtojiet proced\u016bru. Lai ieg\u016btu maksim\u0101lu un ilgsto\u0161u efektu, lietojiet kop\u0101 ar \u0161\u012bs s\u0113rijas balzamu un matu masku.<\/p>\n<p>Uzglab\u0101t temperat\u016br\u0101 no +5 \u00b0C l\u012bdz +25 \u00b0C, sarg\u0101jot no tie\u0161iem saules stariem. <\/p>\n<p>Der\u012bguma termi\u0146\u0161: 30 m\u0113ne\u0161i.<\/p>\n","protected":false},"excerpt":{"rendered":"<p>Bag\u0101t\u012bga formula saudz\u012bgai \u013coti sausu un boj\u0101tu matu att\u012br\u012b\u0161anai un kop\u0161anai. Atsvaidzina, mitrina, intens\u012bvi baro un stiprina nov\u0101jin\u0101tus matu stiebrus, atjaunojot to sp\u0113ku un strukt\u016bru. V\u0113rt\u012bgo avokado, mande\u013cu, kam\u0113lijas, ol\u012bvu un kokvilnas s\u0113klu e\u013c\u013cu, k\u0101 ar\u012b mango un kakao apvienojums baro matus un c\u012bn\u0101s ar to porain\u012bbu, saglab\u0101jot dabisko apjomu. Stiprino\u0161ais miner\u0101lu komplekss ar kalciju, [&#8230;]\n","protected":false},"featured_media":107229,"template":"","meta":[],"product_cat":[2181],"product_tag":[],"class_list":{"0":"post-107225","1":"product","2":"type-product","3":"status-publish","4":"has-post-thumbnail","6":"product_brand-viorica-cosmeplant_bg","7":"product_cat-bez-kategorijas-lt","9":"first","10":"instock","11":"taxable","12":"shipping-taxable","13":"product-type-simple"},"_links":{"self":[{"href":"https:\/\/e.kosmolat.eu\/lv\/wp-json\/wp\/v2\/product\/107225","targetHints":{"allow":["GET"]}}],"collection":[{"href":"https:\/\/e.kosmolat.eu\/lv\/wp-json\/wp\/v2\/product"}],"about":[{"href":"https:\/\/e.kosmolat.eu\/lv\/wp-json\/wp\/v2\/types\/product"}],"wp:featuredmedia":[{"embeddable":true,"href":"https:\/\/e.kosmolat.eu\/lv\/wp-json\/wp\/v2\/media\/107229"}],"wp:attachment":[{"href":"https:\/\/e.kosmolat.eu\/lv\/wp-json\/wp\/v2\/media?parent=107225"}],"wp:term":[{"taxonomy":"product_cat","embeddable":true,"href":"https:\/\/e.kosmolat.eu\/lv\/wp-json\/wp\/v2\/product_cat?post=107225"},{"taxonomy":"product_tag","embeddable":true,"href":"https:\/\/e.kosmolat.eu\/lv\/wp-json\/wp\/v2\/product_tag?post=107225"}],"curies":[{"name":"wp","href":"https:\/\/api.w.org\/{rel}","templated":true}]}}