{"id":107213,"date":"2026-04-14T06:04:44","date_gmt":"2026-04-14T06:04:44","guid":{"rendered":"https:\/\/e.kosmolat.eu\/product\/ecl-all-in-one-dusas-zeleja-600-ml\/"},"modified":"2026-04-14T06:04:58","modified_gmt":"2026-04-14T06:04:58","slug":"ecl-all-in-one-dusas-zeleja-600-ml","status":"publish","type":"product","link":"https:\/\/e.kosmolat.eu\/lv\/product\/ecl-all-in-one-dusas-zeleja-600-ml\/","title":{"rendered":"ECL All-in-one Du\u0161as \u017eeleja, 600 ml"},"content":{"rendered":"<p>Univers\u0101ls l\u012bdzeklis efekt\u012bvai \u0101das kop\u0161anai un vesel\u012bbas uztur\u0113\u0161anai. Pateicoties prebiotiku kompleksam un maigajai att\u012bro\u0161ajai b\u0101zei, \u017eeleja saudz\u012bgi att\u012bra, uztur dabisko \u0101das mikrobiomu, mitrina, baro un m\u012bkstina \u0101du. T\u0101 viegli noskalojas, nesausinot \u0101du, un atst\u0101j svaiguma, t\u012br\u012bbas un komforta saj\u016btu. Piem\u0113rota visiem \u0101das tipiem.<\/p>\n<p>Sast\u0101vda\u013cas, kas aizsarg\u0101 \u0101du pret negat\u012bvo apk\u0101rt\u0113j\u0101s vides ietekmi: Br\u016bna\u013c\u0123u ekstrakts, ferment\u0113ta rauga filtr\u0101ts, vitam\u012bni B3, E un F.<\/p>\n<p>Akt\u012bv\u0101s sast\u0101vda\u013cas:<br \/>\n\u2022 Prebiotiku komplekss uztur dabisko \u0101das mikrobiomu, stiprina aizsargbarjeru un nov\u0113r\u0161 sausumu.<br \/>\n\u2022 Niacinam\u012bds (B3 vitam\u012bns) stimul\u0113 kolag\u0113na un elast\u012bna veido\u0161anos, nomierina \u0101du un uzlabo t\u0101s tekst\u016bru.<br \/>\n\u2022 Auzu e\u013c\u013ca baro, m\u012bkstina un stiprina \u0101du, uzlabojot t\u0101s elast\u012bbu un tvirtumu.<br \/>\n\u2022 Hibiska ekstrakts ar antioksidantu \u012bpa\u0161\u012bb\u0101m toniz\u0113, mitrina un pal\u012bdz saglab\u0101t mitrumu \u0101d\u0101.<\/p>\n<p>Lieto\u0161ana: Uzkl\u0101jiet du\u0161as \u017eeleju uz mitras \u0101das, s\u016bk\u013ca vai lufas, pamas\u0113jiet \u0137ermeni, l\u012bdz izveidojas putas, un noskalojiet ar siltu \u016bdeni.<\/p>\n","protected":false},"excerpt":{"rendered":"<p>Univers\u0101ls l\u012bdzeklis efekt\u012bvai \u0101das kop\u0161anai un vesel\u012bbas uztur\u0113\u0161anai. Pateicoties prebiotiku kompleksam un maigajai att\u012bro\u0161ajai b\u0101zei, \u017eeleja saudz\u012bgi att\u012bra, uztur dabisko \u0101das mikrobiomu, mitrina, baro un m\u012bkstina \u0101du. T\u0101 viegli noskalojas, nesausinot \u0101du, un atst\u0101j svaiguma, t\u012br\u012bbas un komforta saj\u016btu. Piem\u0113rota visiem \u0101das tipiem. Sast\u0101vda\u013cas, kas aizsarg\u0101 \u0101du pret negat\u012bvo apk\u0101rt\u0113j\u0101s vides ietekmi: Br\u016bna\u013c\u0123u ekstrakts, ferment\u0113ta [&#8230;]\n","protected":false},"featured_media":107217,"template":"","meta":[],"product_cat":[1280],"product_tag":[],"class_list":{"0":"post-107213","1":"product","2":"type-product","3":"status-publish","4":"has-post-thumbnail","6":"product_brand-ecolab_cs","7":"product_cat-dusas-zelejas-un-dusas-ellas","9":"first","10":"instock","11":"taxable","12":"shipping-taxable","13":"product-type-simple"},"_links":{"self":[{"href":"https:\/\/e.kosmolat.eu\/lv\/wp-json\/wp\/v2\/product\/107213","targetHints":{"allow":["GET"]}}],"collection":[{"href":"https:\/\/e.kosmolat.eu\/lv\/wp-json\/wp\/v2\/product"}],"about":[{"href":"https:\/\/e.kosmolat.eu\/lv\/wp-json\/wp\/v2\/types\/product"}],"wp:featuredmedia":[{"embeddable":true,"href":"https:\/\/e.kosmolat.eu\/lv\/wp-json\/wp\/v2\/media\/107217"}],"wp:attachment":[{"href":"https:\/\/e.kosmolat.eu\/lv\/wp-json\/wp\/v2\/media?parent=107213"}],"wp:term":[{"taxonomy":"product_cat","embeddable":true,"href":"https:\/\/e.kosmolat.eu\/lv\/wp-json\/wp\/v2\/product_cat?post=107213"},{"taxonomy":"product_tag","embeddable":true,"href":"https:\/\/e.kosmolat.eu\/lv\/wp-json\/wp\/v2\/product_tag?post=107213"}],"curies":[{"name":"wp","href":"https:\/\/api.w.org\/{rel}","templated":true}]}}