{"id":107197,"date":"2026-04-13T16:13:13","date_gmt":"2026-04-13T16:13:13","guid":{"rendered":"https:\/\/e.kosmolat.eu\/product\/fb-mutes-dob-skalos-lidz-total-complex-500-ml\/"},"modified":"2026-04-14T06:04:41","modified_gmt":"2026-04-14T06:04:41","slug":"fb-mutes-dob-skalos-lidz-total-complex-500-ml","status":"publish","type":"product","link":"https:\/\/e.kosmolat.eu\/lv\/product\/fb-mutes-dob-skalos-lidz-total-complex-500-ml\/","title":{"rendered":"FB Mutes dob. skalo\u0161. l\u012bdz. TOTAL Complex, 500 ml"},"content":{"rendered":"<p>Nesatur SLS un alkoholu. <\/p>\n<p>Lieto\u0161ana: piepildiet v\u0101ci\u0146u ar mutes skalo\u0161anas l\u012bdzekli. Skalojiet mutes dobumu 30 sekundes. Lietojiet p\u0113c \u0113\u0161anas un p\u0113c katras zobu t\u012br\u012b\u0161anas, vismaz divas reizes dien\u0101. Tikai pieaugu\u0161ajiem. <\/p>\n<p>Piesardz\u012bbas pas\u0101kumi: satur n\u0101trija fluor\u012bdu 0,02 %, kas apr\u0113\u0137in\u0101ti k\u0101 F. Nenor\u012bt. Ir pie\u013caujamas nenoz\u012bm\u012bgas nogulsnes sakar\u0101 ar dab\u012bg\u0101m l\u012bdzek\u013ca sast\u0101vda\u013c\u0101m. Tas neietekm\u0113 produkta kvalit\u0101ti un dro\u0161umu. Nav \u0101rstniecisks l\u012bdzeklis. L\u012bdzek\u013ca lieto\u0161ana neatbr\u012bvo no zob\u0101rsta apmekl\u0113\u0161anas. Uzglab\u0101t b\u0113rniem nepieejam\u0101 viet\u0101.<\/p>\n<p>Uzglab\u0101\u0161anas temperat\u016bra: no +5 \u00b0C l\u012bdz +25 \u00b0C.<\/p>\n","protected":false},"excerpt":{"rendered":"<p>Nesatur SLS un alkoholu. Lieto\u0161ana: piepildiet v\u0101ci\u0146u ar mutes skalo\u0161anas l\u012bdzekli. Skalojiet mutes dobumu 30 sekundes. Lietojiet p\u0113c \u0113\u0161anas un p\u0113c katras zobu t\u012br\u012b\u0161anas, vismaz divas reizes dien\u0101. Tikai pieaugu\u0161ajiem. Piesardz\u012bbas pas\u0101kumi: satur n\u0101trija fluor\u012bdu 0,02 %, kas apr\u0113\u0137in\u0101ti k\u0101 F. Nenor\u012bt. Ir pie\u013caujamas nenoz\u012bm\u012bgas nogulsnes sakar\u0101 ar dab\u012bg\u0101m l\u012bdzek\u013ca sast\u0101vda\u013c\u0101m. Tas neietekm\u0113 produkta kvalit\u0101ti [&#8230;]\n","protected":false},"featured_media":107201,"template":"","meta":[],"product_cat":[1313],"product_tag":[],"class_list":{"0":"post-107197","1":"product","2":"type-product","3":"status-publish","4":"has-post-thumbnail","6":"product_brand-private-label","7":"product_cat-burnos-skalavimo-priemones","9":"first","10":"instock","11":"taxable","12":"shipping-taxable","13":"product-type-simple"},"_links":{"self":[{"href":"https:\/\/e.kosmolat.eu\/lv\/wp-json\/wp\/v2\/product\/107197","targetHints":{"allow":["GET"]}}],"collection":[{"href":"https:\/\/e.kosmolat.eu\/lv\/wp-json\/wp\/v2\/product"}],"about":[{"href":"https:\/\/e.kosmolat.eu\/lv\/wp-json\/wp\/v2\/types\/product"}],"wp:featuredmedia":[{"embeddable":true,"href":"https:\/\/e.kosmolat.eu\/lv\/wp-json\/wp\/v2\/media\/107201"}],"wp:attachment":[{"href":"https:\/\/e.kosmolat.eu\/lv\/wp-json\/wp\/v2\/media?parent=107197"}],"wp:term":[{"taxonomy":"product_cat","embeddable":true,"href":"https:\/\/e.kosmolat.eu\/lv\/wp-json\/wp\/v2\/product_cat?post=107197"},{"taxonomy":"product_tag","embeddable":true,"href":"https:\/\/e.kosmolat.eu\/lv\/wp-json\/wp\/v2\/product_tag?post=107197"}],"curies":[{"name":"wp","href":"https:\/\/api.w.org\/{rel}","templated":true}]}}