{"id":107189,"date":"2026-04-13T16:10:13","date_gmt":"2026-04-13T16:10:13","guid":{"rendered":"https:\/\/e.kosmolat.eu\/product\/pl-samp-apjoms-un-speks-uz-lins-un-zalu-novar-400-ml\/"},"modified":"2026-04-24T05:59:17","modified_gmt":"2026-04-24T05:59:17","slug":"pl-samp-apjoms-un-speks-uz-lins-un-zalu-novar-400-ml","status":"publish","type":"product","link":"https:\/\/e.kosmolat.eu\/lv\/product\/pl-samp-apjoms-un-speks-uz-lins-un-zalu-novar-400-ml\/","title":{"rendered":"PL \u0160amp. Apjoms un sp\u0113ks uz lins. un z\u0101\u013cu nov\u0101r., 400 ml"},"content":{"rendered":"<p>Pl\u0101niem un nov\u0101jin\u0101tiem matiem. Satur Nature Plus esenci no 5 ekstraktiem un e\u013c\u013c\u0101m (verbenas, salvijas un me\u017eroz\u012b\u0161u ekstrakti, k\u0101 ar\u012b mande\u013cu un lins\u0113klu e\u013c\u013cas). Akt\u012bv\u0101s dab\u012bg\u0101s sast\u0101vda\u013cas atjauno un stiprina matus, pasarg\u0101jot no boj\u0101jumiem. <\/p>\n<p>Lieto\u0161ana: uzkl\u0101t uz mitriem matiem, viegli iemas\u0113t galvas \u0101d\u0101 1 min\u016bti, p\u0113c tam r\u016bp\u012bgi izskalot. Ja iek\u013c\u016bst ac\u012bs, r\u016bp\u012bgi izskalot ar \u016bdeni. Nav \u0101rstniecisks l\u012bdzeklis. P\u0113c atv\u0113r\u0161anas izlietot 12 m\u0113n. laik\u0101. <\/p>\n<p>Uzglab\u0101\u0161anas temperat\u016bra: no +5 \u00b0C l\u012bdz +25 \u00b0C.<\/p>\n","protected":false},"excerpt":{"rendered":"<p>Pl\u0101niem un nov\u0101jin\u0101tiem matiem. Satur Nature Plus esenci no 5 ekstraktiem un e\u013c\u013c\u0101m (verbenas, salvijas un me\u017eroz\u012b\u0161u ekstrakti, k\u0101 ar\u012b mande\u013cu un lins\u0113klu e\u013c\u013cas). Akt\u012bv\u0101s dab\u012bg\u0101s sast\u0101vda\u013cas atjauno un stiprina matus, pasarg\u0101jot no boj\u0101jumiem. Lieto\u0161ana: uzkl\u0101t uz mitriem matiem, viegli iemas\u0113t galvas \u0101d\u0101 1 min\u016bti, p\u0113c tam r\u016bp\u012bgi izskalot. Ja iek\u013c\u016bst ac\u012bs, r\u016bp\u012bgi izskalot ar [&#8230;]\n","protected":false},"featured_media":107193,"template":"","meta":[],"product_cat":[1248],"product_tag":[],"class_list":{"0":"post-107189","1":"product","2":"type-product","3":"status-publish","4":"has-post-thumbnail","6":"product_brand-private-label","7":"product_cat-sampuni","9":"first","10":"instock","11":"taxable","12":"shipping-taxable","13":"product-type-simple"},"_links":{"self":[{"href":"https:\/\/e.kosmolat.eu\/lv\/wp-json\/wp\/v2\/product\/107189","targetHints":{"allow":["GET"]}}],"collection":[{"href":"https:\/\/e.kosmolat.eu\/lv\/wp-json\/wp\/v2\/product"}],"about":[{"href":"https:\/\/e.kosmolat.eu\/lv\/wp-json\/wp\/v2\/types\/product"}],"wp:featuredmedia":[{"embeddable":true,"href":"https:\/\/e.kosmolat.eu\/lv\/wp-json\/wp\/v2\/media\/107193"}],"wp:attachment":[{"href":"https:\/\/e.kosmolat.eu\/lv\/wp-json\/wp\/v2\/media?parent=107189"}],"wp:term":[{"taxonomy":"product_cat","embeddable":true,"href":"https:\/\/e.kosmolat.eu\/lv\/wp-json\/wp\/v2\/product_cat?post=107189"},{"taxonomy":"product_tag","embeddable":true,"href":"https:\/\/e.kosmolat.eu\/lv\/wp-json\/wp\/v2\/product_tag?post=107189"}],"curies":[{"name":"wp","href":"https:\/\/api.w.org\/{rel}","templated":true}]}}