{"id":107181,"date":"2026-04-13T14:56:34","date_gmt":"2026-04-13T14:56:34","guid":{"rendered":"https:\/\/e.kosmolat.eu\/product\/c-organic-mimi-mango-gold-kerm-skrubis-250-g\/"},"modified":"2026-04-13T14:56:45","modified_gmt":"2026-04-13T14:56:45","slug":"c-organic-mimi-mango-gold-kerm-skrubis-250-g","status":"publish","type":"product","link":"https:\/\/e.kosmolat.eu\/lv\/product\/c-organic-mimi-mango-gold-kerm-skrubis-250-g\/","title":{"rendered":"C Organic Mimi Mango Gold \u0136erm. skrubis, 250 g"},"content":{"rendered":"<p>Cukura un j\u016bras s\u0101ls \u0137erme\u0146a skrubis dzi\u013ci att\u012bra, atjauno un maigi noloba \u0101du. Rezult\u0101ts: gluda, elast\u012bga un samtaina \u0101da.<\/p>\n<p>\u2022 AHA sk\u0101bes (alfa-hidroksisk\u0101bes) uzlabo \u0101das tekst\u016bru un stimul\u0113 t\u0101s atjauno\u0161an\u0101s procesu.<br \/>\n\u2022 Organiskais mango sviests baro, nomierina un atjauno \u0101du.<br \/>\n\u2022 Citronz\u0101les ekstrakts pal\u012bdz uzlabot \u0101das elast\u012bbu, pie\u0161\u0137ir tai tvirtumu un maigumu.<\/p>\n<p>Lieto\u0161ana: uzkl\u0101t uz mitras \u0101das, iemas\u0113t, p\u0113c tam r\u016bp\u012bgi noskalot ar siltu \u016bdeni. Tikai \u0101r\u012bgai lieto\u0161anai. Nelietot uz boj\u0101tas vai kairin\u0101tas \u0101das.<\/p>\n","protected":false},"excerpt":{"rendered":"<p>Cukura un j\u016bras s\u0101ls \u0137erme\u0146a skrubis dzi\u013ci att\u012bra, atjauno un maigi noloba \u0101du. Rezult\u0101ts: gluda, elast\u012bga un samtaina \u0101da. \u2022 AHA sk\u0101bes (alfa-hidroksisk\u0101bes) uzlabo \u0101das tekst\u016bru un stimul\u0113 t\u0101s atjauno\u0161an\u0101s procesu. \u2022 Organiskais mango sviests baro, nomierina un atjauno \u0101du. \u2022 Citronz\u0101les ekstrakts pal\u012bdz uzlabot \u0101das elast\u012bbu, pie\u0161\u0137ir tai tvirtumu un maigumu. Lieto\u0161ana: uzkl\u0101t uz [&#8230;]\n","protected":false},"featured_media":107185,"template":"","meta":[],"product_cat":[1357],"product_tag":[],"class_list":{"0":"post-107181","1":"product","2":"type-product","3":"status-publish","4":"has-post-thumbnail","6":"product_brand-ecolab_cs","7":"product_cat-skrubji-un-pilingi-kermenim","9":"first","10":"instock","11":"taxable","12":"shipping-taxable","13":"product-type-simple"},"_links":{"self":[{"href":"https:\/\/e.kosmolat.eu\/lv\/wp-json\/wp\/v2\/product\/107181","targetHints":{"allow":["GET"]}}],"collection":[{"href":"https:\/\/e.kosmolat.eu\/lv\/wp-json\/wp\/v2\/product"}],"about":[{"href":"https:\/\/e.kosmolat.eu\/lv\/wp-json\/wp\/v2\/types\/product"}],"wp:featuredmedia":[{"embeddable":true,"href":"https:\/\/e.kosmolat.eu\/lv\/wp-json\/wp\/v2\/media\/107185"}],"wp:attachment":[{"href":"https:\/\/e.kosmolat.eu\/lv\/wp-json\/wp\/v2\/media?parent=107181"}],"wp:term":[{"taxonomy":"product_cat","embeddable":true,"href":"https:\/\/e.kosmolat.eu\/lv\/wp-json\/wp\/v2\/product_cat?post=107181"},{"taxonomy":"product_tag","embeddable":true,"href":"https:\/\/e.kosmolat.eu\/lv\/wp-json\/wp\/v2\/product_tag?post=107181"}],"curies":[{"name":"wp","href":"https:\/\/api.w.org\/{rel}","templated":true}]}}