{"id":107177,"date":"2026-04-13T14:29:47","date_gmt":"2026-04-13T14:29:47","guid":{"rendered":"https:\/\/e.kosmolat.eu\/product\/7d-my-beauty-week-krems-ar-retinolu-40-ml\/"},"modified":"2026-04-23T05:51:54","modified_gmt":"2026-04-23T05:51:54","slug":"7d-my-beauty-week-krems-ar-retinolu-40-ml","status":"publish","type":"product","link":"https:\/\/e.kosmolat.eu\/lv\/product\/7d-my-beauty-week-krems-ar-retinolu-40-ml\/","title":{"rendered":"7D My Beauty Week Kr\u0113ms ar Retinolu, 40 ml"},"content":{"rendered":"<p>Divk\u0101r\u0161as iedarb\u012bbas sejas kr\u0113ms: intens\u012bva mitrin\u0101\u0161ana, pretnoveco\u0161an\u0101s un liftinga efekts. Retinols izl\u012bdzina smalk\u0101s l\u012bnijas un dzi\u013c\u0101s grumbi\u0146as, stimul\u0113 \u0161\u016bnu atjauno\u0161anos, atjauno \u0101du, c\u012bn\u0101s pret pigment\u0101ciju, k\u0101 ar\u012b izl\u012bdzina \u0101das tekst\u016bru un toni. Hialuronsk\u0101be intens\u012bvi mitrina, atsvaidzina, izl\u012bdzina \u0101du un atjauno mitruma l\u012bdzsvaru. E vitam\u012bns un aug\u013cu ekstrakti nomierina, toniz\u0113 un pal\u012bdz pal\u0113nin\u0101t \u0101das noveco\u0161an\u0101s procesus.<br \/>\n3D FACE FIT mas\u0101\u017eieris veicina akt\u012bvo sast\u0101vda\u013cu dzi\u013c\u0101ku iek\u013c\u016b\u0161anu epiderm\u0101, palielina \u0101das elast\u012bbu, izl\u012bdzina grumbi\u0146as, samazina piet\u016bkumu, uzlabo \u0101das toni un izce\u013c sejas kont\u016bras.<br \/>\nLieto\u0161ana: not\u012briet \u0101du ar savu ierasto sejas t\u012br\u012b\u0161anas l\u012bdzekli. Uzkl\u0101jiet kr\u0113mu un izl\u012bdziniet to pa sejas, kakla un dekolt\u0113 zonas mas\u0101\u017eas l\u012bnij\u0101m, 10\u201315 min\u016btes izmantojot mas\u0101\u017eas r\u012bku. Pagaidiet, l\u012bdz kr\u0113ms piln\u012bb\u0101 ies\u016bcas. Lai pan\u0101ktu maksim\u0101lu rezult\u0101tu, lietojiet kr\u0113mu divreiz dien\u0101 \u2013 no r\u012bta un vakar\u0101. P\u0113c lieto\u0161anas nekav\u0113joties aizveriet iepakojumu un noskalojiet mas\u0101\u017eieri ar \u016bdeni. Lai atv\u0113rtu iepakojumu, pagrieziet mas\u0101\u017eieri pret\u0113ji pulkste\u0146r\u0101d\u012bt\u0101ja virzienam; lai aizv\u0113rtu iepakojumu, pagrieziet to pulkste\u0146r\u0101d\u012bt\u0101ja virzien\u0101.<br \/>\nMAS\u0100\u017dAS L\u012aNIJAS<br \/>\n1. \u0100das elast\u012bbas uzlabo\u0161ana<br \/>\n2. Grumbu izl\u012bdzin\u0101\u0161ana<br \/>\n3. Piet\u016bkuma mazin\u0101\u0161ana<br \/>\n4. Tum\u0161o loku un maisi\u0146u zem ac\u012bm nov\u0113r\u0161ana<br \/>\n5. Sejas kont\u016bru veido\u0161ana<br \/>\nPiesardz\u012bbas pas\u0101kumi: tikai \u0101r\u0113jai lieto\u0161anai; izvair\u012bties no saskares ar ac\u012bm. Ja produkts non\u0101k ac\u012bs, nekav\u0113joties izskalojiet t\u0101s ar lielu daudzumu \u016bdens un konsult\u0113jieties ar \u0101rstu; nelietojiet uz boj\u0101tas \u0101das; p\u0101rtrauciet lieto\u0161anu, ja rodas kairin\u0101jums; nelietojiet, ja ir paaugstin\u0101ta jut\u012bba pret k\u0101du no sast\u0101vda\u013c\u0101m; izvairieties no saules stariem; lietojiet saules aizsargkr\u0113mu; glab\u0101jiet b\u0113rniem nepieejam\u0101 viet\u0101; glab\u0101jiet temperat\u016br\u0101 no 5 \u00b0C l\u012bdz 25 \u00b0C; pasarg\u0101jiet no tie\u0161as saules gaismas.<br \/>\nBr\u012bdin\u0101jums: satur A vitam\u012bnu. L\u016bgums pirms lieto\u0161anas p\u0101rdom\u0101t savu dienas devu.<\/p>\n","protected":false},"excerpt":{"rendered":"<p>Divk\u0101r\u0161as iedarb\u012bbas sejas kr\u0113ms: intens\u012bva mitrin\u0101\u0161ana, pretnoveco\u0161an\u0101s un liftinga efekts. Retinols izl\u012bdzina smalk\u0101s l\u012bnijas un dzi\u013c\u0101s grumbi\u0146as, stimul\u0113 \u0161\u016bnu atjauno\u0161anos, atjauno \u0101du, c\u012bn\u0101s pret pigment\u0101ciju, k\u0101 ar\u012b izl\u012bdzina \u0101das tekst\u016bru un toni. Hialuronsk\u0101be intens\u012bvi mitrina, atsvaidzina, izl\u012bdzina \u0101du un atjauno mitruma l\u012bdzsvaru. E vitam\u012bns un aug\u013cu ekstrakti nomierina, toniz\u0113 un pal\u012bdz pal\u0113nin\u0101t \u0101das noveco\u0161an\u0101s procesus. [&#8230;]\n","protected":false},"featured_media":0,"template":"","meta":[],"product_cat":[1911,1323],"product_tag":[],"class_list":{"0":"post-107177","1":"product","2":"type-product","3":"status-publish","5":"product_brand-7days_it","6":"product_cat-new-ru","7":"product_cat-1323","9":"first","10":"instock","11":"taxable","12":"shipping-taxable","13":"product-type-simple"},"_links":{"self":[{"href":"https:\/\/e.kosmolat.eu\/lv\/wp-json\/wp\/v2\/product\/107177","targetHints":{"allow":["GET"]}}],"collection":[{"href":"https:\/\/e.kosmolat.eu\/lv\/wp-json\/wp\/v2\/product"}],"about":[{"href":"https:\/\/e.kosmolat.eu\/lv\/wp-json\/wp\/v2\/types\/product"}],"wp:attachment":[{"href":"https:\/\/e.kosmolat.eu\/lv\/wp-json\/wp\/v2\/media?parent=107177"}],"wp:term":[{"taxonomy":"product_cat","embeddable":true,"href":"https:\/\/e.kosmolat.eu\/lv\/wp-json\/wp\/v2\/product_cat?post=107177"},{"taxonomy":"product_tag","embeddable":true,"href":"https:\/\/e.kosmolat.eu\/lv\/wp-json\/wp\/v2\/product_tag?post=107177"}],"curies":[{"name":"wp","href":"https:\/\/api.w.org\/{rel}","templated":true}]}}