{"id":107165,"date":"2026-04-13T13:39:52","date_gmt":"2026-04-13T13:39:52","guid":{"rendered":"https:\/\/e.kosmolat.eu\/product\/aroma-labora-skin-def-dienas-kr-visiem-adas-tip-spf-30-50-ml\/"},"modified":"2026-04-13T13:40:11","modified_gmt":"2026-04-13T13:40:11","slug":"aroma-labora-skin-def-dienas-kr-visiem-adas-tip-spf-30-50-ml","status":"publish","type":"product","link":"https:\/\/e.kosmolat.eu\/lv\/product\/aroma-labora-skin-def-dienas-kr-visiem-adas-tip-spf-30-50-ml\/","title":{"rendered":"Aroma Labora Skin Def. Dienas kr. visiem \u0101das tip. SPF 30, 50 ml"},"content":{"rendered":"<p>Viegl\u0101 dienas kr\u0113ma formula ar hialuronsk\u0101bi un za\u013c\u0101s t\u0113jas ekstraktu intens\u012bvi mitrina \u0101du un bag\u0101tina to ar antioksidantiem. Akt\u012bv\u0101s sast\u0101vda\u013cas stiprina dabisko aizsargbarjeru, pal\u012bdz pasarg\u0101t \u0101du no pies\u0101r\u0146ojuma un UV starojuma, pal\u0113ninot priek\u0161laic\u012bgas noveco\u0161an\u0101s procesus. Kr\u0113ms pastiprina \u0101das aizsargfunkcijas un veido neredzamu sl\u0101ni, kas samazina apk\u0101rt\u0113j\u0101s vides faktoru ietekmi. Ar SPF 30. Piem\u0113rots visiem \u0101das tipiem.<\/p>\n<p>Lieto\u0161ana: Katru r\u012btu uzkl\u0101jiet ar viegl\u0101m mas\u0113jo\u0161\u0101m kust\u012bb\u0101m uz att\u012br\u012btas sejas un kakla \u0101das. Lab\u0101kam rezult\u0101tam lietojiet kop\u0101 ar Aroma Labora Skin Defence nakts kr\u0113mu.<\/p>\n<p>Br\u012bdin\u0101jums: Satur A vitam\u012bnu. L\u016bgums pirms lieto\u0161anas p\u0101rdom\u0101t savu dienas devu.<\/p>\n","protected":false},"excerpt":{"rendered":"<p>Viegl\u0101 dienas kr\u0113ma formula ar hialuronsk\u0101bi un za\u013c\u0101s t\u0113jas ekstraktu intens\u012bvi mitrina \u0101du un bag\u0101tina to ar antioksidantiem. Akt\u012bv\u0101s sast\u0101vda\u013cas stiprina dabisko aizsargbarjeru, pal\u012bdz pasarg\u0101t \u0101du no pies\u0101r\u0146ojuma un UV starojuma, pal\u0113ninot priek\u0161laic\u012bgas noveco\u0161an\u0101s procesus. Kr\u0113ms pastiprina \u0101das aizsargfunkcijas un veido neredzamu sl\u0101ni, kas samazina apk\u0101rt\u0113j\u0101s vides faktoru ietekmi. Ar SPF 30. Piem\u0113rots visiem \u0101das [&#8230;]\n","protected":false},"featured_media":107169,"template":"","meta":[],"product_cat":[1320],"product_tag":[],"class_list":{"0":"post-107165","1":"product","2":"type-product","3":"status-publish","4":"has-post-thumbnail","6":"product_brand-aroma-bg","7":"product_cat-sejas-kremi","9":"first","10":"instock","11":"taxable","12":"shipping-taxable","13":"product-type-simple"},"_links":{"self":[{"href":"https:\/\/e.kosmolat.eu\/lv\/wp-json\/wp\/v2\/product\/107165","targetHints":{"allow":["GET"]}}],"collection":[{"href":"https:\/\/e.kosmolat.eu\/lv\/wp-json\/wp\/v2\/product"}],"about":[{"href":"https:\/\/e.kosmolat.eu\/lv\/wp-json\/wp\/v2\/types\/product"}],"wp:featuredmedia":[{"embeddable":true,"href":"https:\/\/e.kosmolat.eu\/lv\/wp-json\/wp\/v2\/media\/107169"}],"wp:attachment":[{"href":"https:\/\/e.kosmolat.eu\/lv\/wp-json\/wp\/v2\/media?parent=107165"}],"wp:term":[{"taxonomy":"product_cat","embeddable":true,"href":"https:\/\/e.kosmolat.eu\/lv\/wp-json\/wp\/v2\/product_cat?post=107165"},{"taxonomy":"product_tag","embeddable":true,"href":"https:\/\/e.kosmolat.eu\/lv\/wp-json\/wp\/v2\/product_tag?post=107165"}],"curies":[{"name":"wp","href":"https:\/\/api.w.org\/{rel}","templated":true}]}}