{"id":107149,"date":"2026-04-13T13:24:03","date_gmt":"2026-04-13T13:24:03","guid":{"rendered":"https:\/\/e.kosmolat.eu\/product\/vexes-smarzu-difuzors-ar-koc-zemene-100-ml\/"},"modified":"2026-04-17T13:04:43","modified_gmt":"2026-04-17T13:04:43","slug":"vexes-smarzu-difuzors-ar-koc-zemene-100-ml","status":"publish","type":"product","link":"https:\/\/e.kosmolat.eu\/lv\/product\/vexes-smarzu-difuzors-ar-koc-zemene-100-ml\/","title":{"rendered":"VEXES Smar\u017eu difuzors ar koc. Zemene, 100 ml"},"content":{"rendered":"<p>Difuzors, pateicoties ekskluz\u012bvajam arom\u0101tam sast\u0101v\u0101, pie&scaron;\u0137ir pat\u012bkamu arom\u0101tu J\u016bsu m\u0101j\u0101m un birojam un rot\u0101 dz\u012bvojamo telpu ar dekorat\u012bvu izskatu. Koci\u0146i uzs\u016bc arom\u0101tisko &scaron;\u0137idrumu, kas satur dab\u012bg\u0101s e\u013c\u013cas, un izplata to apk\u0101rt\u0113j\u0101 vid\u0113. Jums atliek vien izbaud\u012bt &scaron;o pat\u012bkamo atmosf\u0113ru.<\/p>\n<p>PIESARDZ\u012aBAS PAS\u0100KUMI: Uzman\u012bgi izlasiet lieto&scaron;anas instrukciju. Uzglab\u0101t difuzoru cie&scaron;i aizv\u0113rtu, b\u0113rniem un m\u0101jdz\u012bvniekiem nepieejam\u0101 viet\u0101. Nelietot telp\u0101s, kur uzturas gr\u016btnieces, b\u0113rni un cilv\u0113ki ar elpo&scaron;anas ce\u013cu slim\u012bb\u0101m. Neuzglab\u0101t p\u0101rtikas produktu tuvum\u0101. B\u012bstami ieelpo&scaron;anas un saskares ar \u0101du gad\u012bjum\u0101. Cilv\u0113kiem, kas ir jut\u012bgi pret parfim\u0113riju, produkts j\u0101lieto piesardz\u012bgi. &Scaron;\u0137idrumu nedr\u012bkst uzkl\u0101t uz koka m\u0113bel\u0113m, ap\u0123\u0113rba u. c. Gaisa aromatiz\u0113&scaron;anas l\u012bdzek\u013ci nav paredz\u0113ti higi\u0113nas m\u0113r\u0137iem.<\/p>\n<p><strong>Sast\u0101v\u0101:<\/strong> 30 % un vair\u0101k etanola. Smar\u017eas un arom\u0101tisk\u0101s kompoz\u012bcijas. Kr\u0101svielas.<\/p>\n<p>&nbsp;<\/p>\n<p><img decoding=\"async\" alt=\"\" src=\"data:image\/png;base64,iVBORw0KGgoAAAANSUhEUgAAAE0AAABNCAYAAAGUDtkmAAAAAXNSR0IArs4c6QAAAARnQU1BAACxjwv8YQUAAAAJcEhZcwAAFxEAABcRAcom8z8AABFsSURBVGhD5ZsJcBVVusdxF8TtWfqcEnVGkEUEGUnCzU0g5GYPJCThZiMBogOOuFDqFPUKKX2O1isLUUbQQXjqOCKFjoolOjXqEymRgMjiBBEIMCAoiEBI33D3Bc87\/6\/P6dv33r5rVplf1aneTp\/++t9nP1\/3S5n23HQW2LeXiUNjEEkSNXL7xDSKwHcpAH\/LjtDI+pT69+9PEV999VU6Pnvku2DkwO5ddBLwQ9peeumltAVISI3J8W3bQif5Lm2bmppoq+gjSfwissQwksS39cv4kSQJRUoY\/86vGTQVh8bga0hCJNET2LdHRAkSkXLg8CG6MGTIEFygINFSbp8Y\/Hwy0scff8yqqqroHLSliABy6Hn00Udp6\/tifTCSJDyyr3lDZCSJzEW+Lc3RI0miypIIuLlTCUiQiH\/3N2Q2CBxojf91jcBNgdbQD7p\/\/36xxz\/Brp2JJRye0OrVq3ETe\/DBB2m7c+dOcUUFZdkwYbxa4LuDIprKvffeyz766CNKCAHo9\/UEeLmP0JgS1WVuwE+zBx54QBwxdvXVV0ck6N++JXZhxUVEAuvWrTMMwLfx88RKvYS+cFjdAnxfbuxcFsLNvs0bKSRlUY9y9k9P\/0vsdg7XrAaXwvOZq6nGJU6lhvfuGke76Xb6CO2mkcxzV7VDXEoOz\/RKR\/u4kZSQBAknnaCrtszZnnGbSIKxWbNmiT2e4LjbmHtGtVNEjY13Wrm9PWOEuFWFnxZ7KkjQ11RnV++IgquhMsQicPToUUrszJkzbMWKFeIsT5DHczfVGlvoabI6wi0C559\/PiU2bNiwSAt5\/AgN3ZWFjvb04SJKEH6JQmlpKW2vvPLKyAT5fbifn+evVl3sNEoI4EaEw4cPa\/vDh0fGbU8bzlyV+c5+3uLs\/eE6AXnzrl1qd0UeI4SDLOMtztrDr3HrSrJ\/wBfS89JLL7ELL7ww5Obc3NyIxJCQszi7lRKSdOSZWmRul5SUlLCWlhZxZJBFMkexDkvaZ2oKYSh54\/bqEzSqKLdu3UrXkJBtYtp6casx9sLMfeEWhtNuHsUclox14pbYnCnKPBgtQbLIkrFBRE0MV4F5J27U024ezS2KolE8AkXmZkUkqPBXcyb6atHw5JvWK7lprCOe2IniKcicK3Z7Bu\/vpzvQjUi5Nu4OPLPqHGhmkZu8\/\/cPXneOpDa7V430zpxqV40ayXt1wVIMAgf2CSPTeCVfG7uS70qc08pdZBSvDAN7vhXmGBPYv5daIXzuTrfmsfDUlVOeQoMS3jeW8GhiL5TAnl3CyC7+3J76KcIorpSBUYFAQOwFm41o0FiQp0MFh3dr6AGp4G6c6tSMMhgWSnhUVlNTwxRF0YwrLy9nP\/\/8c1RD\/f\/crhkZtZ9ghJfLTnkqPfrnA5dddhnz+XyaQfowePBgbR88\/vjjtA2HRjG8VwAj8Vwe3xjX1CKnatRwJsfGsRgxYkSIQQgY8S5atEg7lo07QiwwE4KuB57vqioIKmmb3dh8mmdU9I+96z4S0aOD9hmjpGPHjmk9sUsuuSTEgMsvv5yOL774Yu28vtsXDe8\/1pIdsMc2Y+pGfq+Kp3jCQVKOl6pA624R3ZgrrriCHiqDx+MRV1TOnj1LW32cd999l84Z4d\/+FW\/6byfleBdpL49vjL3AtE01ciST00dG8KgUHnvsMXEmkoqKCoozZ84ccSYUTHjAKAzekuoB2PJN3+ImNEtGQ0s9hw4dYm+88Qbzer10jGmZZcuWaQqGoxo1iozqyEmxfwO4kq2akWJgDZDPEg1ms5nuwaBbMyp3bOf6SnrsReb9QSXVOb1E8W3aEDRq4riu6XcZYcs379WMFBOP0aDJAM2oLuoMJoKnMGsrFRz+cN+WTcIcFRyjBw+jUu4zdwWeIvMGMpIb4379Zc2oqIOd3sCZZ\/qs15WKRseKP5s7Vq4wi8O+gbLoKYt34ljmzbmT2VevtIjTvYtdGIVPieCDcX9b3bvG2Z9aoBlls5awjqoiplgyVOV6yzhFb1R5nqg0GLOVTKBzvfJZlYV\/zNWMmhI0SmIrHh80btVfc8Vt3Yt96SJVKf7J9EqFYyvKDn7W7lbOvvJ\/LT5pVJlFmBAdpdCsGede87fuMc7NMzNKHBk1OVc8OgjGCw6HQxwFUQqEcRN+y43r4gLh\/vv7ap6KYhRYvnw5a25uFkehKIVZmnL2lX\/pGuPcH\/89rlGgrq4uZKU1HEWf515Z3rkCEaJUmfHnk9TX11M3W046GmEr5VUJjONp2pcvSc0499o1wYweRam2tjYaMYHGxkYy7JprrqHje+65h7bhIC0yLjeN2ZctTe6z2lf\/Ja5R4IUXXiBjgJwjl8dWq5X99NNPtB8Oqhmk7YNxixclZpz9lT\/nenNiG7V582baPv\/882QIpsqxlQFcdNFF7PXXX6d9I2wV+apyFt7GPv3fsY2zL3mOG\/VbYdREkUQkR44coVG7NCw8ZGRk0Bajqh9\/\/FHcFYmtslA1jrcSyvyHjfOcsuhpXeUZ\/fMBDNn4LcxkMoUYdNNNN4Ucy8mZ7du3izsjsU0tpmf6eFD+8ECocvjOsSrPcOTsT3gARuefeOIJuhaNDs04rtx\/PaQaxxvkPB+vlRMxCgbh8wD5UBkw3wEefvjhiGvRBsV6NON4gTg1f25eP2ZJo55Ae9owESU2eNAHH3ygLaxjoIvtm2++SddPnz5NxzfeeCNtkReBHMHHAjOdsIXl8Tx6rH7ycFaYSdYqeeNElOjMnTuXHigD1tRRAmEoQBVxyy23sI0bN9L166+\/nrbxUPJNZAMrMLFT3CZ+T79+J2srhiZq3A8\/\/BBi2A033EDnT548SVu3203bO++8MyReLEKMaigfxuMHOWEtG8IKhHE8Yix4dAr3338\/zUS+88474orKgQMH6PrYsWNp29DQIK5EIo06mz+OnayvupXHj0SpnfJrTbkYxr333nuacbGIFwdfB8\/6mSulNJb9hseNzo9VpTezQvUtYhm3adMmeui1114rzoSCawjRmiVKnwd8vvZppTfj2XFps066ATfEMw6cOHGCffjhh2zt2rXiDGNPPvkkfc5ooORJo\/As8djEOFhm+U9pnC3MOPQqjNZZowU9WBaURuEZ4nHJYbMW\/oeRcp988knEpF2sIFFE5wD5GGmLx6RGe3X1lYl+1lgoosmDUW3FxVeI5DvH91YrVy6xqsQIZYIwqsjM9pabLxfJdg3HGyuvS8U4ZbzaDrPiLPZtzm0DRXJdy8mGyl9pBYIbGQ9FdA6gVMvo0ZeJZLoHqoRhXG5s4+jz8Tg9YpTEVlsxWCsQfLQdDpU+9BKKMtn3JlN\/cVvP0IGGn5TjlaVOuaBRPahUOG21FSNU5dJpLkMRszww6nhBLxklQd9JU04Y1W2lL1nkZ2U8v7X0tlLhtDUUD\/ou5+ZLxeG5h3vTBot7eqXDn3k7c99V7ej1iea+DMTyNE11eLPvoAVhlCVa9+ftP9b++8wSQl\/AvaU513dXnV0TC21K9hjyPpLdACkePI7sq17pmbnwvoh7yyYLfMb0YpFQfF96+fu\/3k6NMq384zrvn0M8OBn9W+U8iOWa3eAKFUt1hwiE+bVJpHi0xE3iqSswcCPDlL9I+tyD6qw5052GOatlh5AnNv4dW9VZelr1DornnlnjPKcaDPdnn1h89860e8fzeorXTZpYfOv\/epuQIzlIPN4blB4fWoOBOu+XXGyVx+blepusDiyNaGKNu43mWP0xvO4k+B3A7\/eLI2PgltpRPYncACnnQTxe73lqyhzKvDm\/nAYDS9WeGVUOzExrYvGXglixXBT1YFoeU\/YdHR3iTGwCB\/dz8UrVuV08j+c+TD67rZMcyoI\/9N2cB7HwI0lnxJLA6ZQnye677z5xJjECh\/7FOqxcvHSdeNweZ1WxK+6KUU9if\/opi6t+itOXpxYPVawRtCiUrFgSuTKKMGHChISWN\/TAv7XDWsLFG6bLeenMNbXQCVcEMrw3gMOPu67cESFWEjmrtbWVVjPC1xf1oiHMnj1bXFGBz6x++TkaZ78\/zGxVReSwS\/aJOs9dVeywL1vcc+LZF\/5Prrd+st1rKFZsP9xw8EcpnAB4suyZZ56hc8hV8AHHORnOO+88tmrVKroO7r77bjZo0KCEhAMkXkUBranJnAfxvFVFdvtfu3GEoSx+yuKpLXNgRbmzdZZk8eLFmjCjRql\/\/XzzzTchbt8yZGVl0XUIdd1119G5NWvW0LlEIfHKLEHxJnLxeOtOOa8ruypYvHbVljrRGuELaTmLPzxZsd5++216WenFEb76jv\/P9X4L+jBlyhRaHS0oKNDO6XNfMgSOcPH4xw4Xz2Ut6lwnWbmnIc9dV+bEan+IWJWFEX80J8PQoUPphRcsWEArtRdccIEmQrJh5cqVlCbWMgcMGGDoIRWLAM95WB\/HzxH0fmgwMDyrKXUqzy\/M489IjFONVounZrJaDPVi8Qo11WIoQX2Fip8\/Jm5YunQp2717d8T\/CDJgxfmRRx4JOffss8+KJyUHiq0qnsx5osFAJzlWV0WpKc\/11pbaEVkTi\/d3VLGSq+AlEGnHjtBxJVpC\/ri4Aa5GAKOCRISGj4H8UTZVkPPg06LPeSi23mlldvsf5wcbDKXJanFNLXVoYiHwQXXHtIqUxdLz4osvkgMYFrglY8aMMXxxGaqrq8llRYJV1XjF+KGHHqK4qPf096YC\/ivqaKwiHWhsK8Rz8S6WHc5BtorCsb7SCa1n801UIWqi8WGJ\/t+OVMELSLcqBBS39PT0EBHuuOOOkApeustI4CkwcOBAuoa667nnntNa2Kuuuoq9\/PLL5JthsVjIg6qz4L3JrRCToEI0rBy7Ck1fKmXjg24SJ6ZXZ\/tLsvcG8scFi+e4kcxWbon790483n\/\/fU0QozBv3jyKt379epaTk8Nee+01OpYcPHiQzZw5k7wdgL6rEh7QIqcK3hMLzMFJT02sbcdrp\/yap2\/M6capZm+4eCYuHh8W+ZL8YUdPVVVVyMshp8F7Rx7Pnz9fxIzNtm3bohZV+EfBmStZ8F4kFiZD+fsid0Es+pW\/evJNPO3EaGuoNLmKsvZgXS4o3u3MNmliSsUWLzN69OiQl7z11lvpl9Xjx4\/Tv2VvvfWWiG0MnMcWLlxIW\/g56\/t0EPLTTz8VMRMDf\/ZFiFVkhgvNt99PsiTng6MHTmHOkuzWcPHwMDw0WZYsWRKSwxAgQjKgj6e\/H60rfIMShcTi7yInQ9WcZWZnCkytXbq8bWssG+IszuYNhr7Ypi4eQIsKF2pU7pg\/w6+8GEbBOzB8ZgPj1MLCQhIJjUB2dnbSYhuLlckcBVmtx8aOHaC+aTdgm1E72FGYuS\/AB+x4qF68ztR53YmPVydwFAwRi5ccvMfxxoKecwew\/c46BH91+g3Ei9bawhuX39otAcOzcPBjsSqWrs6CWPgbdeaUq\/h9vcPJ6bVDlYLMfYmIB6fbo0ePdkuQ3RGA33Lx\/HCxzvCcdeYu67XC9N7nVIN1GP+q1FXRiwdnzlTrvGTB78FwR5P9LCmWPd+8t22GNfXWsLs5VV81nHcG\/xkuXmcajHj4tm4mDzT1H3z+PCGWqyizJWantK\/RNr1ihKcocwuMj1dsU8W3pZl+jpPrnzJn+YvMX53grb0w5ZfHiZycgfjVGp1GTTy8JB\/X+TZvEK+fHL4N61R\/RvPooFg8fTynW7sOPQ3cD+2WjM9ZMc8ZEeJ9IeSIje9zLhbcZLPU2QcpFn7K7zPujd0BvFxtloxmeFFL8cg3Y\/wY5t8SnD7S49vwmeronMVzFuJLsSamrT+nxQpn+9hfDbBbTF\/qxaOcx8VBxQ68X6yn43a9WHy4g2LY53xUe5LNgwb1t+dnfhWS83iRxRS7\/OFAzVl8uMPF6nEn8b4MKnBngflrTTwRtAp+8jlUwXc1x1Hn5Zl3sckTqM7qdaf6CPr1+3+KIlvEsFSw0gAAAABJRU5ErkJggg==\" \/><strong>GHS02 B\u012bstami<\/strong><\/p>\n<p><strong>H224<\/strong> \u012apa&scaron;i viegli uzliesmojo&scaron;s &scaron;\u0137idrums un tvaiki.<\/p>\n<p><img decoding=\"async\" alt=\"\" src=\"data:image\/png;base64,iVBORw0KGgoAAAANSUhEUgAAAEsAAABOCAYAAAEfhNvPAAAAAXNSR0IArs4c6QAAAARnQU1BAACxjwv8YQUAAAAJcEhZcwAAFxEAABcRAcom8z8AABkMSURBVGhD1VsLeFxlmc7KzVJoc2uapM39Nrm3aS5NA6Kw7AMuPIKAug8IdEHBBdl1FRXqyk3EC7igKPLgs9SKq5TF6sLKgvqIXFbFRbqSzDlzSdomvaRt2vSWNJmZ5Nv3\/f5zkplkJplJ0qJvO5k55\/znP9\/\/\/d\/9\/0+aTEFkbFzGxseco0lMa+hb2yjBthrnaBITDdlJsN3jHIl419XLOP65mGjoW1un36cuerdk5ubo70BHtX4T2tDfXq8HRDgckfu+\/CX9PY4O\/Wtr9XfaOIgP1JbqQTxYK7Nwh\/to3Lrr9o\/rT2Lf3r36ve26y0B7WH9PDgafY2+8invMAAY3fluimTTRkOCF8fGwjAT\/FNOIiGk4E6Y17PvMeufXJGIaHXr5v\/Q7cmCPfruYaDTc3+v8MhiLom7a4\/KKC\/R72ijDoWN6QOQXFzq\/cH5vn36n+SEZYw6fiLyoRpHxkARaakxP3e2T4uM+jrDbG\/Xb0ISerHWQBoeQsUgEYtVgDoAYwoPtRpR87UYiXMQ04hx2zyS58TAeGZfBJ78FOayVoVdecs4mRsLOjr35GgQ29undbbWYtX3O0XRMIX9MxbHbkXoXi5cukb5eM8PklXddY5S2TSKmM9\/aSU66+OCHrtKJXZyZ7pwxMJ1OqiGhnQUxnJHtgRhRiUa0lERjfDwiQ795EbPm6C\/\/REC0va5Gdlx6oZ6MB1cLXfAw2FaN0XggH+ZaLM\/wCUDajm5+0hw4oNR1dXXqb9g92XP\/5yA79dNGEtNZNPzg35DPdECwk8MvbZHtrbXRz4lBws5c2B1GigPga6JOXMzaWSqYtTPyNuL8ng0zdjY2FhEfZjnQiiHCVM6GhJ2NweT7MLNWNWayNEOCLXXa+UyI2xmVyt9WJZ1V2RLGIMMQTntFuvjWVBgBS4BpnXEw9ppKscqy4Ecmb+Rvb2Wu2PWFeFh8XYnpjBRYDaXiK4HXcnDZlVdIc3sbhmg6sCuXi686H257eocTnYXDIbHr8sVbneecMcgvKphinMfEV1csAfBxaofaGYfmr+AQciUCOxwNdjZV0UfHQtK1pkx8pcucMwbamRdP8YK5YcfXRoNU8TNN0TGzwWYoekW+cwad+SrzJbCmSgOOeKAdW16wwjmKRQT\/\/LAcgXUmUEk7+NN\/h42vS6h3KwpWyumLFzlHsQjhYyFwGe6z9ViHufeRB2AgGfokD7alKzvyG+PRCe2MFrP3kx+TQBs6nMKbs7MzJBfURSMCObNhXfsfvs85YzAhGmMQjeB718DUVDlnDNKXL5PcwsnO+Cyro176bvyIhojRmOiMYMPO0myx4J2iG7rUjkbGwN8aCb5nzbQREDGdEZxUf+1K6W4px8HkDSFMt42HBKMCw6mY1hlBwfaX5UhgVZHq5ChO+CACfk9xXIpcxO2MCKMDuyxPbFBpQdrfLs4G5+dgglxQ92zPcrGhIbPZMmLGzlLFvDsLg4X993xK\/FCpwf982jB8ATAnwjihnOSB53+MgKla7HM8YsPC2x1V0HuPDHX7oW34l3jeZ0VKhEUiYRA0Jsc6fytWezVC2wYYcZP0EKTDLkhHtFInPor86NGkZCAekiaMCd9IICi+5irEXiCKgudci4abvnmLMjRI962uhNM4jk9qBM5K2Bg7DI\/Cj5YjxKoXq2SZEjTbLLmi9nZFAeSvXjobjEOKJDm\/CQnj+Ni3DzruJ4cqlisxU6fmXaefpkFlHr1hUaEsSl\/iXDHguHSKa0kgw5ZYg50IMYTRCpocAFNRla8mkIQR0Rl2NPILHaLgVfk5\/awznSuTYFTicspuLIMMYqCYaiLK8sZggjC6JiJQmqMGPtBQnoCUWDy9+ekJd89Pa\/ta50p8cIDhoQPiR+jQ3VYHZ2OUJzJlJtIYPhFW+TKNpLuaS2VkYFfCMCEeslbkGY6VFInl9TpnZ8HouAx3vSVWWyWUqVYCtYYR7syk7fv6XSAIMcfaOum5oElPpgpOHwlbugy+JgW4RASbyhCVwHu2VMmh\/9io59LGw5AAcGffo1\/Wmko3NC\/YsUqFPxkwKP3aQw\/KWVkZs06jwaSAeKtyVd6YXx\/+\/a\/QF0h1Lk\/IGMMZjmDfvXdqOmfDxez++EeNds6g4vQCQ8PD8tHrrpMXX3rRORsfYwhH2V\/3xeci4oGGIqA78PT3zMUpj0hgLiKy7aqLkN7AssMG7fzGvdNCJhdbt25V2VKTgem89dZbnSuTYMGDkeWuT16PMLVelWvgrs9qMJ4ICe0YmUT590M77fYq6W73yLH\/+SWUInaSOZW7du+WVWuaZOOmTc7ZSbAcsnfj44jAaqQHOdz2S8\/TfmdDQsJcjEVC2lFXURZSeg8is1oZ6XnbUD0D6DEOv\/AsIuMG5ZC9qkK5ltBwTcGshBEaHmLk7JICa\/FBcNKjB\/Ya1jrP0nawM0O\/\/bX4WxFp0AzAt3IMEeREqSApwlzwuS7ssuXqO72NJXo8jsg7cnhAumE4A5j6zopso9m8J+q+ZJESYdGIgBDCV7kMqXudmhpWkztLYutNc8WcCXPh1r+9FSZtpV1cCMyLMGok4yz81eOQU+eaL+ZHFASOZHRVLpfO8kxzcgEwZ6LcKMRXjAQP\/pU1ps4yQ5hbGZwrUiZKYynzX6yqPC0D+Jvh41rrNIP3Vy3XdvMhK2WiWD4mrIKz1VB2N5fIyLH9cvzt3ylhFmyVVbbMkbK5ISWi3MDNLsjQsjxDktB+sxZDYg+9\/BwIrYY3qEPYXKSEuSYkFaREFKekqyQbBDWIr7VWQgf7JypetO6UpaOvvqQxFIM8X13BnDiWFFFusS9IGQIXekDQkPdNJWQqxpFfDj73Y+QEHsRvHkypqSFHVyJnw4xEUeHdvvyrkCSsgwUHUUd+8ZxOV7zn8DyVYe93H9Ri\/3bIWfcHOhzCkpvKmYlCT4yHes5txKjBobUVcvDZTZimUdNgJoyHZPfnb0EoVIXprJYdN3xI+0sGCYlyA77uyy\/QVD7Q2ij933xAz0XjxV+8JGWeSsnIyZYNX\/iCnnOnlXzZfct63F8PW1Yre26\/GTKG7GeWqUxIFDvc+bEPq9MNtiIy\/ewncA4hddRwt\/fu0DzRzRX5fe\/9X5poE4KBpaDvuPISCWLqA9DY\/gfuMLHWDJhGFItc7KjnI5eIrwMdQYv6br5awnFU+w9vvBGVI5pQ+aL3X+xcnQRJ7PnrVkwlxAAyueuhuya0Nh5iiKJdpHDvuu162BuPJhi9V3\/QXExQgVletHIio+bnB089FcNNwvQL7e1ANsWqDgg7+MMnqNYT2XY0YogiM3pvv0mrMkHESLvWX6WdzQTWbpUgTB1ruAcPHpxGlMJhdDc5BvmijA1+\/\/EJcxMNJSqMobDYuecbD8Cx1sIONUjf3543K0HEGWcvniAqM8\/4vdkQbKmGrFapEz\/0\/GZ9dvSzlCgSO7DxUeM64CYCMAFsxMazIe3Ud2mVhkLurnbG5ZSDccgSr3Yhe\/YhN7RhYI\/+8VVz0UFaBNHioRd+ZsJazHdPc2rF\/8bVq5VTJCrttFOcszNDB4yPVZOP59aIt61cjvf6ZSxs5Dbt6O9fUcHT1KihyBA0w0in4p577zFE4ePu0ZgV7N55hoVQh6m9v6lKRnu79VyaH2GGnmytRjg7MiPr4+GtrW8ZO4XPDTdN7uRIBrRjI\/07dJ3Chh2zysygVKa6SpdKD5PPpnK1UWNjSbgRwB1ATsEK5dbzL\/xcj2cFRJVJR2hwDzxFJQS+Xnxgjos0LitTnO3SbJ1C7+picyUJuESlpaXJKYvO0N+zQqfOfPlaPGLTbq3M1OOwYwuVU64B81ZmqcH01a1QQhMVPBIhmannMnF49JjYqyuVIBsc4l3RdypR2pdztgtpOtfzfNUr9RSrKYngEnHf\/ffLR665Wn8ngjZFEEiLFKgtRFzWKH5nmXPqYJQoF27ZxqpeIV5mJ+XxVyaj0daxTjWPMsVpTAQ+l9z3eQpgeurFKjcrx1zYnYppvZBq0m1hNJqWQ9Z4fDyBIU079RTVPn6WLIuf+7HmwD7sqgJY89WYsplNxzSi6P8oSiF0YzeWaizVVZKpozRzEIuKWs+k8ZzCKbe1ElSRoxpugTA9F2cR2kVCfo+HwxI+MiCBJkQLyO06i5cawqLgOtNrrr9O6ldN32zDZUzCV5KuC6ze+gLtY2pBbipmEAL85xBHhiXQUqla6S0ycsCi6lRMFVYWG5VDpVmwQ\/Cn9a63cPqdAYmJIvBwOtDw0QHpQnzlg9X1lmdP41gi2KVL4OSrxctVMSASSa6QNjNRDpiEjvYG4Dy5qgDNqXamIc6QOe3KobKl6r6s5ioQM4Rzs7AnCskRhYezwnL8jdcQZ9ciAETc3ljmXHUehi8SSWnpqnSWXkjQsUFMtwlXkkVSRLmgZh752WatIgeQkPrf1zw5lY7Q+z15cK41cPAeGd5hgUuJtSwRUiKKo6XF2fvtr0Ejq5EH1kjPVRer0SVJNl3U2lUaCg299kveMiekRBQR5lTie+cdt+kuNdYV+v7hGuk5r0nljfsvjmz5oRO1pjJpk0iZKBd8ZO\/N18HqN6qB5V5bFjb2ffsrIGhuxLiYO1E0F\/ju+6cbQRCca3uD7H3sQUwlzsfRylQwZ6IIPlsJe\/95IO4TmhUtBOZF1InCO0sU2Mxok0kMOb7zH28Qb+4S2f\/YI3pZi+HzFIWFxElnlpbfJz4m1Nr\/3a8if8mBIteqlQnA1HmL0+UYMkAKKp0Ct+i4deB3CiedWVwa4LKlMunRB8VbmIkknl4VzotZqFo+VrSQs7fUi12cIYO\/ft65N3XHtZA4KcxizsaqXAiKRSYNPv4tsQuR14EhjARZUeteBd91YYscty0JIjtmbdwPR6vbBVpqJFiaIYf\/8Jrpj6tV6vFProqeMGYZ2TEgs5RJL\/5EvMj7uNikH0QY\/mak8Gs8EurfqXEZg0sq2\/E3XxfLky\/+NrRhnIacwYcQ3aorlFBvUNtMPuXkMO2EMUvXKxEkclCjnf8rdmUe4kSP2FA5jYCaqxFl58pQj9ksG2OOYM9CzvGB538kAe43WwdJgxT6O6Cmq8t0exerAWwWcmzgicYCMmtc4wbmx25SNrJ\/l\/hWI8VtMbVnvsPCBTm7LEuOv\/orlQeOUeUjeqx6AWzQ08YJDD71Hd0zx9c7fCyKIg72N5VK8H1rcN2EolzC0kdDOk8EFlSy3B2GoSP7kN5Uit3MTQxUNwwO8bMX2erBn\/xI1Y2VtOSWuzgJsHlO071f+6J0lXPdGMlp+2rZ1lotb68pk95LL3BUE31P\/FpYzJtZamec9Iok2p5csWFb+G5EkAktS4rwaAeffsppkwyDEsNskhLZd\/dnxVuxXHra4QzgBAJI96y6CjDtvfoEUsStCjNtz0oVKTOLIu+qDRMsdw798F4WvBhfYLJAOBfou8oyZf\/Gx\/U6JYkFw9mCzMHBQRkeHnaOYkG7xK2IDGLdLYl7PnOjeKtW6FIlJ4hvIASrc6Tvxg+TRAcO1fNkXOqSRT4xVsJPMqrn\/DbxNxToyjNfvNO6TWm6DHz\/UW0+OguBt9x6q6T9VZqkL8vSwnhu0Ur9zsrP1UUXluk6nXewpi49mSTQnOv73G0S9GQh1KCnhfeE6lueYulbf5leN2QYBs8VyTHLsS8sZpE0Pnf75ReKVVtilkQ1DMDMQi12PnCH3kIofaQyAb9eeeUVOf3MRaaoWjy5VZcrVPk8xjeZ1tzWqu2nSYbTNT+ki5+d114uVn2BBri+dVWqonbFStl91z\/jqmnDFdK5qGdSzDIRt5GmvTd9VLzc+AwGcSXUXof0pGqZ9N10g7YlMcks2xEDAwOyOH0JpMms\/0wwK+pzFqRrwxf\/xbkjMegrdBcKv0HFtssuEKuhUL2whQn1tzWKr3y5HHjiIad9cjRGIyGzdM9EOKSeiNhz\/+dhUBErQbx1+RA5XGdNkWy\/9gN6fa4Cvrql2WxnnsosR9pOW7xI19mJZG2Oy4ax8IgEz2\/STeN8l9V7To1sA91dpZly5IXNOvlc14+3shwPMczizZQh898M\/8D3HhZveR7EulqXgviuidVYLMGLz1VZ01aY1rnMFHHHFzboLmZ30cX95MF2LS+EDYt6nSzZQWmyjqasaPCO8IF+3TzavaoMY6jHhCM4piNCCDL08n\/rGHQieN8MExLDLBLjhj6HnnkKNigbUoSAUmuMSGrXQP3akJqMmMhZX7SYJ97aulXSTj8liklGwvidkZsjl195hbabqycj40JOAj7S0yVdNcXS3cRswGOcEuK1AIRhyH5T20R0LSf+s9LoUSgV7g6yA1t+IN6iJXDFjUhN4IqZkzUjJCjL11LjiUBGZgakyOwccSUsD8dUwS1btjit5s6wibswRE5v5NCAdBUvRcrlAdMaoKLILlrgCIqzZGSH17QBPxhkRz8xTRcg8GPwpz+GumVCTCmi3NZeI9tXV0B8a3DnMW2sm0PmqG4z4dr110t6TvaEdLn7NdLOOM1psTDgZGu8R8+O4+O7t4m\/MlfXLqg5rNIzWefbtqPdljIterRpe79+j3RV5Oi7hNxKo\/WkVgSVHUhU95uX+40Qnzg888wzcsbZ5tUQV7Ky8pdL+7nnOC0WHpRSd533WOdb4oMd5o4KFiD57imrIRaC3cHN5jUTQm3WwIvPiV2UqbsHKVFaqVxTLj1IeiOHDcO0c37r34WBq1aM2s\/KWGriLcdmnYmQ4qFH\/lWvLxSUfvzRGMsZxjH\/VsSLK5HLcl8XYzMu20E9ER4N+f\/PNHIANaRqmYOBTY+JVbpMOcy0hd++VaXS8zftEpLjxvM5A1wI6AQ4\/a1uXqMBqEoXGHbqonfLtm3b9NpCQb2kY5tH9+\/QVwz9rZUw9A0QlFp8I\/mvypPht36vbbSKEiUcsXGWc37Pl+8Uuyxb8ztdj2QaU1ci2z98kTahWrIuPvUdsvnC8vnk07ffLg8\/8rBzxjB0PuD2S9oo2mbSHQ4Ni\/89EIbV3L4KdUNwzXzSV5Ilgz9\/1tyUADHMCo2PKud1BnC857abxarMRyBXK10dXExoFKtmhey65Wq9Pr9hzA4yKtnYKiFw+6hjprddep7W15gKBWCX6emDZctkzxPOahKfN554T0GsZEWBDIPz1N\/brrlEAp586DNSm7XUbXgNxGC7v\/J5va4z5gZoKcCVmhAyhdKqCjnlzHfLUiTUS7Iz5V2nnSqvv\/66Xk8VlCRWJahEZFPv318BzeAGIFOeDrIQiTx2992f1vYOGbMiMbP4GOo3enK94Y4rzhe7FjYMcQm9Rs\/aKrHhevvvvM1pQSbzj\/mdDIaGh7SyoF6Qxl2TaOMVWXW4c8OdTstZgOci\/DTSiN+c5t7rPqBhgH2OMd7q5cqypP8+0yfbsqioBj8JJGRWNFhxoIiSAHbbx33T9YWYIUfnIW0+5I177\/6Mtp9hQ9M0HD16VEs0btXB9YY8XpyRLl+8+y6n5cww7yeZQW+\/9jJowgqxOurM7mKkal5oxp77N+h1jmOmzXiJkBSzosFZI0l81LaL3gNvWaKxWRB2zQcRZ8Fv4PGHtQ3tH3eGmjsSo29nnyyDJ1yUfrbuZs5EjJV2+qny5MYnnRbxMYY0JozPmOPhdt9+M2zQCjUVnETS468ukL5PrVcKUhD4uEiZWepVmEM6r2GOjhzVmQs2MdE2peRgK0S+BJn98yazTwSqgfuJB62hJbhGuJf6H3lA\/KUs\/IE5DHvaYR7qK2TH371fr7NZGOI+X2eRMrOiQSkjAZSd0J5uff3dj3SBMZq+67W2Ql+rGvrj64ZgSMB880st3DmDPvzMRukszdDMw4dYaTue+XZTmfRc2I6nGOOerD1KBvNiFslQY6o\/9JQMWX9EYFeoq8hcTdYl+RbMdEOpHO83QSYlRpmWxESbZ+Av1dkZ+JHfvSy+8pyJjIOLsFYTJqnFIyOD+\/Ue9m08+sJhXsyaCs74qJNoH375F2IhMec7c3xZneppt1RINzKC0Ngx42GTGQkGTNUnQn1BffM12MxXQljOrhUL\/ftrciW0oxu+kI0ovScGC8qsaLjqeXDzJuSdGVoHc18Xt5rLZFtHk0oA2zDlilYX\/lSpcOpQo4f36CsDgRZuMjSrOD5Ka2mODAf+ZCTJ+XsiccKYxY0gfHvELUsPPLtJrOJ02DO4cUhagGUgRNM9kI6poL0hE8MH+qQLcVwAKk0G6XIXUhOrMENGt3cpe7gKrdvTTzyvThyzosGNIe6bxgc2fQcxmdmLxf34PVTPhlzpueR8ZRJVKbyvR\/yNldLVUgqmmgCYL9XZ1bky\/Kc\/KF\/CY8ltdV5InBRm8eVPCphZTjOGqv+rG+AIEBNRLZ06kh9OwM9lrOZyMJLBJINehCFl+XLkV1uM8DiVAKrpSRCmGJwUZkWDGsPSR8SRtJ0bPiV+vh6MWM14T2QEYBJr497SXDn4b9\/Udsw9GSu9kzjpzIqGu2+L2L7+SumqX6Gq6avMlv57PqfXEEqaBn8GeEeZpWuT4IU6AxyHBg8goGyDwTbviKhXZIM\/E7yjzPrLgsj\/A070agCGjHaOAAAAAElFTkSuQmCC\" \/><strong>GHS07 Uzman\u012bbu<\/strong><\/p>\n<p><strong>H315<\/strong> Kairina \u0101du<\/p>\n<p><strong>H319<\/strong> Izraisa nopietnu acu kairin\u0101jumu.<\/p>\n<p><strong>Br\u012bdin\u0101jums<\/strong><\/p>\n<p><strong>H317<\/strong> Var izrais\u012bt aler\u0123isku \u0101das reakciju.<\/p>\n<p><strong>H302 <\/strong>Kait\u012bgs, ja norij.<\/p>\n<p><strong>H411 <\/strong>Toksisks \u016bdens organismiem ar ilgsto&scaron;\u0101m sek\u0101m.<\/p>\n<p>Dro&scaron;\u012bbas pras\u012bbu apz\u012bm\u0113jumi:<\/p>\n<p>P101 Medic\u012bniska padoma nepiecie&scaron;am\u012bbas gad\u012bjum\u0101 attiec\u012bg\u0101 inform\u0101cija ir nor\u0101d\u012bta uz iepakojuma vai eti\u0137etes.<\/p>\n<p>P102 Sarg\u0101t no b\u0113rniem.<\/p>\n<p>P103 Pirms izmanto&scaron;anas izlas\u012bt eti\u0137eti.<\/p>\n<p>P210 Sarg\u0101t no karstuma, karst\u0101m virsm\u0101m, dzirkstel\u0113m, atkl\u0101tas uguns un citiem aizdeg&scaron;an\u0101s avotiem. Nesm\u0113\u0137\u0113t.<\/p>\n<p>P261 Izvair\u012bties ieelpot izgarojumus.<\/p>\n<p>P273 Izvair\u012bties no izplat\u012b&scaron;anas apk\u0101rt\u0113j\u0101 vid\u0113.&nbsp;&nbsp;&nbsp;&nbsp;<\/p>\n<p>P280 Izmantot aizsargcimdus\/ acu aizsargus\/ sejas aizsargus.<\/p>\n<p>P303+P361+P353 SASKAR\u0112 AR \u0100DU (vai matiem): Nekav\u0113joties novilkt visu pies\u0101r\u0146oto ap\u0123\u0113rbu. Noskalot \u0101du ar \u016bdeni [vai iet du&scaron;\u0101].<\/p>\n<p>P333+P313 Ja rodas \u0101das iekaisums vai izsitumi: l\u016bdziet medi\u0137u pal\u012bdz\u012bbu. P305+P351+P338 SASKAR\u0112 AR AC\u012aM: Uzman\u012bgi izskalot ar \u016bdeni vair\u0101kas min\u016btes. Iz\u0146emt kontaktl\u0113cas, ja t\u0101s ir ievietotas un ja to var vienk\u0101r&scaron;i izdar\u012bt. Turpin\u0101t skalot.<\/p>\n<p>P337+P313 Ja acu iekaisums nep\u0101riet: l\u016bdziet medi\u0137u pal\u012bdz\u012bbu.<\/p>\n<p>P301+P312 NOR\u012a&Scaron;ANAS GAD\u012aJUM\u0100: Nekav\u0113joties sazinieties ar SAIND\u0112&Scaron;AN\u0100S INFORM\u0100CIJAS CENTRU\/\u0101rstu.&nbsp;&nbsp;<\/p>\n<p>P391 Sav\u0101kt iz&scaron;\u013cakst\u012bto &scaron;\u0137idrumu.<\/p>\n<p>P321 \u012apa&scaron;a medic\u012bnisk\u0101 pal\u012bdz\u012bba (saskares vietas nomazg\u0101t ar \u016bdeni un ziep\u0113m).&nbsp;<\/p>\n<p>P403+P235 Glab\u0101t labi v\u0113din\u0101m\u0101s telp\u0101s. Tur\u0113t v\u0113sum\u0101.<\/p>\n<p>P501 Atbr\u012bvoties no satura\/tvertnes\/ iepakojuma saska\u0146\u0101 ar valsts noteikumiem.<\/p>\n","protected":false},"excerpt":{"rendered":"<p>Difuzors, pateicoties ekskluz\u012bvajam arom\u0101tam sast\u0101v\u0101, pie&scaron;\u0137ir pat\u012bkamu arom\u0101tu J\u016bsu m\u0101j\u0101m un birojam un rot\u0101 dz\u012bvojamo telpu ar dekorat\u012bvu izskatu. Koci\u0146i uzs\u016bc arom\u0101tisko &scaron;\u0137idrumu, kas satur dab\u012bg\u0101s e\u013c\u013cas, un izplata to apk\u0101rt\u0113j\u0101 vid\u0113. Jums atliek vien izbaud\u012bt &scaron;o pat\u012bkamo atmosf\u0113ru. PIESARDZ\u012aBAS PAS\u0100KUMI: Uzman\u012bgi izlasiet lieto&scaron;anas instrukciju. Uzglab\u0101t difuzoru cie&scaron;i aizv\u0113rtu, b\u0113rniem un m\u0101jdz\u012bvniekiem nepieejam\u0101 viet\u0101. Nelietot [&#8230;]\n","protected":false},"featured_media":107153,"template":"","meta":[],"product_cat":[1524],"product_tag":[],"class_list":{"0":"post-107149","1":"product","2":"type-product","3":"status-publish","4":"has-post-thumbnail","6":"product_brand-vexes_fon_tr","7":"product_cat-oro-gaivikliai-namu-kvapikliai","9":"first","10":"instock","11":"taxable","12":"shipping-taxable","13":"product-type-simple"},"_links":{"self":[{"href":"https:\/\/e.kosmolat.eu\/lv\/wp-json\/wp\/v2\/product\/107149","targetHints":{"allow":["GET"]}}],"collection":[{"href":"https:\/\/e.kosmolat.eu\/lv\/wp-json\/wp\/v2\/product"}],"about":[{"href":"https:\/\/e.kosmolat.eu\/lv\/wp-json\/wp\/v2\/types\/product"}],"wp:featuredmedia":[{"embeddable":true,"href":"https:\/\/e.kosmolat.eu\/lv\/wp-json\/wp\/v2\/media\/107153"}],"wp:attachment":[{"href":"https:\/\/e.kosmolat.eu\/lv\/wp-json\/wp\/v2\/media?parent=107149"}],"wp:term":[{"taxonomy":"product_cat","embeddable":true,"href":"https:\/\/e.kosmolat.eu\/lv\/wp-json\/wp\/v2\/product_cat?post=107149"},{"taxonomy":"product_tag","embeddable":true,"href":"https:\/\/e.kosmolat.eu\/lv\/wp-json\/wp\/v2\/product_tag?post=107149"}],"curies":[{"name":"wp","href":"https:\/\/api.w.org\/{rel}","templated":true}]}}