{"id":107128,"date":"2026-04-13T10:05:27","date_gmt":"2026-04-13T10:05:27","guid":{"rendered":"https:\/\/e.kosmolat.eu\/product\/c-organic-mimi-roku-krems-sweet-joy-50-ml\/"},"modified":"2026-04-16T10:22:19","modified_gmt":"2026-04-16T10:22:19","slug":"c-organic-mimi-roku-krems-sweet-joy-50-ml","status":"publish","type":"product","link":"https:\/\/e.kosmolat.eu\/lv\/product\/c-organic-mimi-roku-krems-sweet-joy-50-ml\/","title":{"rendered":"C Organic Mimi Roku kr\u0113ms Sweet Joy, 50 ml"},"content":{"rendered":"<p>Ar hialuronsk\u0101bi, organisko makad\u0101mijas e\u013c\u013cu un z\u012bdkoka ekstraktu.<\/p>\n<p>Lieto\u0161ana: uzkl\u0101t uz t\u012bras un sausas roku \u0101das. Tikai \u0101r\u012bgai lieto\u0161anai.<\/p>\n","protected":false},"excerpt":{"rendered":"<p>Ar hialuronsk\u0101bi, organisko makad\u0101mijas e\u013c\u013cu un z\u012bdkoka ekstraktu. Lieto\u0161ana: uzkl\u0101t uz t\u012bras un sausas roku \u0101das. Tikai \u0101r\u012bgai lieto\u0161anai.<\/p>\n","protected":false},"featured_media":107132,"template":"","meta":[],"product_cat":[1304],"product_tag":[],"class_list":{"0":"post-107128","1":"product","2":"type-product","3":"status-publish","4":"has-post-thumbnail","6":"product_brand-ecolab_cs","7":"product_cat-ranku-prieziuros-kosmetika","9":"first","10":"instock","11":"taxable","12":"shipping-taxable","13":"product-type-simple"},"_links":{"self":[{"href":"https:\/\/e.kosmolat.eu\/lv\/wp-json\/wp\/v2\/product\/107128","targetHints":{"allow":["GET"]}}],"collection":[{"href":"https:\/\/e.kosmolat.eu\/lv\/wp-json\/wp\/v2\/product"}],"about":[{"href":"https:\/\/e.kosmolat.eu\/lv\/wp-json\/wp\/v2\/types\/product"}],"wp:featuredmedia":[{"embeddable":true,"href":"https:\/\/e.kosmolat.eu\/lv\/wp-json\/wp\/v2\/media\/107132"}],"wp:attachment":[{"href":"https:\/\/e.kosmolat.eu\/lv\/wp-json\/wp\/v2\/media?parent=107128"}],"wp:term":[{"taxonomy":"product_cat","embeddable":true,"href":"https:\/\/e.kosmolat.eu\/lv\/wp-json\/wp\/v2\/product_cat?post=107128"},{"taxonomy":"product_tag","embeddable":true,"href":"https:\/\/e.kosmolat.eu\/lv\/wp-json\/wp\/v2\/product_tag?post=107128"}],"curies":[{"name":"wp","href":"https:\/\/api.w.org\/{rel}","templated":true}]}}