{"id":107120,"date":"2026-04-13T10:05:10","date_gmt":"2026-04-13T10:05:10","guid":{"rendered":"https:\/\/e.kosmolat.eu\/product\/c-organic-mimi-roku-sviestkrems-mango-go-50-ml\/"},"modified":"2026-04-17T08:39:08","modified_gmt":"2026-04-17T08:39:08","slug":"c-organic-mimi-roku-sviestkrems-mango-go-50-ml","status":"publish","type":"product","link":"https:\/\/e.kosmolat.eu\/lv\/product\/c-organic-mimi-roku-sviestkrems-mango-go-50-ml\/","title":{"rendered":"C Organic Mimi Roku sviestkr\u0113ms Mango Go, 50 ml"},"content":{"rendered":"<p>Ar bisabololu, organisko mango sviestu un kukui riekstu e\u013c\u013cu.<\/p>\n<p>Lieto\u0161ana: uzkl\u0101t uz t\u012bras un sausas roku \u0101das.  Rezult\u0101ts: maiga, gluda un mitrin\u0101ta \u0101da. Tikai \u0101r\u012bgai lieto\u0161anai.<\/p>\n","protected":false},"excerpt":{"rendered":"<p>Ar bisabololu, organisko mango sviestu un kukui riekstu e\u013c\u013cu. Lieto\u0161ana: uzkl\u0101t uz t\u012bras un sausas roku \u0101das. Rezult\u0101ts: maiga, gluda un mitrin\u0101ta \u0101da. Tikai \u0101r\u012bgai lieto\u0161anai.<\/p>\n","protected":false},"featured_media":107124,"template":"","meta":[],"product_cat":[1305],"product_tag":[],"class_list":{"0":"post-107120","1":"product","2":"type-product","3":"status-publish","4":"has-post-thumbnail","6":"product_brand-ecolab_cs","7":"product_cat-1305","9":"first","10":"instock","11":"taxable","12":"shipping-taxable","13":"product-type-simple"},"_links":{"self":[{"href":"https:\/\/e.kosmolat.eu\/lv\/wp-json\/wp\/v2\/product\/107120","targetHints":{"allow":["GET"]}}],"collection":[{"href":"https:\/\/e.kosmolat.eu\/lv\/wp-json\/wp\/v2\/product"}],"about":[{"href":"https:\/\/e.kosmolat.eu\/lv\/wp-json\/wp\/v2\/types\/product"}],"wp:featuredmedia":[{"embeddable":true,"href":"https:\/\/e.kosmolat.eu\/lv\/wp-json\/wp\/v2\/media\/107124"}],"wp:attachment":[{"href":"https:\/\/e.kosmolat.eu\/lv\/wp-json\/wp\/v2\/media?parent=107120"}],"wp:term":[{"taxonomy":"product_cat","embeddable":true,"href":"https:\/\/e.kosmolat.eu\/lv\/wp-json\/wp\/v2\/product_cat?post=107120"},{"taxonomy":"product_tag","embeddable":true,"href":"https:\/\/e.kosmolat.eu\/lv\/wp-json\/wp\/v2\/product_tag?post=107120"}],"curies":[{"name":"wp","href":"https:\/\/api.w.org\/{rel}","templated":true}]}}