{"id":107106,"date":"2026-04-13T08:58:33","date_gmt":"2026-04-13T08:58:33","guid":{"rendered":"https:\/\/e.kosmolat.eu\/product\/vitateka-sinepju-plakst-n10\/"},"modified":"2026-04-21T09:17:49","modified_gmt":"2026-04-21T09:17:49","slug":"vitateka-sinepju-plakst-n10","status":"publish","type":"product","link":"https:\/\/e.kosmolat.eu\/lv\/product\/vitateka-sinepju-plakst-n10\/","title":{"rendered":"Vitateka Sinepju pl\u0101kst., N10"},"content":{"rendered":"<p>Sinepju pl\u0101ksteri ir tradicion\u0101ls l\u012bdzeklis \u0101trai un \u0113rtai sinepju pulvera \u0101r\u0113jai lieto&scaron;anai.<\/p>\n<p><strong>Lieto&scaron;anas instrukcija<\/strong>:<\/p>\n<p>Sinepes ir dab\u012bgas izcelsmes, t\u0101p\u0113c to iedarb\u012bba var at&scaron;\u0137irties un ir atkar\u012bga no \u0101das tipa un st\u0101vok\u013ca.<\/p>\n<p>&bull; Sakratiet sinepju pl\u0101ksteri horizont\u0101l\u0101 st\u0101vokl\u012b, lai t\u0101 saturs vienm\u0113r\u012bgi sadal\u012btos vis\u0101s 4 kamer\u0101s.<\/p>\n<p>&bull; Iem\u0113rciet sinepju pl\u0101ksteri horizont\u0101li uz 15&ndash;20 sekund\u0113m silt\u0101 \u016bden\u012b.<\/p>\n<p>&bull; Pieaugu&scaron;ajiem: uzlieciet poraino pusi uz vajadz\u012bg\u0101s \u0101das vietas.<\/p>\n<p>&bull; B\u0113rniem un cilv\u0113kiem ar jut\u012bgu \u0101du: uzlieciet poraino pusi uz vajadz\u012bg\u0101s \u0101das vietas caur marles audumu.<\/p>\n<p>&bull; P\u0101rkl\u0101jiet ar sausu dvieli.<\/p>\n<p>Sinepju pl\u0101ksteris s\u0101ks darboties 4&ndash;7 min\u016b&scaron;u laik\u0101.<\/p>\n<p>Atkar\u012bb\u0101 no panesam\u012bbas, p\u0113c tam, kad pl\u0101ksteris s\u0101cis darboties, atst\u0101jiet to uz \u0101das 5&ndash;10 min\u016btes.<\/p>\n<p>&nbsp;<\/p>\n<p><strong>Br\u012bdin\u0101jumi<\/strong>: Nelietojiet sinepju pl\u0101ksterus uz \u0101das ilg\u0101k par 25 min\u016bt\u0113m, pat ja saj\u016btat v\u0101ju dedzin\u0101&scaron;anu vai to visp\u0101r nej\u016btat &mdash; tas var izrais\u012bt apdegumus.<\/p>\n<p>Ja saj\u016btat sp\u0113c\u012bgu dedzin\u0101&scaron;anu, nekav\u0113joties no\u0146emiet sinepju pl\u0101ksteri.<\/p>\n<p>P\u0113c sinepju pl\u0101kstera no\u0146em&scaron;anas not\u012briet \u0101du no sinepju paliek\u0101m ar mitru, siltu dvieli.<\/p>\n<p>Nelietojiet sinepju pl\u0101ksterus uz vienas un t\u0101s pa&scaron;as \u0101das zonas katru dienu.<\/p>\n<p>Nelietojiet uz sirds zonas un dzimumz\u012bm\u0113m. Nelietojiet, ja ir individu\u0101la nepanesam\u012bba pret sast\u0101vda\u013c\u0101m, \u0101das boj\u0101jumi vai slim\u012bbas. Nelietojiet, ja ir paaugstin\u0101ta \u0137erme\u0146a temperat\u016bra.<\/p>\n<p><\/body><\/p>\n","protected":false},"excerpt":{"rendered":"<p>Sinepju pl\u0101ksteri ir tradicion\u0101ls l\u012bdzeklis \u0101trai un \u0113rtai sinepju pulvera \u0101r\u0113jai lieto&scaron;anai. Lieto&scaron;anas instrukcija: Sinepes ir dab\u012bgas izcelsmes, t\u0101p\u0113c to iedarb\u012bba var at&scaron;\u0137irties un ir atkar\u012bga no \u0101das tipa un st\u0101vok\u013ca. &bull; Sakratiet sinepju pl\u0101ksteri horizont\u0101l\u0101 st\u0101vokl\u012b, lai t\u0101 saturs vienm\u0113r\u012bgi sadal\u012btos vis\u0101s 4 kamer\u0101s. &bull; Iem\u0113rciet sinepju pl\u0101ksteri horizont\u0101li uz 15&ndash;20 sekund\u0113m silt\u0101 \u016bden\u012b. [&#8230;]\n","protected":false},"featured_media":107110,"template":"","meta":[],"product_cat":[2181],"product_tag":[],"class_list":{"0":"post-107106","1":"product","2":"type-product","3":"status-publish","4":"has-post-thumbnail","6":"product_brand-vitateka","7":"product_cat-bez-kategorijas-lt","9":"first","10":"instock","11":"taxable","12":"shipping-taxable","13":"product-type-simple"},"_links":{"self":[{"href":"https:\/\/e.kosmolat.eu\/lv\/wp-json\/wp\/v2\/product\/107106","targetHints":{"allow":["GET"]}}],"collection":[{"href":"https:\/\/e.kosmolat.eu\/lv\/wp-json\/wp\/v2\/product"}],"about":[{"href":"https:\/\/e.kosmolat.eu\/lv\/wp-json\/wp\/v2\/types\/product"}],"wp:featuredmedia":[{"embeddable":true,"href":"https:\/\/e.kosmolat.eu\/lv\/wp-json\/wp\/v2\/media\/107110"}],"wp:attachment":[{"href":"https:\/\/e.kosmolat.eu\/lv\/wp-json\/wp\/v2\/media?parent=107106"}],"wp:term":[{"taxonomy":"product_cat","embeddable":true,"href":"https:\/\/e.kosmolat.eu\/lv\/wp-json\/wp\/v2\/product_cat?post=107106"},{"taxonomy":"product_tag","embeddable":true,"href":"https:\/\/e.kosmolat.eu\/lv\/wp-json\/wp\/v2\/product_tag?post=107106"}],"curies":[{"name":"wp","href":"https:\/\/api.w.org\/{rel}","templated":true}]}}