{"id":107074,"date":"2026-04-13T05:07:58","date_gmt":"2026-04-13T05:07:58","guid":{"rendered":"https:\/\/e.kosmolat.eu\/product\/aroma-labora-skin-def-nakts-kr-visiem-adas-tip-50-ml\/"},"modified":"2026-04-13T13:40:30","modified_gmt":"2026-04-13T13:40:30","slug":"aroma-labora-skin-def-nakts-kr-visiem-adas-tip-50-ml","status":"publish","type":"product","link":"https:\/\/e.kosmolat.eu\/lv\/product\/aroma-labora-skin-def-nakts-kr-visiem-adas-tip-50-ml\/","title":{"rendered":"Aroma Labora Skin Def. Nakts kr. visiem \u0101das tip., 50 ml"},"content":{"rendered":"<p>Intens\u012bvs mitrino\u0161s nakts kr\u0113ms ar hialuronsk\u0101bi un za\u013c\u0101s t\u0113jas ekstraktu, kas ir bag\u0101ts ar antioksidantiem. Akt\u012bvo sast\u0101vda\u013cu kombin\u0101cija nodro\u0161ina intens\u012bvu mitrin\u0101\u0161anu, stiprina \u0101du un pal\u012bdz pasarg\u0101t to no kait\u012bg\u0101 UV starojuma, kas izraisa priek\u0161laic\u012bgu \u0101das noveco\u0161anos. Efekt\u012bvais hialuronsk\u0101bes un za\u013c\u0101s t\u0113jas ekstrakta komplekss mitrina, stiprina \u0101das barjeru un aizsarg\u0101 \u0161\u016bnas no mikrostresa, ko izraisa pies\u0101r\u0146ojums un br\u012bvie radik\u0101\u013ci, saglab\u0101jot \u0101du t\u012bru, vesel\u012bgu un starojo\u0161u. Piem\u0113rots visiem \u0101das tipiem.<\/p>\n<p>Lieto\u0161ana: Katru vakaru uzkl\u0101jiet kr\u0113mu ar viegl\u0101m mas\u0113jo\u0161\u0101m kust\u012bb\u0101m uz att\u012br\u012btas sejas un kakla \u0101das. Lab\u0101kam rezult\u0101tam lietojiet kop\u0101 ar dienas kr\u0113mu Aroma Labora Skin Defence.<\/p>\n<p>Br\u012bdin\u0101jums: Satur A vitam\u012bnu. L\u016bgums pirms lieto\u0161anas p\u0101rdom\u0101t savu dienas devu.<\/p>\n","protected":false},"excerpt":{"rendered":"<p>Intens\u012bvs mitrino\u0161s nakts kr\u0113ms ar hialuronsk\u0101bi un za\u013c\u0101s t\u0113jas ekstraktu, kas ir bag\u0101ts ar antioksidantiem. Akt\u012bvo sast\u0101vda\u013cu kombin\u0101cija nodro\u0161ina intens\u012bvu mitrin\u0101\u0161anu, stiprina \u0101du un pal\u012bdz pasarg\u0101t to no kait\u012bg\u0101 UV starojuma, kas izraisa priek\u0161laic\u012bgu \u0101das noveco\u0161anos. Efekt\u012bvais hialuronsk\u0101bes un za\u013c\u0101s t\u0113jas ekstrakta komplekss mitrina, stiprina \u0101das barjeru un aizsarg\u0101 \u0161\u016bnas no mikrostresa, ko izraisa pies\u0101r\u0146ojums [&#8230;]\n","protected":false},"featured_media":107078,"template":"","meta":[],"product_cat":[1320],"product_tag":[],"class_list":{"0":"post-107074","1":"product","2":"type-product","3":"status-publish","4":"has-post-thumbnail","6":"product_brand-aroma-bg","7":"product_cat-sejas-kremi","9":"first","10":"outofstock","11":"taxable","12":"shipping-taxable","13":"product-type-simple"},"_links":{"self":[{"href":"https:\/\/e.kosmolat.eu\/lv\/wp-json\/wp\/v2\/product\/107074","targetHints":{"allow":["GET"]}}],"collection":[{"href":"https:\/\/e.kosmolat.eu\/lv\/wp-json\/wp\/v2\/product"}],"about":[{"href":"https:\/\/e.kosmolat.eu\/lv\/wp-json\/wp\/v2\/types\/product"}],"wp:featuredmedia":[{"embeddable":true,"href":"https:\/\/e.kosmolat.eu\/lv\/wp-json\/wp\/v2\/media\/107078"}],"wp:attachment":[{"href":"https:\/\/e.kosmolat.eu\/lv\/wp-json\/wp\/v2\/media?parent=107074"}],"wp:term":[{"taxonomy":"product_cat","embeddable":true,"href":"https:\/\/e.kosmolat.eu\/lv\/wp-json\/wp\/v2\/product_cat?post=107074"},{"taxonomy":"product_tag","embeddable":true,"href":"https:\/\/e.kosmolat.eu\/lv\/wp-json\/wp\/v2\/product_tag?post=107074"}],"curies":[{"name":"wp","href":"https:\/\/api.w.org\/{rel}","templated":true}]}}