{"id":107049,"date":"2026-04-10T11:47:21","date_gmt":"2026-04-10T11:47:21","guid":{"rendered":"https:\/\/e.kosmolat.eu\/product\/pl-losj-toniks-kombin-adai-rudzupuke-100-ml\/"},"modified":"2026-04-10T11:47:34","modified_gmt":"2026-04-10T11:47:34","slug":"pl-losj-toniks-kombin-adai-rudzupuke-100-ml","status":"publish","type":"product","link":"https:\/\/e.kosmolat.eu\/lv\/product\/pl-losj-toniks-kombin-adai-rudzupuke-100-ml\/","title":{"rendered":"PL Losj.-toniks kombin. \u0101dai Rudzupu\u0137e, 100 ml"},"content":{"rendered":"<p>Satur 5 ekstraktu un e\u013c\u013cu esenci Nature Plus (verbenas un peonijas ekstrakti, mande\u013cu, lins\u0113klu e\u013c\u013cas un ol\u012bve\u013c\u013ca) + hialurons. Mitrin\u0101\u0161ana un svaigums. Rudzupu\u0137es ekstrakts toniz\u0113 \u0101du un uzlabo t\u0101s elast\u012bbu. <\/p>\n<p>Lieto\u0161ana: uzkl\u0101t losjonu-toniku uz vates diska un not\u012br\u012bt sejas un kakla \u0101du gar mas\u0101\u017eas l\u012bnij\u0101m. Nav \u0101rstniecisks l\u012bdzeklis. Pie\u013caujamas nelielas nogulsnes sakar\u0101 ar dab\u012bg\u0101m l\u012bdzek\u013ca sast\u0101vda\u013c\u0101m, kas neietekm\u0113 produkta kvalit\u0101ti un dro\u0161umu. Ieteicams sakrat\u012bt pudel\u012bti pirms lieto\u0161anas. P\u0113c atv\u0113r\u0161anas izlietot 12 m\u0113n. laik\u0101. <\/p>\n<p>Uzglab\u0101\u0161anas temperat\u016bra: no +5 \u00b0C l\u012bdz +25 \u00b0C.<\/p>\n","protected":false},"excerpt":{"rendered":"<p>Satur 5 ekstraktu un e\u013c\u013cu esenci Nature Plus (verbenas un peonijas ekstrakti, mande\u013cu, lins\u0113klu e\u013c\u013cas un ol\u012bve\u013c\u013ca) + hialurons. Mitrin\u0101\u0161ana un svaigums. Rudzupu\u0137es ekstrakts toniz\u0113 \u0101du un uzlabo t\u0101s elast\u012bbu. Lieto\u0161ana: uzkl\u0101t losjonu-toniku uz vates diska un not\u012br\u012bt sejas un kakla \u0101du gar mas\u0101\u017eas l\u012bnij\u0101m. Nav \u0101rstniecisks l\u012bdzeklis. Pie\u013caujamas nelielas nogulsnes sakar\u0101 ar dab\u012bg\u0101m l\u012bdzek\u013ca [&#8230;]\n","protected":false},"featured_media":107053,"template":"","meta":[],"product_cat":[1578],"product_tag":[],"class_list":{"0":"post-107049","1":"product","2":"type-product","3":"status-publish","4":"has-post-thumbnail","6":"product_brand-private-label","7":"product_cat-losjoni-un-toniki","9":"first","10":"instock","11":"taxable","12":"shipping-taxable","13":"product-type-simple"},"_links":{"self":[{"href":"https:\/\/e.kosmolat.eu\/lv\/wp-json\/wp\/v2\/product\/107049","targetHints":{"allow":["GET"]}}],"collection":[{"href":"https:\/\/e.kosmolat.eu\/lv\/wp-json\/wp\/v2\/product"}],"about":[{"href":"https:\/\/e.kosmolat.eu\/lv\/wp-json\/wp\/v2\/types\/product"}],"wp:featuredmedia":[{"embeddable":true,"href":"https:\/\/e.kosmolat.eu\/lv\/wp-json\/wp\/v2\/media\/107053"}],"wp:attachment":[{"href":"https:\/\/e.kosmolat.eu\/lv\/wp-json\/wp\/v2\/media?parent=107049"}],"wp:term":[{"taxonomy":"product_cat","embeddable":true,"href":"https:\/\/e.kosmolat.eu\/lv\/wp-json\/wp\/v2\/product_cat?post=107049"},{"taxonomy":"product_tag","embeddable":true,"href":"https:\/\/e.kosmolat.eu\/lv\/wp-json\/wp\/v2\/product_tag?post=107049"}],"curies":[{"name":"wp","href":"https:\/\/api.w.org\/{rel}","templated":true}]}}