{"id":107009,"date":"2026-04-10T10:10:04","date_gmt":"2026-04-10T10:10:04","guid":{"rendered":"https:\/\/e.kosmolat.eu\/product\/ecl-organic-cannabis-nostiprin-sejas-skrubis-100-ml\/"},"modified":"2026-04-10T10:10:17","modified_gmt":"2026-04-10T10:10:17","slug":"ecl-organic-cannabis-nostiprin-sejas-skrubis-100-ml","status":"publish","type":"product","link":"https:\/\/e.kosmolat.eu\/lv\/product\/ecl-organic-cannabis-nostiprin-sejas-skrubis-100-ml\/","title":{"rendered":"ECL Organic Cannabis Nostiprin. sejas skrubis, 100 ml"},"content":{"rendered":"<p>Skrubis satur 98% dabiskas izcelsmes sast\u0101vda\u013cu. Tas nodro\u0161ina saudz\u012bgu att\u012br\u012b\u0161anu un efekt\u012bvu \u0101das kop\u0161anu. Maig\u0101s eksfoli\u0113jo\u0161\u0101s da\u013ci\u0146as r\u016bp\u012bgi no\u0146em atmiru\u0161\u0101s \u0101das \u0161\u016bnas un net\u012brumus, veic mikromas\u0101\u017eu, nodro\u0161ina vieglu liftinga efektu un padara \u0101du gludu, vienm\u0113r\u012bgu un mirdzo\u0161u.<\/p>\n<p>Organisk\u0101 sast\u0101vda\u013ca: Organisk\u0101 ka\u0146epju e\u013c\u013ca normaliz\u0113 \u0101das mitruma l\u012bmeni un aizsarg\u0101 to no br\u012bvo radik\u0101\u013cu iedarb\u012bbas, pal\u0113ninot noveco\u0161an\u0101s procesus. Stiprina \u0101das turgoru.<\/p>\n<p>Akt\u012bv\u0101s sast\u0101vda\u013cas:<br \/>\n\u2022 Aminosk\u0101bes mitrina un nomierina \u0101du, veicina t\u0101s atjauno\u0161anos un uzlabo \u0101das elast\u012bbu.<br \/>\n\u2022 V\u012b\u0123u ekstrakts nov\u0113r\u0161 sausumu un lob\u012b\u0161anos, padarot \u0101du glud\u0101ku un tvirt\u0101ku.<\/p>\n<p>Lieto\u0161ana: Uzkl\u0101jiet uz mitras \u0101das, viegli iemas\u0113jiet un noskalojiet ar siltu \u016bdeni. Lietojiet 1\u20132 reizes ned\u0113\u013c\u0101 atkar\u012bb\u0101 no \u0101das tipa. Nelietot uz boj\u0101tas vai kairin\u0101tas \u0101das. Tikai \u0101r\u012bgai lieto\u0161anai.<\/p>\n","protected":false},"excerpt":{"rendered":"<p>Skrubis satur 98% dabiskas izcelsmes sast\u0101vda\u013cu. Tas nodro\u0161ina saudz\u012bgu att\u012br\u012b\u0161anu un efekt\u012bvu \u0101das kop\u0161anu. Maig\u0101s eksfoli\u0113jo\u0161\u0101s da\u013ci\u0146as r\u016bp\u012bgi no\u0146em atmiru\u0161\u0101s \u0101das \u0161\u016bnas un net\u012brumus, veic mikromas\u0101\u017eu, nodro\u0161ina vieglu liftinga efektu un padara \u0101du gludu, vienm\u0113r\u012bgu un mirdzo\u0161u. Organisk\u0101 sast\u0101vda\u013ca: Organisk\u0101 ka\u0146epju e\u013c\u013ca normaliz\u0113 \u0101das mitruma l\u012bmeni un aizsarg\u0101 to no br\u012bvo radik\u0101\u013cu iedarb\u012bbas, pal\u0113ninot noveco\u0161an\u0101s [&#8230;]\n","protected":false},"featured_media":107013,"template":"","meta":[],"product_cat":[1394],"product_tag":[],"class_list":{"0":"post-107009","1":"product","2":"type-product","3":"status-publish","4":"has-post-thumbnail","6":"product_brand-ecolab_cs","7":"product_cat-skrubji-un-pilingi-sejai","9":"first","10":"instock","11":"taxable","12":"shipping-taxable","13":"product-type-simple"},"_links":{"self":[{"href":"https:\/\/e.kosmolat.eu\/lv\/wp-json\/wp\/v2\/product\/107009","targetHints":{"allow":["GET"]}}],"collection":[{"href":"https:\/\/e.kosmolat.eu\/lv\/wp-json\/wp\/v2\/product"}],"about":[{"href":"https:\/\/e.kosmolat.eu\/lv\/wp-json\/wp\/v2\/types\/product"}],"wp:featuredmedia":[{"embeddable":true,"href":"https:\/\/e.kosmolat.eu\/lv\/wp-json\/wp\/v2\/media\/107013"}],"wp:attachment":[{"href":"https:\/\/e.kosmolat.eu\/lv\/wp-json\/wp\/v2\/media?parent=107009"}],"wp:term":[{"taxonomy":"product_cat","embeddable":true,"href":"https:\/\/e.kosmolat.eu\/lv\/wp-json\/wp\/v2\/product_cat?post=107009"},{"taxonomy":"product_tag","embeddable":true,"href":"https:\/\/e.kosmolat.eu\/lv\/wp-json\/wp\/v2\/product_tag?post=107009"}],"curies":[{"name":"wp","href":"https:\/\/api.w.org\/{rel}","templated":true}]}}