{"id":107005,"date":"2026-04-10T09:31:38","date_gmt":"2026-04-10T09:31:38","guid":{"rendered":"https:\/\/e.kosmolat.eu\/product\/zact-coffee-tea-zobu-pasta-100-g\/"},"modified":"2026-04-10T14:46:38","modified_gmt":"2026-04-10T14:46:38","slug":"zact-coffee-tea-zobu-pasta-100-g","status":"publish","type":"product","link":"https:\/\/e.kosmolat.eu\/lv\/product\/zact-coffee-tea-zobu-pasta-100-g\/","title":{"rendered":"Zact Coffee &#038; Tea Zobu pasta, 100 g"},"content":{"rendered":"<p>Ekskluz\u012bva viela, kas c\u012bn\u0101s pret zobu aplikumu un zobakmeni. Zact zobu pasta satur unik\u0101lu sast\u0101vda\u013cu, kas nodro\u0161ina spo\u017eu smaidu. Unik\u0101l\u0101 formula nodro\u0161ina dzi\u013ci t\u012brus zobus.<br \/>\n\u2022 \u012apa\u0161i izstr\u0101d\u0101ta, lai efekt\u012bvi no\u0146emtu kafijas un t\u0113jas traipus, vienlaikus saglab\u0101jot vesel\u012bg\u0101kus zobus.<br \/>\n\u2022 Uzlabota traipu no\u0146em\u0161anas formula.<br \/>\n\u2022 Par 60 % liel\u0101ka traipu no\u0146em\u0161anas sp\u0113ja pret gr\u016bti no\u0146emamiem traipiem.<br \/>\n\u2022 Nov\u0113r\u0161 zobu boj\u0101jumus.<br \/>\n\u2022 Vesel\u012bg\u0101ki zobi, svaig\u0101ka elpa un stipr\u0101kas smaganas.<br \/>\n\u2022 Dro\u0161s un maigs ikdienas lieto\u0161anai.<\/p>\n<p>Br\u012bdin\u0101jums: Satur n\u0101trija monofluorfosf\u0101tu. B\u0113rniem vecum\u0101 l\u012bdz se\u0161iem gadiem: lietot pastu zir\u0146a lielum\u0101 un t\u012br\u012bt zobus pieaugu\u0161\u0101 uzraudz\u012bb\u0101, lai samazin\u0101tu nor\u012b\u0161anas iesp\u0113ju. Ja lietojat citus fluoru saturo\u0161us l\u012bdzek\u013cus, konsult\u0113jieties ar zob\u0101rstu vai \u0101rstu. P\u0113c lieto\u0161anas cie\u0161i aizveriet t\u016bbi\u0146u. P\u0101rtrauciet lieto\u0161anu, ja rodas aler\u0123iska reakcija.<\/p>\n","protected":false},"excerpt":{"rendered":"<p>Ekskluz\u012bva viela, kas c\u012bn\u0101s pret zobu aplikumu un zobakmeni. Zact zobu pasta satur unik\u0101lu sast\u0101vda\u013cu, kas nodro\u0161ina spo\u017eu smaidu. Unik\u0101l\u0101 formula nodro\u0161ina dzi\u013ci t\u012brus zobus. \u2022 \u012apa\u0161i izstr\u0101d\u0101ta, lai efekt\u012bvi no\u0146emtu kafijas un t\u0113jas traipus, vienlaikus saglab\u0101jot vesel\u012bg\u0101kus zobus. \u2022 Uzlabota traipu no\u0146em\u0161anas formula. \u2022 Par 60 % liel\u0101ka traipu no\u0146em\u0161anas sp\u0113ja pret gr\u016bti no\u0146emamiem [&#8230;]\n","protected":false},"featured_media":0,"template":"","meta":[],"product_cat":[1306],"product_tag":[],"class_list":{"0":"post-107005","1":"product","2":"type-product","3":"status-publish","5":"product_brand-replay_kr","6":"product_cat-zobu-pastas-un-zelejas","8":"first","9":"instock","10":"taxable","11":"shipping-taxable","12":"product-type-simple"},"_links":{"self":[{"href":"https:\/\/e.kosmolat.eu\/lv\/wp-json\/wp\/v2\/product\/107005","targetHints":{"allow":["GET"]}}],"collection":[{"href":"https:\/\/e.kosmolat.eu\/lv\/wp-json\/wp\/v2\/product"}],"about":[{"href":"https:\/\/e.kosmolat.eu\/lv\/wp-json\/wp\/v2\/types\/product"}],"wp:attachment":[{"href":"https:\/\/e.kosmolat.eu\/lv\/wp-json\/wp\/v2\/media?parent=107005"}],"wp:term":[{"taxonomy":"product_cat","embeddable":true,"href":"https:\/\/e.kosmolat.eu\/lv\/wp-json\/wp\/v2\/product_cat?post=107005"},{"taxonomy":"product_tag","embeddable":true,"href":"https:\/\/e.kosmolat.eu\/lv\/wp-json\/wp\/v2\/product_tag?post=107005"}],"curies":[{"name":"wp","href":"https:\/\/api.w.org\/{rel}","templated":true}]}}