{"id":106997,"date":"2026-04-10T09:25:58","date_gmt":"2026-04-10T09:25:58","guid":{"rendered":"https:\/\/e.kosmolat.eu\/product\/viorica-baroj-un-atjaun-balzams-55-loti-saus-un-boj-matiem-200-ml\/"},"modified":"2026-04-10T09:26:12","modified_gmt":"2026-04-10T09:26:12","slug":"viorica-baroj-un-atjaun-balzams-55-loti-saus-un-boj-matiem-200-ml","status":"publish","type":"product","link":"https:\/\/e.kosmolat.eu\/lv\/product\/viorica-baroj-un-atjaun-balzams-55-loti-saus-un-boj-matiem-200-ml\/","title":{"rendered":"VIORICA Baroj. un atjaun. balzams 5+5 \u013coti saus. un boj. matiem, 200 ml"},"content":{"rendered":"<p>Bag\u0101t\u012bga formula intens\u012bvai \u013coti sausu un boj\u0101tu matu kondicion\u0113\u0161anai. Dzi\u013ci baro, nostiprina un at\u0161\u0137etina nov\u0101jin\u0101tus matus, pie\u0161\u0137irot tiem maigumu un padarot tos paklaus\u012bg\u0101kus. V\u0113rt\u012bgo avokado, mande\u013cu, kam\u0113lijas, ol\u012bvu un kokvilnas s\u0113klu e\u013c\u013cu, k\u0101 ar\u012b mango un kakao apvienojums baro matus, padarot tos z\u012bdainus, gludus un elast\u012bgus. Stiprino\u0161ais miner\u0101lu komplekss ar kalciju, magniju, cinku, varu un mang\u0101nu atjauno trauslus matus, padarot tos iztur\u012bg\u0101kus un aizsarg\u0101jot tos no l\u016b\u0161anas.<\/p>\n<p>Lieto\u0161ana: uzkl\u0101jiet balzamu uz mitriem matiem, izvairoties no matu sakn\u0113m. P\u0113c 1-2 min\u016bt\u0113m r\u016bp\u012bgi noskalojiet ar \u016bdeni. Lai ieg\u016btu maksim\u0101lu un ilgsto\u0161u efektu, lietojiet kop\u0101 ar \u0161\u012bs s\u0113rijas \u0161amp\u016bnu un matu masku.<\/p>\n<p>Uzglab\u0101t temperat\u016br\u0101 no +5 \u00b0C l\u012bdz +25 \u00b0C, sarg\u0101jot no tie\u0161iem saules stariem. <\/p>\n<p>Der\u012bguma termi\u0146\u0161: 30 m\u0113ne\u0161i.<\/p>\n","protected":false},"excerpt":{"rendered":"<p>Bag\u0101t\u012bga formula intens\u012bvai \u013coti sausu un boj\u0101tu matu kondicion\u0113\u0161anai. Dzi\u013ci baro, nostiprina un at\u0161\u0137etina nov\u0101jin\u0101tus matus, pie\u0161\u0137irot tiem maigumu un padarot tos paklaus\u012bg\u0101kus. V\u0113rt\u012bgo avokado, mande\u013cu, kam\u0113lijas, ol\u012bvu un kokvilnas s\u0113klu e\u013c\u013cu, k\u0101 ar\u012b mango un kakao apvienojums baro matus, padarot tos z\u012bdainus, gludus un elast\u012bgus. Stiprino\u0161ais miner\u0101lu komplekss ar kalciju, magniju, cinku, varu un [&#8230;]\n","protected":false},"featured_media":107001,"template":"","meta":[],"product_cat":[1638],"product_tag":[],"class_list":{"0":"post-106997","1":"product","2":"type-product","3":"status-publish","4":"has-post-thumbnail","6":"product_brand-viorica-cosmeplant_bg","7":"product_cat-balzami","9":"first","10":"instock","11":"taxable","12":"shipping-taxable","13":"product-type-simple"},"_links":{"self":[{"href":"https:\/\/e.kosmolat.eu\/lv\/wp-json\/wp\/v2\/product\/106997","targetHints":{"allow":["GET"]}}],"collection":[{"href":"https:\/\/e.kosmolat.eu\/lv\/wp-json\/wp\/v2\/product"}],"about":[{"href":"https:\/\/e.kosmolat.eu\/lv\/wp-json\/wp\/v2\/types\/product"}],"wp:featuredmedia":[{"embeddable":true,"href":"https:\/\/e.kosmolat.eu\/lv\/wp-json\/wp\/v2\/media\/107001"}],"wp:attachment":[{"href":"https:\/\/e.kosmolat.eu\/lv\/wp-json\/wp\/v2\/media?parent=106997"}],"wp:term":[{"taxonomy":"product_cat","embeddable":true,"href":"https:\/\/e.kosmolat.eu\/lv\/wp-json\/wp\/v2\/product_cat?post=106997"},{"taxonomy":"product_tag","embeddable":true,"href":"https:\/\/e.kosmolat.eu\/lv\/wp-json\/wp\/v2\/product_tag?post=106997"}],"curies":[{"name":"wp","href":"https:\/\/api.w.org\/{rel}","templated":true}]}}