{"id":106964,"date":"2026-04-10T08:05:24","date_gmt":"2026-04-10T08:05:24","guid":{"rendered":"https:\/\/e.kosmolat.eu\/product\/dr-sante-hydro-intensive-mitr-sos-maska-hialuronsalveja-75-ml\/"},"modified":"2026-04-10T08:05:39","modified_gmt":"2026-04-10T08:05:39","slug":"dr-sante-hydro-intensive-mitr-sos-maska-hialuronsalveja-75-ml","status":"publish","type":"product","link":"https:\/\/e.kosmolat.eu\/lv\/product\/dr-sante-hydro-intensive-mitr-sos-maska-hialuronsalveja-75-ml\/","title":{"rendered":"Dr.Sante Hydro Intensive Mitr. SOS Maska Hialurons+Alveja, 75 ml"},"content":{"rendered":"<p>Satur hialuronsk\u0101bi un alvejas sulu. \u0100tr\u0101 SOS pal\u012bdz\u012bba sausai un dehidr\u0113tai \u0101dai. Kosm\u0113tisk\u0101 proced\u016bra ilgst 10-15 min\u016btes. \u0160aj\u0101 laik\u0101 \u0101da tiek pies\u0101tin\u0101ta ar mitrumu, k\u013c\u016bst gluda, z\u012bdaina un ieg\u016bst mirdzumu.<\/p>\n<p>Lieto\u0161ana: uzkl\u0101t uz att\u012br\u012btas \u0101das, atst\u0101t uz 10-15 min\u016bt\u0113m. Maskas paliekas no\u0146emt ar salveti. Lietot 1-2 reizes ned\u0113\u013c\u0101.<\/p>\n<p>Uzglab\u0101\u0161ana: no +5 \u00b0C l\u012bdz +25 \u00b0C.<\/p>\n<p>Der\u012bguma termi\u0146\u0161: 30 m\u0113ne\u0161i.<\/p>\n","protected":false},"excerpt":{"rendered":"<p>Satur hialuronsk\u0101bi un alvejas sulu. \u0100tr\u0101 SOS pal\u012bdz\u012bba sausai un dehidr\u0113tai \u0101dai. Kosm\u0113tisk\u0101 proced\u016bra ilgst 10-15 min\u016btes. \u0160aj\u0101 laik\u0101 \u0101da tiek pies\u0101tin\u0101ta ar mitrumu, k\u013c\u016bst gluda, z\u012bdaina un ieg\u016bst mirdzumu. Lieto\u0161ana: uzkl\u0101t uz att\u012br\u012btas \u0101das, atst\u0101t uz 10-15 min\u016bt\u0113m. Maskas paliekas no\u0146emt ar salveti. Lietot 1-2 reizes ned\u0113\u013c\u0101. Uzglab\u0101\u0161ana: no +5 \u00b0C l\u012bdz +25 \u00b0C. [&#8230;]\n","protected":false},"featured_media":106968,"template":"","meta":[],"product_cat":[1367],"product_tag":[],"class_list":{"0":"post-106964","1":"product","2":"type-product","3":"status-publish","4":"has-post-thumbnail","6":"product_brand-elfa_ua","7":"product_cat-sejas-maskas","9":"first","10":"instock","11":"taxable","12":"shipping-taxable","13":"product-type-simple"},"_links":{"self":[{"href":"https:\/\/e.kosmolat.eu\/lv\/wp-json\/wp\/v2\/product\/106964","targetHints":{"allow":["GET"]}}],"collection":[{"href":"https:\/\/e.kosmolat.eu\/lv\/wp-json\/wp\/v2\/product"}],"about":[{"href":"https:\/\/e.kosmolat.eu\/lv\/wp-json\/wp\/v2\/types\/product"}],"wp:featuredmedia":[{"embeddable":true,"href":"https:\/\/e.kosmolat.eu\/lv\/wp-json\/wp\/v2\/media\/106968"}],"wp:attachment":[{"href":"https:\/\/e.kosmolat.eu\/lv\/wp-json\/wp\/v2\/media?parent=106964"}],"wp:term":[{"taxonomy":"product_cat","embeddable":true,"href":"https:\/\/e.kosmolat.eu\/lv\/wp-json\/wp\/v2\/product_cat?post=106964"},{"taxonomy":"product_tag","embeddable":true,"href":"https:\/\/e.kosmolat.eu\/lv\/wp-json\/wp\/v2\/product_tag?post=106964"}],"curies":[{"name":"wp","href":"https:\/\/api.w.org\/{rel}","templated":true}]}}