{"id":106948,"date":"2026-04-10T07:50:56","date_gmt":"2026-04-10T07:50:56","guid":{"rendered":"https:\/\/e.kosmolat.eu\/product\/ecl-all-in-one-nenomazg-sprejs-kondic-visiem-matu-tipiem-200-ml\/"},"modified":"2026-04-20T05:50:18","modified_gmt":"2026-04-20T05:50:18","slug":"ecl-all-in-one-nenomazg-sprejs-kondic-visiem-matu-tipiem-200-ml","status":"publish","type":"product","link":"https:\/\/e.kosmolat.eu\/lv\/product\/ecl-all-in-one-nenomazg-sprejs-kondic-visiem-matu-tipiem-200-ml\/","title":{"rendered":"ECL All-in-one Nenomazg. sprejs-kondic. visiem matu tipiem, 200 ml"},"content":{"rendered":"<p>Daudzfunkcion\u0101ls l\u012bdzeklis efekt\u012bvai matu kop\u0161anai un atjauno\u0161anai. Pateicoties akt\u012bvaj\u0101m dab\u012bgaj\u0101m sast\u0101vda\u013c\u0101m, formula iek\u013c\u016bst matu strukt\u016br\u0101, barojot un atdz\u012bvinot tos. Kondicionieris aizsarg\u0101 no augstas temperat\u016bras l\u012bdz 180 \u00b0C, mitrina, m\u012bkstina, nov\u0113r\u0161 l\u016b\u0161anu un \u0161\u0137elto galu veido\u0161anos, samazina statisko elektr\u012bbu un atvieglo \u0137emm\u0113\u0161anu, nenoslogojot matus. Padara matus m\u012bkstus, gludus un z\u012bdainus. Regul\u0101ra spreja-kondicioniera lieto\u0161ana padar\u012bs j\u016bsu matus vesel\u012bgus, skaistus un barotus.<\/p>\n<p>Sast\u0101vda\u013cas, kas aizsarg\u0101 \u0101du pret negat\u012bvo apk\u0101rt\u0113j\u0101s vides ietekmi: Br\u016bna\u013c\u0123u ekstrakts, ferment\u0113ta rauga filtr\u0101ts, vitam\u012bni B3, E un F.<\/p>\n<p>Akt\u012bv\u0101s sast\u0101vda\u013cas:<br \/>\n\u2022 Aminosk\u0101bju komplekss \u2013 pal\u012bdz stiprin\u0101t matu strukt\u016bru, atjauno tos un nov\u0113r\u0161 turpm\u0101kus boj\u0101jumus, padarot matus glud\u0101kus, sp\u012bd\u012bg\u0101kus un vesel\u012bg\u0101kus.<br \/>\n\u2022 Babas\u016b e\u013c\u013ca \u2013 baro un m\u012bkstina matus, pie\u0161\u0137ir tiem mirdzumu.<br \/>\n\u2022 Hialuronsk\u0101be \u2013 mitrina un m\u012bkstina matus, padarot tos gludus un z\u012bdainus.<br \/>\n\u2022 \u0100zijas cent\u012blijas ekstrakts \u2013 stiprina matus, stimul\u0113 to aug\u0161anu, padara tos elast\u012bg\u0101kus un iztur\u012bg\u0101kus pret boj\u0101jumiem.<\/p>\n<p>Lieto\u0161ana: Pirms lieto\u0161anas k\u0101rt\u012bgi sakrat\u012bt. Izsmidzin\u0101t uz nedaudz mitriem vai sausiem matiem un ieveidot k\u0101 parasti. Izvair\u012bties no saskares ar ac\u012bm. Ja nok\u013c\u016bst ac\u012bs, r\u016bp\u012bgi izskalot ar \u016bdeni. Tikai \u0101r\u012bgai lieto\u0161anai.<\/p>\n","protected":false},"excerpt":{"rendered":"<p>Daudzfunkcion\u0101ls l\u012bdzeklis efekt\u012bvai matu kop\u0161anai un atjauno\u0161anai. Pateicoties akt\u012bvaj\u0101m dab\u012bgaj\u0101m sast\u0101vda\u013c\u0101m, formula iek\u013c\u016bst matu strukt\u016br\u0101, barojot un atdz\u012bvinot tos. Kondicionieris aizsarg\u0101 no augstas temperat\u016bras l\u012bdz 180 \u00b0C, mitrina, m\u012bkstina, nov\u0113r\u0161 l\u016b\u0161anu un \u0161\u0137elto galu veido\u0161anos, samazina statisko elektr\u012bbu un atvieglo \u0137emm\u0113\u0161anu, nenoslogojot matus. Padara matus m\u012bkstus, gludus un z\u012bdainus. Regul\u0101ra spreja-kondicioniera lieto\u0161ana padar\u012bs j\u016bsu matus [&#8230;]\n","protected":false},"featured_media":106952,"template":"","meta":[],"product_cat":[1400],"product_tag":[],"class_list":{"0":"post-106948","1":"product","2":"type-product","3":"status-publish","4":"has-post-thumbnail","6":"product_brand-ecolab_cs","7":"product_cat-termoaizsardziba","9":"first","10":"instock","11":"taxable","12":"shipping-taxable","13":"product-type-simple"},"_links":{"self":[{"href":"https:\/\/e.kosmolat.eu\/lv\/wp-json\/wp\/v2\/product\/106948","targetHints":{"allow":["GET"]}}],"collection":[{"href":"https:\/\/e.kosmolat.eu\/lv\/wp-json\/wp\/v2\/product"}],"about":[{"href":"https:\/\/e.kosmolat.eu\/lv\/wp-json\/wp\/v2\/types\/product"}],"wp:featuredmedia":[{"embeddable":true,"href":"https:\/\/e.kosmolat.eu\/lv\/wp-json\/wp\/v2\/media\/106952"}],"wp:attachment":[{"href":"https:\/\/e.kosmolat.eu\/lv\/wp-json\/wp\/v2\/media?parent=106948"}],"wp:term":[{"taxonomy":"product_cat","embeddable":true,"href":"https:\/\/e.kosmolat.eu\/lv\/wp-json\/wp\/v2\/product_cat?post=106948"},{"taxonomy":"product_tag","embeddable":true,"href":"https:\/\/e.kosmolat.eu\/lv\/wp-json\/wp\/v2\/product_tag?post=106948"}],"curies":[{"name":"wp","href":"https:\/\/api.w.org\/{rel}","templated":true}]}}