{"id":106892,"date":"2026-04-10T07:20:48","date_gmt":"2026-04-10T07:20:48","guid":{"rendered":"https:\/\/e.kosmolat.eu\/product\/concealer-stick-korektors-tonis-02-5-8-g\/"},"modified":"2026-04-10T07:21:01","modified_gmt":"2026-04-10T07:21:01","slug":"concealer-stick-korektors-tonis-02-5-8-g","status":"publish","type":"product","link":"https:\/\/e.kosmolat.eu\/lv\/product\/concealer-stick-korektors-tonis-02-5-8-g\/","title":{"rendered":"Concealer stick Korektors, tonis 02, 5.8 g"},"content":{"rendered":"<p>Uzglab\u0101t temperat\u016br\u0101 no +2\u00b0C l\u012bdz +25\u00b0C.<\/p>\n","protected":false},"excerpt":{"rendered":"<p>Uzglab\u0101t temperat\u016br\u0101 no +2\u00b0C l\u012bdz +25\u00b0C.<\/p>\n","protected":false},"featured_media":106896,"template":"","meta":[],"product_cat":[1488],"product_tag":[],"class_list":{"0":"post-106892","1":"product","2":"type-product","3":"status-publish","4":"has-post-thumbnail","6":"product_brand-quiz_bim_pl","7":"product_cat-korektori","9":"first","10":"instock","11":"taxable","12":"shipping-taxable","13":"product-type-simple"},"_links":{"self":[{"href":"https:\/\/e.kosmolat.eu\/lv\/wp-json\/wp\/v2\/product\/106892","targetHints":{"allow":["GET"]}}],"collection":[{"href":"https:\/\/e.kosmolat.eu\/lv\/wp-json\/wp\/v2\/product"}],"about":[{"href":"https:\/\/e.kosmolat.eu\/lv\/wp-json\/wp\/v2\/types\/product"}],"wp:featuredmedia":[{"embeddable":true,"href":"https:\/\/e.kosmolat.eu\/lv\/wp-json\/wp\/v2\/media\/106896"}],"wp:attachment":[{"href":"https:\/\/e.kosmolat.eu\/lv\/wp-json\/wp\/v2\/media?parent=106892"}],"wp:term":[{"taxonomy":"product_cat","embeddable":true,"href":"https:\/\/e.kosmolat.eu\/lv\/wp-json\/wp\/v2\/product_cat?post=106892"},{"taxonomy":"product_tag","embeddable":true,"href":"https:\/\/e.kosmolat.eu\/lv\/wp-json\/wp\/v2\/product_tag?post=106892"}],"curies":[{"name":"wp","href":"https:\/\/api.w.org\/{rel}","templated":true}]}}