{"id":106844,"date":"2026-04-10T07:10:18","date_gmt":"2026-04-10T07:10:18","guid":{"rendered":"https:\/\/e.kosmolat.eu\/product\/lets-glow-lupu-spidums-tonis-03-7-ml\/"},"modified":"2026-04-10T07:10:31","modified_gmt":"2026-04-10T07:10:31","slug":"lets-glow-lupu-spidums-tonis-03-7-ml","status":"publish","type":"product","link":"https:\/\/e.kosmolat.eu\/lv\/product\/lets-glow-lupu-spidums-tonis-03-7-ml\/","title":{"rendered":"Let&#8217;s Glow L\u016bpu sp\u012bdums, tonis 03, 7 ml"},"content":{"rendered":"<p>Uzglab\u0101t temperat\u016br\u0101 no +2\u00b0C l\u012bdz +25\u00b0C.<\/p>\n","protected":false},"excerpt":{"rendered":"<p>Uzglab\u0101t temperat\u016br\u0101 no +2\u00b0C l\u012bdz +25\u00b0C.<\/p>\n","protected":false},"featured_media":106848,"template":"","meta":[],"product_cat":[1271],"product_tag":[],"class_list":{"0":"post-106844","1":"product","2":"type-product","3":"status-publish","4":"has-post-thumbnail","6":"product_brand-quiz_bim_pl","7":"product_cat-lupu-spidumi","9":"first","10":"instock","11":"taxable","12":"shipping-taxable","13":"product-type-simple"},"_links":{"self":[{"href":"https:\/\/e.kosmolat.eu\/lv\/wp-json\/wp\/v2\/product\/106844","targetHints":{"allow":["GET"]}}],"collection":[{"href":"https:\/\/e.kosmolat.eu\/lv\/wp-json\/wp\/v2\/product"}],"about":[{"href":"https:\/\/e.kosmolat.eu\/lv\/wp-json\/wp\/v2\/types\/product"}],"wp:featuredmedia":[{"embeddable":true,"href":"https:\/\/e.kosmolat.eu\/lv\/wp-json\/wp\/v2\/media\/106848"}],"wp:attachment":[{"href":"https:\/\/e.kosmolat.eu\/lv\/wp-json\/wp\/v2\/media?parent=106844"}],"wp:term":[{"taxonomy":"product_cat","embeddable":true,"href":"https:\/\/e.kosmolat.eu\/lv\/wp-json\/wp\/v2\/product_cat?post=106844"},{"taxonomy":"product_tag","embeddable":true,"href":"https:\/\/e.kosmolat.eu\/lv\/wp-json\/wp\/v2\/product_tag?post=106844"}],"curies":[{"name":"wp","href":"https:\/\/api.w.org\/{rel}","templated":true}]}}