{"id":106804,"date":"2026-04-09T17:47:04","date_gmt":"2026-04-09T17:47:04","guid":{"rendered":"https:\/\/e.kosmolat.eu\/product\/hes-ultra-tauku-nonem-lidzeklis-1000-ml\/"},"modified":"2026-04-24T06:01:55","modified_gmt":"2026-04-24T06:01:55","slug":"hes-ultra-tauku-nonem-lidzeklis-1000-ml","status":"publish","type":"product","link":"https:\/\/e.kosmolat.eu\/lv\/product\/hes-ultra-tauku-nonem-lidzeklis-1000-ml\/","title":{"rendered":"Hes Ultra Tauku no\u0146em. l\u012bdzeklis, 1000 ml"},"content":{"rendered":"<p>&bdquo;Hes Ultra Degreaser&ldquo; ir jauns, \u013coti koncentr\u0113ts t\u012br\u012b&scaron;anas l\u012bdzeklis, kas ieteicams:<\/p>\n<p><strong>Virtuv<\/strong><strong>ei<\/strong><strong>:<\/strong> cepe&scaron;kr\u0101snis, pl\u012btis, darba virsmas, tvaika nos\u016bc\u0113ji, grili, grie\u017eamie d\u0113\u013ci, katli<\/p>\n<p><strong>M\u0101jai:<\/strong> \u017eal\u016bzijas, net\u012bras gr\u012bdas, dab\u012bg\u0101 akmens sienas un palodzes, plastmasas d\u0101rza m\u0113beles<\/p>\n<p><strong>Ve\u013cas mazg\u0101&scaron;anai:<\/strong> tauku traipu iepriek&scaron;\u0113jai apstr\u0101dei uz audumiem (kr\u0101sainiem audumiem vispirms p\u0101rbaudiet kr\u0101sas notur\u012bbu uz sl\u0113ptas malas!)<\/p>\n<p><strong>Darbam\/va\u013caspriekiem:<\/strong> meh\u0101nisko un plastmasas deta\u013cu attauko&scaron;anai automa&scaron;\u012bn\u0101s, motociklos, velosip\u0113dos, laiv\u0101s, z\u0101les p\u013caujma&scaron;\u012bn\u0101s<\/p>\n<p><strong>Lieto&scaron;ana:<\/strong><\/p>\n<p>Uzkl\u0101jiet Hes Ultra Degreaser uz virsmas, atst\u0101jiet uz da\u017e\u0101m min\u016bt\u0113m un noskalojiet ar mitru s\u016bkli vai tie&scaron;i ar \u016bdeni.<\/p>\n<p><strong>Kr\u0101sn\u012bm:<\/strong> Pirms produkta uzkl\u0101&scaron;anas uzkars\u0113jiet kr\u0101sni l\u012bdz 50&ndash;60 &deg;C.<\/p>\n<p><strong>Tvaika nos\u016bc\u0113ju filtriem:<\/strong> Iem\u0113rc\u0113jiet filtru Degreaser &scaron;\u0137\u012bdum\u0101 (10 %) un karst\u0101 \u016bden\u012b, p\u0113c tam noskalojiet.<\/p>\n<p>Sast\u0101v\u0101: maz\u0101k par 5 % polikarboksil\u0101tu, maz\u0101k par 5 %&nbsp; n\u0101trija hidroks\u012bda, maz\u0101k par 5 % anjonu virsmakt\u012bvo vielu, maz\u0101k par 5 % nejonu virsmakt\u012bvo vielu. Smar\u017eas un arom\u0101tisk\u0101s kompoz\u012bcijas.<\/p>\n<p>&nbsp;<\/p>\n<p><strong>GHS07<\/strong><\/p>\n<p><strong>Uzman\u012bbu<\/strong><\/p>\n<p><strong>H315 <\/strong>Kairina \u0101du<\/p>\n<p><strong>H319 <\/strong>Izraisa nopietnu acu kairin\u0101jumu.<\/p>\n<p>Dro&scaron;\u012bbas pras\u012bbu apz\u012bm\u0113jumi:<\/p>\n<p>P101 Medic\u012bniska padoma nepiecie&scaron;am\u012bbas gad\u012bjum\u0101 attiec\u012bg\u0101 inform\u0101cija ir nor\u0101d\u012bta uz iepakojuma vai eti\u0137etes.&nbsp;&nbsp;&nbsp;&nbsp;&nbsp;&nbsp;&nbsp;&nbsp;&nbsp;&nbsp;&nbsp;&nbsp;&nbsp;&nbsp;&nbsp;&nbsp;&nbsp;&nbsp;&nbsp;&nbsp;&nbsp;&nbsp;&nbsp;&nbsp;&nbsp;&nbsp;&nbsp;&nbsp;&nbsp;&nbsp;&nbsp;&nbsp;&nbsp;&nbsp;&nbsp;&nbsp;&nbsp;&nbsp;&nbsp;&nbsp;&nbsp;&nbsp;&nbsp;&nbsp;&nbsp;&nbsp;&nbsp;&nbsp;&nbsp;&nbsp;&nbsp;&nbsp;&nbsp;&nbsp;&nbsp; P102 Sarg\u0101t no b\u0113rniem.<\/p>\n<p>P103 Pirms izmanto&scaron;anas izlas\u012bt eti\u0137eti.<\/p>\n<p>P264 P\u0113c izmanto&scaron;anas rokas k\u0101rt\u012bgi nomazg\u0101t.<\/p>\n<p>P280 Izmantot aizsargcimdus\/acu aizsargus\/sejas aizsargus.<\/p>\n<p>P305+P351+P338 SASKAR\u0112 AR AC\u012aM: Uzman\u012bgi izskalot ar \u016bdeni vair\u0101kas min\u016btes. Iz\u0146emt kontaktl\u0113cas, ja t\u0101s ir ievietotas un ja to var vienk\u0101r&scaron;i izdar\u012bt. Turpin\u0101t skalot.<\/p>\n<p>P337+P313 Ja acu iekaisums nep\u0101riet: l\u016bdziet medi\u0137u pal\u012bdz\u012bbu.<\/p>\n<p>P302+P352 SASKAR\u0112 AR \u0100DU: nomazg\u0101t ar \u016bdens daudzumu.&nbsp;&nbsp;<\/p>\n<p>P332+P313 Ja rodas \u0101das iekaisums: l\u016bdziet medi\u0137u pal\u012bdz\u012bbu.P321 \u012apa&scaron;a medic\u012bnisk\u0101 pal\u012bdz\u012bba (saskares vietas nomazg\u0101t ar \u016bdeni).<\/p>\n<p><\/body><\/p>\n","protected":false},"excerpt":{"rendered":"<p>&bdquo;Hes Ultra Degreaser&ldquo; ir jauns, \u013coti koncentr\u0113ts t\u012br\u012b&scaron;anas l\u012bdzeklis, kas ieteicams: Virtuvei: cepe&scaron;kr\u0101snis, pl\u012btis, darba virsmas, tvaika nos\u016bc\u0113ji, grili, grie\u017eamie d\u0113\u013ci, katli M\u0101jai: \u017eal\u016bzijas, net\u012bras gr\u012bdas, dab\u012bg\u0101 akmens sienas un palodzes, plastmasas d\u0101rza m\u0113beles Ve\u013cas mazg\u0101&scaron;anai: tauku traipu iepriek&scaron;\u0113jai apstr\u0101dei uz audumiem (kr\u0101sainiem audumiem vispirms p\u0101rbaudiet kr\u0101sas notur\u012bbu uz sl\u0113ptas malas!) Darbam\/va\u013caspriekiem: meh\u0101nisko un plastmasas [&#8230;]\n","protected":false},"featured_media":0,"template":"","meta":[],"product_cat":[1726],"product_tag":[],"class_list":{"0":"post-106804","1":"product","2":"type-product","3":"status-publish","5":"product_brand-hes-tr","6":"product_cat-tirisanas-piederumi-un-preces-majai","8":"first","9":"instock","10":"taxable","11":"shipping-taxable","12":"product-type-simple"},"_links":{"self":[{"href":"https:\/\/e.kosmolat.eu\/lv\/wp-json\/wp\/v2\/product\/106804","targetHints":{"allow":["GET"]}}],"collection":[{"href":"https:\/\/e.kosmolat.eu\/lv\/wp-json\/wp\/v2\/product"}],"about":[{"href":"https:\/\/e.kosmolat.eu\/lv\/wp-json\/wp\/v2\/types\/product"}],"wp:attachment":[{"href":"https:\/\/e.kosmolat.eu\/lv\/wp-json\/wp\/v2\/media?parent=106804"}],"wp:term":[{"taxonomy":"product_cat","embeddable":true,"href":"https:\/\/e.kosmolat.eu\/lv\/wp-json\/wp\/v2\/product_cat?post=106804"},{"taxonomy":"product_tag","embeddable":true,"href":"https:\/\/e.kosmolat.eu\/lv\/wp-json\/wp\/v2\/product_tag?post=106804"}],"curies":[{"name":"wp","href":"https:\/\/api.w.org\/{rel}","templated":true}]}}