{"id":106792,"date":"2026-04-09T17:44:54","date_gmt":"2026-04-09T17:44:54","guid":{"rendered":"https:\/\/e.kosmolat.eu\/product\/tenzero-%d0%bca%d1%81%d0%baa-aloe-auduma-sejas-maska-25-ml\/"},"modified":"2026-04-09T17:45:10","modified_gmt":"2026-04-09T17:45:10","slug":"tenzero-%d0%bca%d1%81%d0%baa-aloe-auduma-sejas-maska-25-ml","status":"publish","type":"product","link":"https:\/\/e.kosmolat.eu\/lv\/product\/tenzero-%d0%bca%d1%81%d0%baa-aloe-auduma-sejas-maska-25-ml\/","title":{"rendered":"Tenzero \u041c\u0105\u0441\u043a\u0105 Aloe Auduma sejas maska, 25 ml"},"content":{"rendered":"<p>Intens\u012bvi mitrino\u0161\u0101 auduma maska, kuras sast\u0101v\u0101 ir alvejas (Aloe Barbadensis) lapu ekstrakts un adenoz\u012bns, ir bag\u0101ta ar esenci, kas baro un nomierina jut\u012bgu \u0101du. Maska cie\u0161i piegulst pie \u0101das, pal\u012bdzot tai atg\u016bt mitrumu.<\/p>\n<p>Lieto\u0161ana:<br \/>\n1. P\u0113c \u0101das att\u012br\u012b\u0161anas un izl\u012bdzin\u0101\u0161anas iz\u0146emiet masku, iztaisnojiet to un cie\u0161i piel\u012bm\u0113jiet pie \u0101das, piel\u0101gojoties sejas kont\u016br\u0101m.<br \/>\n2. Atst\u0101jiet uz sejas apm\u0113ram 10\u201320 min\u016btes, p\u0113c tam no\u0146emiet masku.<br \/>\n3. P\u0113c maskas no\u0146em\u0161anas viegli ieklop\u0113jiet atliku\u0161o esenci, lai t\u0101 lab\u0101k ies\u016bktos.<\/p>\n<p>Piesardz\u012bbas pas\u0101kumi:<br \/>\n1. Ja lieto\u0161anas laik\u0101 vai p\u0113c t\u0101s par\u0101d\u0101s aps\u0101rtums, piet\u016bkums, nieze vai kairin\u0101jums (\u012bpa\u0161i saules gaismas ietekm\u0113), p\u0101rtrauciet lieto\u0161anu un konsult\u0113jieties ar speci\u0101listu.<br \/>\n2. Nelietojiet uz boj\u0101tas vai kairin\u0101tas \u0101das.<br \/>\n3. Uzglab\u0101\u0161ana:<br \/>\no Glab\u0101jiet b\u0113rniem nepieejam\u0101 viet\u0101<br \/>\no Izvairieties no tie\u0161as saules gaismas<br \/>\n4. Izvairieties no saskares ar ac\u012bm.<\/p>\n","protected":false},"excerpt":{"rendered":"<p>Intens\u012bvi mitrino\u0161\u0101 auduma maska, kuras sast\u0101v\u0101 ir alvejas (Aloe Barbadensis) lapu ekstrakts un adenoz\u012bns, ir bag\u0101ta ar esenci, kas baro un nomierina jut\u012bgu \u0101du. Maska cie\u0161i piegulst pie \u0101das, pal\u012bdzot tai atg\u016bt mitrumu. Lieto\u0161ana: 1. P\u0113c \u0101das att\u012br\u012b\u0161anas un izl\u012bdzin\u0101\u0161anas iz\u0146emiet masku, iztaisnojiet to un cie\u0161i piel\u012bm\u0113jiet pie \u0101das, piel\u0101gojoties sejas kont\u016br\u0101m. 2. Atst\u0101jiet uz [&#8230;]\n","protected":false},"featured_media":106796,"template":"","meta":[],"product_cat":[1249],"product_tag":[],"class_list":{"0":"post-106792","1":"product","2":"type-product","3":"status-publish","4":"has-post-thumbnail","6":"product_brand-replay_kr","7":"product_cat-new","9":"first","10":"instock","11":"taxable","12":"shipping-taxable","13":"product-type-simple"},"_links":{"self":[{"href":"https:\/\/e.kosmolat.eu\/lv\/wp-json\/wp\/v2\/product\/106792","targetHints":{"allow":["GET"]}}],"collection":[{"href":"https:\/\/e.kosmolat.eu\/lv\/wp-json\/wp\/v2\/product"}],"about":[{"href":"https:\/\/e.kosmolat.eu\/lv\/wp-json\/wp\/v2\/types\/product"}],"wp:featuredmedia":[{"embeddable":true,"href":"https:\/\/e.kosmolat.eu\/lv\/wp-json\/wp\/v2\/media\/106796"}],"wp:attachment":[{"href":"https:\/\/e.kosmolat.eu\/lv\/wp-json\/wp\/v2\/media?parent=106792"}],"wp:term":[{"taxonomy":"product_cat","embeddable":true,"href":"https:\/\/e.kosmolat.eu\/lv\/wp-json\/wp\/v2\/product_cat?post=106792"},{"taxonomy":"product_tag","embeddable":true,"href":"https:\/\/e.kosmolat.eu\/lv\/wp-json\/wp\/v2\/product_tag?post=106792"}],"curies":[{"name":"wp","href":"https:\/\/api.w.org\/{rel}","templated":true}]}}