{"id":106788,"date":"2026-04-09T17:44:38","date_gmt":"2026-04-09T17:44:38","guid":{"rendered":"https:\/\/e.kosmolat.eu\/product\/hes-power-kalkakmens-un-rusas-nonemejs-1000-ml\/"},"modified":"2026-04-24T06:01:39","modified_gmt":"2026-04-24T06:01:39","slug":"hes-power-kalkakmens-un-rusas-nonemejs-1000-ml","status":"publish","type":"product","link":"https:\/\/e.kosmolat.eu\/lv\/product\/hes-power-kalkakmens-un-rusas-nonemejs-1000-ml\/","title":{"rendered":"Hes Power Ka\u013c\u0137akmens un r\u016bsas no\u0146\u0113m\u0113js, 1000 ml"},"content":{"rendered":"<p>&bdquo;Hes Power&ldquo; ir t\u012br\u012b&scaron;anas l\u012bdzeklis ciet\u0101m virsm\u0101m, kas no\u0146em ka\u013c\u0137akmeni un r\u016bsas.<\/p>\n<p><strong>Lieto&scaron;anas vietas:<\/strong><\/p>\n<p>&Scaron;is produkts efekt\u012bvi darbojas uz vannas istabas virsm\u0101m (izlietne, fl\u012bzes un keramika, tualetes pods, vanna, du&scaron;as kab\u012bnes stikls, vannas istabas furnit\u016bra, du&scaron;as galva utt.), stikla, plastmasas virsm\u0101m, hroma un ner\u016bs\u0113jo&scaron;\u0101 t\u0113rauda sakaus\u0113juma virsm\u0101m.<\/p>\n<p><strong>Nav piem\u0113rots:<\/strong><\/p>\n<p>Sk\u0101b\u0113m jut\u012bg\u0101m virsm\u0101m, piem\u0113ram, emaljai, marmoram un dab\u012bgajam akmenim.<\/p>\n<p><strong>Lieto&scaron;ana:<\/strong><\/p>\n<p>&bull; Uzsmidziniet produktu uz virsmas<\/p>\n<p>&bull; Pagaidiet \u012bsu br\u012bdi, lai tas iedarbotos<\/p>\n<p>&bull; Not\u012briet un noskalojiet ar dr\u0101nu, s\u016bkli vai suku<\/p>\n<p>&bull; Lai ieg\u016btu spo\u017e\u0101kus rezult\u0101tus, p\u0113c noskalo&scaron;anas noslaukiet virsmu ar sausu dr\u0101nu<\/p>\n<p>&bull; Pirms lieto&scaron;anas p\u0101rbaudiet sader\u012bbu uz neliela, pasl\u0113pta laukuma<\/p>\n<p>&bull; Nelietojiet produktu uz virsmas ilgsto&scaron;i<\/p>\n<p>Sast\u0101v\u0101: maz\u0101k par 5 % anjonu virsmakt\u012bvo vielu, maz\u0101k par 5 % met\u0101nsulfonsk\u0101bes, maz\u0101k par 5 % nejonu virsmakt\u012bvo vielu. Smar\u017eas un arom\u0101tisk\u0101s kompoz\u012bcijas.<\/p>\n<p><strong>GHS07<\/strong><\/p>\n<p><strong>Uzman\u012bbu<\/strong><\/p>\n<p><strong>H315 <\/strong>Kairina \u0101du<\/p>\n<p><strong>H319 <\/strong>Izraisa nopietnu acu kairin\u0101jumu.<\/p>\n<p><strong>H412<\/strong> Kait\u012bgs \u016bdens organismiem ar ilgsto&scaron;\u0101m sek\u0101m.<\/p>\n<p>Dro&scaron;\u012bbas pras\u012bbu apz\u012bm\u0113jumi:<\/p>\n<p>P101 Medic\u012bniska padoma nepiecie&scaron;am\u012bbas gad\u012bjum\u0101 attiec\u012bg\u0101 inform\u0101cija ir nor\u0101d\u012bta uz iepakojuma vai eti\u0137etes.&nbsp;&nbsp;&nbsp;&nbsp;&nbsp;&nbsp;&nbsp;&nbsp;&nbsp;&nbsp;&nbsp;&nbsp;&nbsp;&nbsp;&nbsp;&nbsp;&nbsp;&nbsp;&nbsp;&nbsp;&nbsp;&nbsp;&nbsp;&nbsp;&nbsp;&nbsp;&nbsp;&nbsp;&nbsp;&nbsp;&nbsp; &nbsp;&nbsp;&nbsp;&nbsp;&nbsp;&nbsp;&nbsp;&nbsp;&nbsp;&nbsp;&nbsp;&nbsp;&nbsp;&nbsp;&nbsp;&nbsp;&nbsp;&nbsp;&nbsp;&nbsp;&nbsp;&nbsp;&nbsp;&nbsp;P102 Sarg\u0101t no b\u0113rniem.<\/p>\n<p>P103 Pirms izmanto&scaron;anas izlas\u012bt eti\u0137eti.<\/p>\n<p>P264 P\u0113c izmanto&scaron;anas rokas k\u0101rt\u012bgi nomazg\u0101t.<\/p>\n<p>P273 Izvair\u012bties no izplat\u012b&scaron;anas apk\u0101rt\u0113j\u0101 vid\u0113.<\/p>\n<p>P280 Izmantot aizsargcimdus\/acu aizsargus\/sejas aizsargus.<\/p>\n<p>P305+P351+P338 SASKAR\u0112 AR AC\u012aM: Uzman\u012bgi izskalot ar \u016bdeni vair\u0101kas min\u016btes. Iz\u0146emt kontaktl\u0113cas, ja t\u0101s ir ievietotas un ja to var vienk\u0101r&scaron;i izdar\u012bt. Turpin\u0101t skalot.<\/p>\n<p>P337+P313 Ja acu iekaisums nep\u0101riet: l\u016bdziet medi\u0137u pal\u012bdz\u012bbu.<\/p>\n<p>P302+P352 SASKAR\u0112 AR \u0100DU: nomazg\u0101t ar \u016bdens daudzumu.&nbsp;&nbsp;<\/p>\n<p>P332+P313 Ja rodas \u0101das iekaisums: l\u016bdziet medi\u0137u pal\u012bdz\u012bbu.<\/p>\n<p>P321 \u012apa&scaron;a medic\u012bnisk\u0101 pal\u012bdz\u012bba (saskares vietas nomazg\u0101t ar \u016bdeni).<\/p>\n<p>P501 Atbr\u012bvoties no satura\/tvertnes\/iepakojuma saska\u0146\u0101 ar valsts noteikumiem.<\/p>\n","protected":false},"excerpt":{"rendered":"<p>&bdquo;Hes Power&ldquo; ir t\u012br\u012b&scaron;anas l\u012bdzeklis ciet\u0101m virsm\u0101m, kas no\u0146em ka\u013c\u0137akmeni un r\u016bsas. Lieto&scaron;anas vietas: &Scaron;is produkts efekt\u012bvi darbojas uz vannas istabas virsm\u0101m (izlietne, fl\u012bzes un keramika, tualetes pods, vanna, du&scaron;as kab\u012bnes stikls, vannas istabas furnit\u016bra, du&scaron;as galva utt.), stikla, plastmasas virsm\u0101m, hroma un ner\u016bs\u0113jo&scaron;\u0101 t\u0113rauda sakaus\u0113juma virsm\u0101m. Nav piem\u0113rots: Sk\u0101b\u0113m jut\u012bg\u0101m virsm\u0101m, piem\u0113ram, emaljai, marmoram [&#8230;]\n","protected":false},"featured_media":0,"template":"","meta":[],"product_cat":[1726],"product_tag":[],"class_list":{"0":"post-106788","1":"product","2":"type-product","3":"status-publish","5":"product_brand-hes-tr","6":"product_cat-tirisanas-piederumi-un-preces-majai","8":"first","9":"instock","10":"taxable","11":"shipping-taxable","12":"product-type-simple"},"_links":{"self":[{"href":"https:\/\/e.kosmolat.eu\/lv\/wp-json\/wp\/v2\/product\/106788","targetHints":{"allow":["GET"]}}],"collection":[{"href":"https:\/\/e.kosmolat.eu\/lv\/wp-json\/wp\/v2\/product"}],"about":[{"href":"https:\/\/e.kosmolat.eu\/lv\/wp-json\/wp\/v2\/types\/product"}],"wp:attachment":[{"href":"https:\/\/e.kosmolat.eu\/lv\/wp-json\/wp\/v2\/media?parent=106788"}],"wp:term":[{"taxonomy":"product_cat","embeddable":true,"href":"https:\/\/e.kosmolat.eu\/lv\/wp-json\/wp\/v2\/product_cat?post=106788"},{"taxonomy":"product_tag","embeddable":true,"href":"https:\/\/e.kosmolat.eu\/lv\/wp-json\/wp\/v2\/product_tag?post=106788"}],"curies":[{"name":"wp","href":"https:\/\/api.w.org\/{rel}","templated":true}]}}