{"id":106784,"date":"2026-04-09T17:44:22","date_gmt":"2026-04-09T17:44:22","guid":{"rendered":"https:\/\/e.kosmolat.eu\/product\/revers-hemp-seed-oil-skropstu-tusa-bordo-10-ml\/"},"modified":"2026-04-09T17:44:33","modified_gmt":"2026-04-09T17:44:33","slug":"revers-hemp-seed-oil-skropstu-tusa-bordo-10-ml","status":"publish","type":"product","link":"https:\/\/e.kosmolat.eu\/lv\/product\/revers-hemp-seed-oil-skropstu-tusa-bordo-10-ml\/","title":{"rendered":"Revers Hemp Seed Oil skropstu tu\u0161a, Bordo, 10 ml"},"content":{"rendered":"<p>Revers Syliacie skropstu tu\u0161a ar ka\u0146epju s\u0113klu e\u013c\u013cu un CBD, kas pie\u0161\u0137ir garumu un apjomu, elegant\u0101 tum\u0161i bordo kr\u0101s\u0101 apvieno m\u016bsu visvair\u0101k p\u0101rdot\u0101s skropstu tu\u0161as ar ka\u0146epju s\u0113klu e\u013c\u013cu un CBD nep\u0101rsp\u0113jamo formulu ar rado\u0161o sadarb\u012bbu ar influenceri Syliacie, kas rad\u012bta, lai skropstas izskat\u012btos dabiskas, bet vienlaikus ar\u012b kr\u0101\u0161\u0146as. Ar ka\u0146epju e\u013c\u013cu, kerat\u012bnu un E vitam\u012bnu bag\u0101tin\u0101ta formula intens\u012bvi mitrina un baro skropstas, stiprinot t\u0101s ar katru lieto\u0161anas reizi. T\u0101 atjauno trauslos mati\u0146us, nov\u0113r\u0161ot to sausumu.<\/p>\n<p>Dab\u012bg\u0101 ka\u0146epju e\u013c\u013ca<br \/>\nIeg\u016bta no Cannabis sativa s\u0113kl\u0101m, tai piem\u012bt sp\u0113c\u012bgas kopjo\u0161as, re\u0123ener\u0113jo\u0161as un aizsarg\u0101jo\u0161as \u012bpa\u0161\u012bbas. Gandr\u012bz 80 % no ka\u0146epju e\u013c\u013cas sast\u0101vda\u013c\u0101m ir neaizvietojam\u0101s tauksk\u0101bes, galvenok\u0101rt omega-3 un omega-6 tauksk\u0101bes attiec\u012bb\u0101 1:3. Ka\u0146epju s\u0113klu e\u013c\u013ca ir ar\u012b v\u0113rt\u012bgs taukos \u0161\u0137\u012bsto\u0161o vitam\u012bnu (A, E, D, K) avots, k\u0101 ar\u012b tauksk\u0101bju ar zemu pies\u0101tin\u0101juma pak\u0101pi, aminosk\u0101bju un miner\u0101lvielu avots.<\/p>\n","protected":false},"excerpt":{"rendered":"<p>Revers Syliacie skropstu tu\u0161a ar ka\u0146epju s\u0113klu e\u013c\u013cu un CBD, kas pie\u0161\u0137ir garumu un apjomu, elegant\u0101 tum\u0161i bordo kr\u0101s\u0101 apvieno m\u016bsu visvair\u0101k p\u0101rdot\u0101s skropstu tu\u0161as ar ka\u0146epju s\u0113klu e\u013c\u013cu un CBD nep\u0101rsp\u0113jamo formulu ar rado\u0161o sadarb\u012bbu ar influenceri Syliacie, kas rad\u012bta, lai skropstas izskat\u012btos dabiskas, bet vienlaikus ar\u012b kr\u0101\u0161\u0146as. Ar ka\u0146epju e\u013c\u013cu, kerat\u012bnu un E [&#8230;]\n","protected":false},"featured_media":0,"template":"","meta":[],"product_cat":[1249],"product_tag":[],"class_list":{"0":"post-106784","1":"product","2":"type-product","3":"status-publish","5":"product_brand-revers-cosmetics_pl","6":"product_cat-new","8":"first","9":"instock","10":"taxable","11":"shipping-taxable","12":"product-type-simple"},"_links":{"self":[{"href":"https:\/\/e.kosmolat.eu\/lv\/wp-json\/wp\/v2\/product\/106784","targetHints":{"allow":["GET"]}}],"collection":[{"href":"https:\/\/e.kosmolat.eu\/lv\/wp-json\/wp\/v2\/product"}],"about":[{"href":"https:\/\/e.kosmolat.eu\/lv\/wp-json\/wp\/v2\/types\/product"}],"wp:attachment":[{"href":"https:\/\/e.kosmolat.eu\/lv\/wp-json\/wp\/v2\/media?parent=106784"}],"wp:term":[{"taxonomy":"product_cat","embeddable":true,"href":"https:\/\/e.kosmolat.eu\/lv\/wp-json\/wp\/v2\/product_cat?post=106784"},{"taxonomy":"product_tag","embeddable":true,"href":"https:\/\/e.kosmolat.eu\/lv\/wp-json\/wp\/v2\/product_tag?post=106784"}],"curies":[{"name":"wp","href":"https:\/\/api.w.org\/{rel}","templated":true}]}}