{"id":106776,"date":"2026-04-09T17:43:48","date_gmt":"2026-04-09T17:43:48","guid":{"rendered":"https:\/\/e.kosmolat.eu\/product\/hes-soda-ziepes-un-soda-500-g\/"},"modified":"2026-04-24T05:52:09","modified_gmt":"2026-04-24T05:52:09","slug":"hes-soda-ziepes-un-soda-500-g","status":"publish","type":"product","link":"https:\/\/e.kosmolat.eu\/lv\/product\/hes-soda-ziepes-un-soda-500-g\/","title":{"rendered":"Hes Soda Ziepes un soda, 500 g"},"content":{"rendered":"<p><strong>HES Soda &ndash; sodas pulveris ar optisko efektu mazg\u0101&scaron;anai ar rok\u0101m un autom\u0101tiskaj\u0101 ve\u013cas ma&scaron;\u012bn\u0101<\/strong><\/p>\n<p>&bull; Ziepju arom\u0101ts<\/p>\n<p>&bull; Spilgtas kr\u0101sas<\/p>\n<p>&bull; Spilgti balti to\u0146i<\/p>\n<p>&bull; Formula, kas nov\u0113r&scaron; ka\u013c\u0137a nogulsn\u0113&scaron;anos<\/p>\n<p><strong>Lieto&scaron;ana:<\/strong><\/p>\n<p>HES Soda vienm\u0113r j\u0101iejauc mazg\u0101&scaron;anas l\u012bdzekl\u012b vien\u0101d\u0101 daudzum\u0101.<\/p>\n<p><strong>Ieteicamais daudzums:<\/strong><\/p>\n<p><strong>&bull; M\u012bksts \u016bdens<\/strong>: 1\/4 gl\u0101zes<\/p>\n<p>&bull; <strong>Cietais \u016bdens:<\/strong> 1\/2 gl\u0101zes<\/p>\n<p>Sast\u0101v\u0101: 30 % un vair\u0101k n\u0101trija karbon\u0101tu, maz\u0101k par 5 % ziepju. Smar\u017eas un arom\u0101tisk\u0101s kompoz\u012bcijas.<\/p>\n<p><strong>GHS07<\/strong><\/p>\n<p><strong>Uzman\u012bbu<\/strong><\/p>\n<p><strong>H319 <\/strong>Izraisa nopietnu acu kairin\u0101jumu.<\/p>\n<p>Dro&scaron;\u012bbas pras\u012bbu apz\u012bm\u0113jumi:<\/p>\n<p>P102 Sarg\u0101t no b\u0113rniem.<\/p>\n<p>P103 Pirms izmanto&scaron;anas izlas\u012bt eti\u0137eti.<\/p>\n<p>P264 P\u0113c izmanto&scaron;anas rokas k\u0101rt\u012bgi nomazg\u0101t.<\/p>\n<p>P280 Izmantot acu aizsargus.<\/p>\n<p>P305+P351+P338 SASKAR\u0112 AR AC\u012aM: Uzman\u012bgi izskalot ar \u016bdeni vair\u0101kas min\u016btes. Iz\u0146emt kontaktl\u0113cas, ja t\u0101s ir ievietotas un ja to var vienk\u0101r&scaron;i izdar\u012bt. Turpin\u0101t skalot.<\/p>\n<p>P337+P313 Ja acu iekaisums nep\u0101riet: l\u016bdziet medi\u0137u pal\u012bdz\u012bbu.<\/p>\n","protected":false},"excerpt":{"rendered":"<p>HES Soda &ndash; sodas pulveris ar optisko efektu mazg\u0101&scaron;anai ar rok\u0101m un autom\u0101tiskaj\u0101 ve\u013cas ma&scaron;\u012bn\u0101 &bull; Ziepju arom\u0101ts &bull; Spilgtas kr\u0101sas &bull; Spilgti balti to\u0146i &bull; Formula, kas nov\u0113r&scaron; ka\u013c\u0137a nogulsn\u0113&scaron;anos Lieto&scaron;ana: HES Soda vienm\u0113r j\u0101iejauc mazg\u0101&scaron;anas l\u012bdzekl\u012b vien\u0101d\u0101 daudzum\u0101. Ieteicamais daudzums: &bull; M\u012bksts \u016bdens: 1\/4 gl\u0101zes &bull; Cietais \u016bdens: 1\/2 gl\u0101zes Sast\u0101v\u0101: 30 % [&#8230;]\n","protected":false},"featured_media":0,"template":"","meta":[],"product_cat":[1481],"product_tag":[],"class_list":{"0":"post-106776","1":"product","2":"type-product","3":"status-publish","5":"product_brand-hes-tr","6":"product_cat-velas-mazgasanas-lidzekli","8":"first","9":"instock","10":"taxable","11":"shipping-taxable","12":"product-type-simple"},"_links":{"self":[{"href":"https:\/\/e.kosmolat.eu\/lv\/wp-json\/wp\/v2\/product\/106776","targetHints":{"allow":["GET"]}}],"collection":[{"href":"https:\/\/e.kosmolat.eu\/lv\/wp-json\/wp\/v2\/product"}],"about":[{"href":"https:\/\/e.kosmolat.eu\/lv\/wp-json\/wp\/v2\/types\/product"}],"wp:attachment":[{"href":"https:\/\/e.kosmolat.eu\/lv\/wp-json\/wp\/v2\/media?parent=106776"}],"wp:term":[{"taxonomy":"product_cat","embeddable":true,"href":"https:\/\/e.kosmolat.eu\/lv\/wp-json\/wp\/v2\/product_cat?post=106776"},{"taxonomy":"product_tag","embeddable":true,"href":"https:\/\/e.kosmolat.eu\/lv\/wp-json\/wp\/v2\/product_tag?post=106776"}],"curies":[{"name":"wp","href":"https:\/\/api.w.org\/{rel}","templated":true}]}}