{"id":106744,"date":"2026-04-09T17:41:53","date_gmt":"2026-04-09T17:41:53","guid":{"rendered":"https:\/\/e.kosmolat.eu\/product\/mysecret-ikdienas-ieliktnisi-20-gab\/"},"modified":"2026-04-10T13:36:14","modified_gmt":"2026-04-10T13:36:14","slug":"mysecret-ikdienas-ieliktnisi-20-gab","status":"publish","type":"product","link":"https:\/\/e.kosmolat.eu\/lv\/product\/mysecret-ikdienas-ieliktnisi-20-gab\/","title":{"rendered":"MySecret ikdienas ieliktn\u012b\u0161i, 20 gab."},"content":{"rendered":"<p>Sievie\u0161u ikdienas higi\u0113nisk\u0101s ieliktnes bez smar\u017eas. Uzglab\u0101t saus\u0101 viet\u0101.<\/p>\n<p>Sast\u0101vs: celuloze, neausts tekstilmateri\u0101ls, polietil\u0113ns, silikona pap\u012brs, l\u012bme.<\/p>\n","protected":false},"excerpt":{"rendered":"<p>Sievie\u0161u ikdienas higi\u0113nisk\u0101s ieliktnes bez smar\u017eas. Uzglab\u0101t saus\u0101 viet\u0101. Sast\u0101vs: celuloze, neausts tekstilmateri\u0101ls, polietil\u0113ns, silikona pap\u012brs, l\u012bme.<\/p>\n","protected":false},"featured_media":106748,"template":"","meta":[],"product_cat":[1813],"product_tag":[],"class_list":{"0":"post-106744","1":"product","2":"type-product","3":"status-publish","4":"has-post-thumbnail","6":"product_brand-my-secret","7":"product_cat-higienas-paketes-un-tamponi","9":"first","10":"instock","11":"taxable","12":"shipping-taxable","13":"product-type-simple"},"_links":{"self":[{"href":"https:\/\/e.kosmolat.eu\/lv\/wp-json\/wp\/v2\/product\/106744","targetHints":{"allow":["GET"]}}],"collection":[{"href":"https:\/\/e.kosmolat.eu\/lv\/wp-json\/wp\/v2\/product"}],"about":[{"href":"https:\/\/e.kosmolat.eu\/lv\/wp-json\/wp\/v2\/types\/product"}],"wp:featuredmedia":[{"embeddable":true,"href":"https:\/\/e.kosmolat.eu\/lv\/wp-json\/wp\/v2\/media\/106748"}],"wp:attachment":[{"href":"https:\/\/e.kosmolat.eu\/lv\/wp-json\/wp\/v2\/media?parent=106744"}],"wp:term":[{"taxonomy":"product_cat","embeddable":true,"href":"https:\/\/e.kosmolat.eu\/lv\/wp-json\/wp\/v2\/product_cat?post=106744"},{"taxonomy":"product_tag","embeddable":true,"href":"https:\/\/e.kosmolat.eu\/lv\/wp-json\/wp\/v2\/product_tag?post=106744"}],"curies":[{"name":"wp","href":"https:\/\/api.w.org\/{rel}","templated":true}]}}