{"id":106712,"date":"2026-04-09T17:40:39","date_gmt":"2026-04-09T17:40:39","guid":{"rendered":"https:\/\/e.kosmolat.eu\/product\/mysecret-hig-paketes-drysilk-8-gab\/"},"modified":"2026-04-10T13:35:16","modified_gmt":"2026-04-10T13:35:16","slug":"mysecret-hig-paketes-drysilk-8-gab","status":"publish","type":"product","link":"https:\/\/e.kosmolat.eu\/lv\/product\/mysecret-hig-paketes-drysilk-8-gab\/","title":{"rendered":"MySecret hig.paketes Drysilk, 8 gab."},"content":{"rendered":"<p>Nakts higi\u0113nisk\u0101s paketes. Nepaman\u0101mas, pl\u0101nas un m\u012bkstas. To virsmas sl\u0101nis PERFOSILK, kur\u0101 ir t\u016bksto\u0161iem s\u012bku poru, novirza \u0161\u0137idrumu uz paketes iek\u0161pusi.<\/p>\n<p>Sast\u0101vs: celuloze, superabsorbents, neausts materi\u0101ls, polietil\u0113na pl\u0113ve, silikona pap\u012brs, l\u012bme.<\/p>\n","protected":false},"excerpt":{"rendered":"<p>Nakts higi\u0113nisk\u0101s paketes. Nepaman\u0101mas, pl\u0101nas un m\u012bkstas. To virsmas sl\u0101nis PERFOSILK, kur\u0101 ir t\u016bksto\u0161iem s\u012bku poru, novirza \u0161\u0137idrumu uz paketes iek\u0161pusi. Sast\u0101vs: celuloze, superabsorbents, neausts materi\u0101ls, polietil\u0113na pl\u0113ve, silikona pap\u012brs, l\u012bme.<\/p>\n","protected":false},"featured_media":106716,"template":"","meta":[],"product_cat":[1813],"product_tag":[],"class_list":{"0":"post-106712","1":"product","2":"type-product","3":"status-publish","4":"has-post-thumbnail","6":"product_brand-my-secret","7":"product_cat-higienas-paketes-un-tamponi","9":"first","10":"instock","11":"taxable","12":"shipping-taxable","13":"product-type-simple"},"_links":{"self":[{"href":"https:\/\/e.kosmolat.eu\/lv\/wp-json\/wp\/v2\/product\/106712","targetHints":{"allow":["GET"]}}],"collection":[{"href":"https:\/\/e.kosmolat.eu\/lv\/wp-json\/wp\/v2\/product"}],"about":[{"href":"https:\/\/e.kosmolat.eu\/lv\/wp-json\/wp\/v2\/types\/product"}],"wp:featuredmedia":[{"embeddable":true,"href":"https:\/\/e.kosmolat.eu\/lv\/wp-json\/wp\/v2\/media\/106716"}],"wp:attachment":[{"href":"https:\/\/e.kosmolat.eu\/lv\/wp-json\/wp\/v2\/media?parent=106712"}],"wp:term":[{"taxonomy":"product_cat","embeddable":true,"href":"https:\/\/e.kosmolat.eu\/lv\/wp-json\/wp\/v2\/product_cat?post=106712"},{"taxonomy":"product_tag","embeddable":true,"href":"https:\/\/e.kosmolat.eu\/lv\/wp-json\/wp\/v2\/product_tag?post=106712"}],"curies":[{"name":"wp","href":"https:\/\/api.w.org\/{rel}","templated":true}]}}