{"id":106704,"date":"2026-04-09T17:40:20","date_gmt":"2026-04-09T17:40:20","guid":{"rendered":"https:\/\/e.kosmolat.eu\/product\/mysecret-hig-paketes-sensitive-8-gab\/"},"modified":"2026-04-10T13:34:59","modified_gmt":"2026-04-10T13:34:59","slug":"mysecret-hig-paketes-sensitive-8-gab","status":"publish","type":"product","link":"https:\/\/e.kosmolat.eu\/lv\/product\/mysecret-hig-paketes-sensitive-8-gab\/","title":{"rendered":"MySecret hig.paketes Sensitive, 8 gab."},"content":{"rendered":"<p>Nakts higi\u0113nisk\u0101s paketes. Nepaman\u0101mas, pl\u0101nas un m\u012bkstas. Virsmas sl\u0101nis SENSITIVE PRECISION ir tikpat m\u012bksts k\u0101 kokvilna, tas ir rad\u012bts \u012bpa\u0161i jut\u012bgai \u0101dai un neizraisa aler\u0123ijas.<\/p>\n<p>Sast\u0101vs: celuloze, superabsorbents, neausts materi\u0101ls, polietil\u0113na pl\u0113ve, silikona pap\u012brs, l\u012bme.<\/p>\n","protected":false},"excerpt":{"rendered":"<p>Nakts higi\u0113nisk\u0101s paketes. Nepaman\u0101mas, pl\u0101nas un m\u012bkstas. Virsmas sl\u0101nis SENSITIVE PRECISION ir tikpat m\u012bksts k\u0101 kokvilna, tas ir rad\u012bts \u012bpa\u0161i jut\u012bgai \u0101dai un neizraisa aler\u0123ijas. Sast\u0101vs: celuloze, superabsorbents, neausts materi\u0101ls, polietil\u0113na pl\u0113ve, silikona pap\u012brs, l\u012bme.<\/p>\n","protected":false},"featured_media":106708,"template":"","meta":[],"product_cat":[1813],"product_tag":[],"class_list":{"0":"post-106704","1":"product","2":"type-product","3":"status-publish","4":"has-post-thumbnail","6":"product_brand-my-secret","7":"product_cat-higienas-paketes-un-tamponi","9":"first","10":"instock","11":"taxable","12":"shipping-taxable","13":"product-type-simple"},"_links":{"self":[{"href":"https:\/\/e.kosmolat.eu\/lv\/wp-json\/wp\/v2\/product\/106704","targetHints":{"allow":["GET"]}}],"collection":[{"href":"https:\/\/e.kosmolat.eu\/lv\/wp-json\/wp\/v2\/product"}],"about":[{"href":"https:\/\/e.kosmolat.eu\/lv\/wp-json\/wp\/v2\/types\/product"}],"wp:featuredmedia":[{"embeddable":true,"href":"https:\/\/e.kosmolat.eu\/lv\/wp-json\/wp\/v2\/media\/106708"}],"wp:attachment":[{"href":"https:\/\/e.kosmolat.eu\/lv\/wp-json\/wp\/v2\/media?parent=106704"}],"wp:term":[{"taxonomy":"product_cat","embeddable":true,"href":"https:\/\/e.kosmolat.eu\/lv\/wp-json\/wp\/v2\/product_cat?post=106704"},{"taxonomy":"product_tag","embeddable":true,"href":"https:\/\/e.kosmolat.eu\/lv\/wp-json\/wp\/v2\/product_tag?post=106704"}],"curies":[{"name":"wp","href":"https:\/\/api.w.org\/{rel}","templated":true}]}}