{"id":106692,"date":"2026-04-09T17:39:42","date_gmt":"2026-04-09T17:39:42","guid":{"rendered":"https:\/\/e.kosmolat.eu\/product\/revers-06-jelly-ice-gloss-up-lupu-spidums-5-ml\/"},"modified":"2026-04-09T17:47:45","modified_gmt":"2026-04-09T17:47:45","slug":"revers-06-jelly-ice-gloss-up-lupu-spidums-5-ml","status":"publish","type":"product","link":"https:\/\/e.kosmolat.eu\/lv\/product\/revers-06-jelly-ice-gloss-up-lupu-spidums-5-ml\/","title":{"rendered":"Revers 06 Jelly Ice Gloss Up! L\u016bpu sp\u012bdums, 5 ml"},"content":{"rendered":"<p>L\u016bpu sp\u012bdums \u201eGloss Up!\u201d nodro\u0161ina intens\u012bvu sp\u012bdumu ar izteiksm\u012bgu, daudzdimension\u0101lu mirdzumu. Kolekcij\u0101 \u201eGloss Up!\u201d ir apkopota izlase no vismod\u012bg\u0101kajiem to\u0146iem.<\/p>\n<p>Lieto\u0161ana: Uzkl\u0101jiet vienm\u0113r\u012bgi uz vis\u0101m l\u016bp\u0101m vai uzkl\u0101jiet nelielu daudzumu l\u016bpu vid\u016b, lai pan\u0101ktu piln\u012bg\u0101ku un apjom\u012bg\u0101ku efektu. Lietojiet atsevi\u0161\u0137i vai uzkl\u0101jiet virs l\u016bpu kr\u0101sas, lai pabeigtu l\u016bpu grimu.<\/p>\n","protected":false},"excerpt":{"rendered":"<p>L\u016bpu sp\u012bdums \u201eGloss Up!\u201d nodro\u0161ina intens\u012bvu sp\u012bdumu ar izteiksm\u012bgu, daudzdimension\u0101lu mirdzumu. Kolekcij\u0101 \u201eGloss Up!\u201d ir apkopota izlase no vismod\u012bg\u0101kajiem to\u0146iem. Lieto\u0161ana: Uzkl\u0101jiet vienm\u0113r\u012bgi uz vis\u0101m l\u016bp\u0101m vai uzkl\u0101jiet nelielu daudzumu l\u016bpu vid\u016b, lai pan\u0101ktu piln\u012bg\u0101ku un apjom\u012bg\u0101ku efektu. Lietojiet atsevi\u0161\u0137i vai uzkl\u0101jiet virs l\u016bpu kr\u0101sas, lai pabeigtu l\u016bpu grimu.<\/p>\n","protected":false},"featured_media":0,"template":"","meta":[],"product_cat":[1249],"product_tag":[],"class_list":{"0":"post-106692","1":"product","2":"type-product","3":"status-publish","5":"product_brand-revers-cosmetics_pl","6":"product_cat-new","8":"first","9":"instock","10":"taxable","11":"shipping-taxable","12":"product-type-simple"},"_links":{"self":[{"href":"https:\/\/e.kosmolat.eu\/lv\/wp-json\/wp\/v2\/product\/106692","targetHints":{"allow":["GET"]}}],"collection":[{"href":"https:\/\/e.kosmolat.eu\/lv\/wp-json\/wp\/v2\/product"}],"about":[{"href":"https:\/\/e.kosmolat.eu\/lv\/wp-json\/wp\/v2\/types\/product"}],"wp:attachment":[{"href":"https:\/\/e.kosmolat.eu\/lv\/wp-json\/wp\/v2\/media?parent=106692"}],"wp:term":[{"taxonomy":"product_cat","embeddable":true,"href":"https:\/\/e.kosmolat.eu\/lv\/wp-json\/wp\/v2\/product_cat?post=106692"},{"taxonomy":"product_tag","embeddable":true,"href":"https:\/\/e.kosmolat.eu\/lv\/wp-json\/wp\/v2\/product_tag?post=106692"}],"curies":[{"name":"wp","href":"https:\/\/api.w.org\/{rel}","templated":true}]}}