{"id":106688,"date":"2026-04-09T17:39:27","date_gmt":"2026-04-09T17:39:27","guid":{"rendered":"https:\/\/e.kosmolat.eu\/product\/revers-graphic-eye-acu-zimulis-ar-sukli-15-g\/"},"modified":"2026-04-09T17:39:37","modified_gmt":"2026-04-09T17:39:37","slug":"revers-graphic-eye-acu-zimulis-ar-sukli-15-g","status":"publish","type":"product","link":"https:\/\/e.kosmolat.eu\/lv\/product\/revers-graphic-eye-acu-zimulis-ar-sukli-15-g\/","title":{"rendered":"Revers Graphic Eye Acu z\u012bmulis ar s\u016bkli, 1,5 g"},"content":{"rendered":"<p>M\u012bksts un iztur\u012bgs acu z\u012bmulis, kas \u013cauj prec\u012bzi izveidot l\u012bnijas un rad\u012bt \u201esmoky eye\u201c efektu.<\/p>\n","protected":false},"excerpt":{"rendered":"<p>M\u012bksts un iztur\u012bgs acu z\u012bmulis, kas \u013cauj prec\u012bzi izveidot l\u012bnijas un rad\u012bt \u201esmoky eye\u201c efektu.<\/p>\n","protected":false},"featured_media":0,"template":"","meta":[],"product_cat":[1249],"product_tag":[],"class_list":{"0":"post-106688","1":"product","2":"type-product","3":"status-publish","5":"product_brand-revers-cosmetics_pl","6":"product_cat-new","8":"first","9":"instock","10":"taxable","11":"shipping-taxable","12":"product-type-simple"},"_links":{"self":[{"href":"https:\/\/e.kosmolat.eu\/lv\/wp-json\/wp\/v2\/product\/106688","targetHints":{"allow":["GET"]}}],"collection":[{"href":"https:\/\/e.kosmolat.eu\/lv\/wp-json\/wp\/v2\/product"}],"about":[{"href":"https:\/\/e.kosmolat.eu\/lv\/wp-json\/wp\/v2\/types\/product"}],"wp:attachment":[{"href":"https:\/\/e.kosmolat.eu\/lv\/wp-json\/wp\/v2\/media?parent=106688"}],"wp:term":[{"taxonomy":"product_cat","embeddable":true,"href":"https:\/\/e.kosmolat.eu\/lv\/wp-json\/wp\/v2\/product_cat?post=106688"},{"taxonomy":"product_tag","embeddable":true,"href":"https:\/\/e.kosmolat.eu\/lv\/wp-json\/wp\/v2\/product_tag?post=106688"}],"curies":[{"name":"wp","href":"https:\/\/api.w.org\/{rel}","templated":true}]}}