{"id":106684,"date":"2026-04-09T17:39:12","date_gmt":"2026-04-09T17:39:12","guid":{"rendered":"https:\/\/e.kosmolat.eu\/product\/revers-my-only-acu-zimulis-ar-asinataju18-g\/"},"modified":"2026-04-09T17:39:22","modified_gmt":"2026-04-09T17:39:22","slug":"revers-my-only-acu-zimulis-ar-asinataju18-g","status":"publish","type":"product","link":"https:\/\/e.kosmolat.eu\/lv\/product\/revers-my-only-acu-zimulis-ar-asinataju18-g\/","title":{"rendered":"Revers My Only acu z\u012bmulis ar asin\u0101t\u0101ju,1,8 g"},"content":{"rendered":"<p>Acu z\u012bmulis ar asin\u0101mo ir ide\u0101ls risin\u0101jums ikvienam, kur\u0161 nov\u0113rt\u0113 precizit\u0101ti un acu grima notur\u012bbu. Pateicoties kr\u0113m\u012bgajai un maigajai formulai, tu viegli izveidosi perfektu l\u012bniju, kas saglab\u0101sies visu dienu.<\/p>\n","protected":false},"excerpt":{"rendered":"<p>Acu z\u012bmulis ar asin\u0101mo ir ide\u0101ls risin\u0101jums ikvienam, kur\u0161 nov\u0113rt\u0113 precizit\u0101ti un acu grima notur\u012bbu. Pateicoties kr\u0113m\u012bgajai un maigajai formulai, tu viegli izveidosi perfektu l\u012bniju, kas saglab\u0101sies visu dienu.<\/p>\n","protected":false},"featured_media":0,"template":"","meta":[],"product_cat":[1249],"product_tag":[],"class_list":{"0":"post-106684","1":"product","2":"type-product","3":"status-publish","5":"product_brand-revers-cosmetics_pl","6":"product_cat-new","8":"first","9":"instock","10":"taxable","11":"shipping-taxable","12":"product-type-simple"},"_links":{"self":[{"href":"https:\/\/e.kosmolat.eu\/lv\/wp-json\/wp\/v2\/product\/106684","targetHints":{"allow":["GET"]}}],"collection":[{"href":"https:\/\/e.kosmolat.eu\/lv\/wp-json\/wp\/v2\/product"}],"about":[{"href":"https:\/\/e.kosmolat.eu\/lv\/wp-json\/wp\/v2\/types\/product"}],"wp:attachment":[{"href":"https:\/\/e.kosmolat.eu\/lv\/wp-json\/wp\/v2\/media?parent=106684"}],"wp:term":[{"taxonomy":"product_cat","embeddable":true,"href":"https:\/\/e.kosmolat.eu\/lv\/wp-json\/wp\/v2\/product_cat?post=106684"},{"taxonomy":"product_tag","embeddable":true,"href":"https:\/\/e.kosmolat.eu\/lv\/wp-json\/wp\/v2\/product_tag?post=106684"}],"curies":[{"name":"wp","href":"https:\/\/api.w.org\/{rel}","templated":true}]}}