{"id":106680,"date":"2026-04-09T17:38:55","date_gmt":"2026-04-09T17:38:55","guid":{"rendered":"https:\/\/e.kosmolat.eu\/product\/revers-unislim-liner-acu-zimulis-2-g\/"},"modified":"2026-04-09T17:39:06","modified_gmt":"2026-04-09T17:39:06","slug":"revers-unislim-liner-acu-zimulis-2-g","status":"publish","type":"product","link":"https:\/\/e.kosmolat.eu\/lv\/product\/revers-unislim-liner-acu-zimulis-2-g\/","title":{"rendered":"Revers Unislim Liner acu z\u012bmulis, 2 g"},"content":{"rendered":"<p>Revers UNISLIM ir augstas precizit\u0101tes acu kont\u016brz\u012bmulis, kas \u013cauj \u0101tri un viegli izveidot perfektu l\u012bniju. Pateicoties intens\u012bvajai, dzi\u013ci melnajai kr\u0101sai un ilgnotur\u012bgajai formulai, j\u016bsuacu grims paliks nevainojams visu dienu, neizsm\u0113r\u0113joties un neizbal\u0113jot.<\/p>\n","protected":false},"excerpt":{"rendered":"<p>Revers UNISLIM ir augstas precizit\u0101tes acu kont\u016brz\u012bmulis, kas \u013cauj \u0101tri un viegli izveidot perfektu l\u012bniju. Pateicoties intens\u012bvajai, dzi\u013ci melnajai kr\u0101sai un ilgnotur\u012bgajai formulai, j\u016bsuacu grims paliks nevainojams visu dienu, neizsm\u0113r\u0113joties un neizbal\u0113jot.<\/p>\n","protected":false},"featured_media":0,"template":"","meta":[],"product_cat":[1249],"product_tag":[],"class_list":{"0":"post-106680","1":"product","2":"type-product","3":"status-publish","5":"product_brand-revers-cosmetics_pl","6":"product_cat-new","8":"first","9":"instock","10":"taxable","11":"shipping-taxable","12":"product-type-simple"},"_links":{"self":[{"href":"https:\/\/e.kosmolat.eu\/lv\/wp-json\/wp\/v2\/product\/106680","targetHints":{"allow":["GET"]}}],"collection":[{"href":"https:\/\/e.kosmolat.eu\/lv\/wp-json\/wp\/v2\/product"}],"about":[{"href":"https:\/\/e.kosmolat.eu\/lv\/wp-json\/wp\/v2\/types\/product"}],"wp:attachment":[{"href":"https:\/\/e.kosmolat.eu\/lv\/wp-json\/wp\/v2\/media?parent=106680"}],"wp:term":[{"taxonomy":"product_cat","embeddable":true,"href":"https:\/\/e.kosmolat.eu\/lv\/wp-json\/wp\/v2\/product_cat?post=106680"},{"taxonomy":"product_tag","embeddable":true,"href":"https:\/\/e.kosmolat.eu\/lv\/wp-json\/wp\/v2\/product_tag?post=106680"}],"curies":[{"name":"wp","href":"https:\/\/api.w.org\/{rel}","templated":true}]}}