{"id":106676,"date":"2026-04-09T17:38:40","date_gmt":"2026-04-09T17:38:40","guid":{"rendered":"https:\/\/e.kosmolat.eu\/product\/revers-smart-liner-acu-zimulis-ar-sukli-18-g\/"},"modified":"2026-04-09T17:38:50","modified_gmt":"2026-04-09T17:38:50","slug":"revers-smart-liner-acu-zimulis-ar-sukli-18-g","status":"publish","type":"product","link":"https:\/\/e.kosmolat.eu\/lv\/product\/revers-smart-liner-acu-zimulis-ar-sukli-18-g\/","title":{"rendered":"Revers Smart Liner acu z\u012bmulis ar s\u016bkli, 1,8 g"},"content":{"rendered":"<p>Smart Liner z\u012bmulis ir univers\u0101ls kosm\u0113tikas l\u012bdzeklis ar maigu, kr\u0113mveida konsistenci, kas nodro\u0161ina prec\u012bzu uzkl\u0101\u0161anu un vieglu izl\u012bdzin\u0101\u0161anu. Integr\u0113t\u0101 s\u016bkl\u012bte \u013cauj rad\u012bt \u201esmoky eyes\u201c efektu, bet prec\u012bzais gali\u0146\u0161 \u013cauj izveidot \u201efoxy eyes\u201c. P\u0113c iz\u017e\u016b\u0161anas z\u012bmulis neizpl\u016bst, un intens\u012bv\u0101, dzi\u013c\u0101 kr\u0101sa izce\u013c skatienu.<\/p>\n","protected":false},"excerpt":{"rendered":"<p>Smart Liner z\u012bmulis ir univers\u0101ls kosm\u0113tikas l\u012bdzeklis ar maigu, kr\u0113mveida konsistenci, kas nodro\u0161ina prec\u012bzu uzkl\u0101\u0161anu un vieglu izl\u012bdzin\u0101\u0161anu. Integr\u0113t\u0101 s\u016bkl\u012bte \u013cauj rad\u012bt \u201esmoky eyes\u201c efektu, bet prec\u012bzais gali\u0146\u0161 \u013cauj izveidot \u201efoxy eyes\u201c. P\u0113c iz\u017e\u016b\u0161anas z\u012bmulis neizpl\u016bst, un intens\u012bv\u0101, dzi\u013c\u0101 kr\u0101sa izce\u013c skatienu.<\/p>\n","protected":false},"featured_media":0,"template":"","meta":[],"product_cat":[1249],"product_tag":[],"class_list":{"0":"post-106676","1":"product","2":"type-product","3":"status-publish","5":"product_brand-revers-cosmetics_pl","6":"product_cat-new","8":"first","9":"instock","10":"taxable","11":"shipping-taxable","12":"product-type-simple"},"_links":{"self":[{"href":"https:\/\/e.kosmolat.eu\/lv\/wp-json\/wp\/v2\/product\/106676","targetHints":{"allow":["GET"]}}],"collection":[{"href":"https:\/\/e.kosmolat.eu\/lv\/wp-json\/wp\/v2\/product"}],"about":[{"href":"https:\/\/e.kosmolat.eu\/lv\/wp-json\/wp\/v2\/types\/product"}],"wp:attachment":[{"href":"https:\/\/e.kosmolat.eu\/lv\/wp-json\/wp\/v2\/media?parent=106676"}],"wp:term":[{"taxonomy":"product_cat","embeddable":true,"href":"https:\/\/e.kosmolat.eu\/lv\/wp-json\/wp\/v2\/product_cat?post=106676"},{"taxonomy":"product_tag","embeddable":true,"href":"https:\/\/e.kosmolat.eu\/lv\/wp-json\/wp\/v2\/product_tag?post=106676"}],"curies":[{"name":"wp","href":"https:\/\/api.w.org\/{rel}","templated":true}]}}